{"id":9957,"date":"2025-03-05T10:23:13","date_gmt":"2025-03-05T10:23:13","guid":{"rendered":"https:\/\/www.rjtc.lv\/?page_id=9957"},"modified":"2025-09-08T08:44:49","modified_gmt":"2025-09-08T08:44:49","slug":"roblox-un-citas-lietas","status":"publish","type":"page","link":"https:\/\/www.rjtc.lv\/?page_id=9957","title":{"rendered":"Roblox un citas lietas"},"content":{"rendered":"\n<p>Skolot\u0101js: <strong>Filips J\u0101nis J\u0113germanis<\/strong><\/p>\n\n\n\n<p>Vai v\u0113lies iem\u0101c\u012bties rad\u012bt savas sp\u0113les Roblox vid\u0113? Tad pievienojies m\u016bsu aizraujo\u0161ajam pulci\u0146am!<\/p>\n\n\n\n<p>Roblox ir popul\u0101ra platforma, kas \u013cauj lietot\u0101jiem veidot, sp\u0113l\u0113t un dal\u012bties sp\u0113l\u0113s. T\u0101 ir \u012bpa\u0161i popul\u0101ra starp jaun\u0101kajiem sp\u0113l\u0113t\u0101jiem un izstr\u0101d\u0101t\u0101jiem, jo t\u0101 pied\u0101v\u0101 \u013coti vieglu piek\u013cuvi sp\u0113\u013cu izstr\u0101dei ar savu ieb\u016bv\u0113to Roblox Studio r\u012bku. Tas \u013cauj izstr\u0101d\u0101t sp\u0113les, kas darbojas tie\u0161i Roblox vid\u0113, un to var izmantot gan ies\u0101c\u0113ji, gan pieredz\u0113ju\u0161i izstr\u0101d\u0101t\u0101ji.<\/p>\n\n\n\n<p>Uz\u0146em dal\u012bbniekus no&nbsp;<strong>7 \u2013 15 gadiem<\/strong><\/p>\n\n\n\n<p>Nodarb\u012bbas notiek<strong>&nbsp;Bauskas iel\u0101 88, 405.kabinet\u0101<\/strong><\/p>\n\n\n\n<figure class=\"wp-block-image size-large\"><a href=\"https:\/\/www.rjtc.lv\/wp-content\/uploads\/2025\/09\/PiekTdienas-1.jpg\"><img loading=\"lazy\" decoding=\"async\" width=\"1024\" height=\"576\" src=\"https:\/\/www.rjtc.lv\/wp-content\/uploads\/2025\/09\/PiekTdienas-1-1024x576.jpg\" alt=\"\" class=\"wp-image-10601\" srcset=\"https:\/\/www.rjtc.lv\/wp-content\/uploads\/2025\/09\/PiekTdienas-1-1024x576.jpg 1024w, https:\/\/www.rjtc.lv\/wp-content\/uploads\/2025\/09\/PiekTdienas-1-300x169.jpg 300w, https:\/\/www.rjtc.lv\/wp-content\/uploads\/2025\/09\/PiekTdienas-1-768x432.jpg 768w, https:\/\/www.rjtc.lv\/wp-content\/uploads\/2025\/09\/PiekTdienas-1-1536x864.jpg 1536w, https:\/\/www.rjtc.lv\/wp-content\/uploads\/2025\/09\/PiekTdienas-1.jpg 1920w\" sizes=\"auto, (max-width: 1024px) 100vw, 1024px\" \/><\/a><\/figure>\n\n\n\n<p>Pieteik\u0161an\u0101s nodarb\u012bb\u0101m \u2013&nbsp;<strong>filips.jegermanis@gmail.com<\/strong><\/p>\n","protected":false},"excerpt":{"rendered":"<p>Skolot\u0101js: Filips J\u0101nis J\u0113germanis Vai v\u0113lies iem\u0101c\u012bties rad\u012bt savas sp\u0113les Roblox vid\u0113? Tad pievienojies m\u016bsu aizraujo\u0161ajam pulci\u0146am! Roblox ir popul\u0101ra platforma, kas \u013cauj lietot\u0101jiem veidot, sp\u0113l\u0113t un dal\u012bties sp\u0113l\u0113s. T\u0101 ir \u012bpa\u0161i popul\u0101ra starp jaun\u0101kajiem sp\u0113l\u0113t\u0101jiem un izstr\u0101d\u0101t\u0101jiem, jo t\u0101 pied\u0101v\u0101 \u013coti vieglu piek\u013cuvi sp\u0113\u013cu izstr\u0101dei ar savu ieb\u016bv\u0113to Roblox Studio r\u012bku. Tas \u013cauj izstr\u0101d\u0101t [&hellip;]<\/p>\n","protected":false},"author":4,"featured_media":10601,"parent":282,"menu_order":0,"comment_status":"closed","ping_status":"closed","template":"","meta":{"ngg_post_thumbnail":0,"footnotes":""},"class_list":["post-9957","page","type-page","status-publish","has-post-thumbnail","hentry"],"_links":{"self":[{"href":"https:\/\/www.rjtc.lv\/index.php?rest_route=\/wp\/v2\/pages\/9957","targetHints":{"allow":["GET"]}}],"collection":[{"href":"https:\/\/www.rjtc.lv\/index.php?rest_route=\/wp\/v2\/pages"}],"about":[{"href":"https:\/\/www.rjtc.lv\/index.php?rest_route=\/wp\/v2\/types\/page"}],"author":[{"embeddable":true,"href":"https:\/\/www.rjtc.lv\/index.php?rest_route=\/wp\/v2\/users\/4"}],"replies":[{"embeddable":true,"href":"https:\/\/www.rjtc.lv\/index.php?rest_route=%2Fwp%2Fv2%2Fcomments&post=9957"}],"version-history":[{"count":0,"href":"https:\/\/www.rjtc.lv\/index.php?rest_route=\/wp\/v2\/pages\/9957\/revisions"}],"up":[{"embeddable":true,"href":"https:\/\/www.rjtc.lv\/index.php?rest_route=\/wp\/v2\/pages\/282"}],"wp:featuredmedia":[{"embeddable":true,"href":"https:\/\/www.rjtc.lv\/index.php?rest_route=\/wp\/v2\/media\/10601"}],"wp:attachment":[{"href":"https:\/\/www.rjtc.lv\/index.php?rest_route=%2Fwp%2Fv2%2Fmedia&parent=9957"}],"curies":[{"name":"wp","href":"https:\/\/api.w.org\/{rel}","templated":true}]}}