{"id":9400,"date":"2024-10-29T08:37:54","date_gmt":"2024-10-29T08:37:54","guid":{"rendered":"https:\/\/www.rjtc.lv\/?page_id=9400"},"modified":"2025-10-08T08:30:06","modified_gmt":"2025-10-08T08:30:06","slug":"steam-pasaules-izzinataji","status":"publish","type":"page","link":"https:\/\/www.rjtc.lv\/?page_id=9400","title":{"rendered":"STEAM pasaules izzin\u0101t\u0101ji"},"content":{"rendered":"\n<p>Skolot\u0101ja:&nbsp;<strong>Evija Vizule<\/strong><\/p>\n\n\n\n<p>Pulci\u0146\u0161 &#8220;STEAM pasaules izzin\u0101t\u0101ji&#8221;<strong> <\/strong>ir ide\u0101la iesp\u0113ja b\u0113rniem izp\u0113t\u012bt STEM (zin\u0101tne, tehnolo\u0123ija, in\u017eenierija un matem\u0101tika) un m\u0101kslas pasauli rado\u0161\u0101, praktisk\u0101 un interakt\u012bv\u0101 veid\u0101. STEAM pieeja apvieno zin\u0101\u0161anas un rado\u0161umu, \u013caujot b\u0113rniem saprast, k\u0101 \u0161ie j\u0113dzieni tiek izmantoti ikdienas dz\u012bv\u0113 un \u013cauj ieg\u016bt praktiskas prasmes da\u017e\u0101d\u0101s jom\u0101s.<\/p>\n\n\n\n<p>Uz\u0146em dal\u012bbniekus no&nbsp;<strong>4 \u2013 6  gadiem<\/strong><\/p>\n\n\n\n<figure class=\"wp-block-image size-large\"><a href=\"https:\/\/www.rjtc.lv\/wp-content\/uploads\/2025\/09\/STEAM-pasaules-izzinataji-1.jpg\"><img loading=\"lazy\" decoding=\"async\" width=\"724\" height=\"1024\" src=\"https:\/\/www.rjtc.lv\/wp-content\/uploads\/2025\/09\/STEAM-pasaules-izzinataji-1-724x1024.jpg\" alt=\"\" class=\"wp-image-10588\" srcset=\"https:\/\/www.rjtc.lv\/wp-content\/uploads\/2025\/09\/STEAM-pasaules-izzinataji-1-724x1024.jpg 724w, https:\/\/www.rjtc.lv\/wp-content\/uploads\/2025\/09\/STEAM-pasaules-izzinataji-1-212x300.jpg 212w, https:\/\/www.rjtc.lv\/wp-content\/uploads\/2025\/09\/STEAM-pasaules-izzinataji-1-768x1086.jpg 768w, https:\/\/www.rjtc.lv\/wp-content\/uploads\/2025\/09\/STEAM-pasaules-izzinataji-1-1086x1536.jpg 1086w, https:\/\/www.rjtc.lv\/wp-content\/uploads\/2025\/09\/STEAM-pasaules-izzinataji-1.jpg 1414w\" sizes=\"auto, (max-width: 724px) 100vw, 724px\" \/><\/a><\/figure>\n\n\n\n<p>Uz\u0146em dal\u012bbniekus no&nbsp;<strong>4 \u20136  gadiem<\/strong><\/p>\n\n\n\n<p>Nodarb\u012bbas notiek<strong>&nbsp;Bauskas iel\u0101 88, 209.kabinet\u0101<\/strong><\/p>\n\n\n\n<p><strong>Otrdien\u0101s: 18.00 &#8211; 19.00<br>Ceturtdien\u0101s: 17.00 &#8211; 18.00<\/strong><br>Pieteik\u0161an\u0101s nodarb\u012bb\u0101m kl\u0101tien\u0113 nodarb\u012bbu laikos vai pa e pastu:\u00a0<strong>evija.vizule@gmail.com<\/strong><\/p>\n\n\n\n<p><\/p>\n","protected":false},"excerpt":{"rendered":"<p>Skolot\u0101ja:&nbsp;Evija Vizule Pulci\u0146\u0161 &#8220;STEAM pasaules izzin\u0101t\u0101ji&#8221; ir ide\u0101la iesp\u0113ja b\u0113rniem izp\u0113t\u012bt STEM (zin\u0101tne, tehnolo\u0123ija, in\u017eenierija un matem\u0101tika) un m\u0101kslas pasauli rado\u0161\u0101, praktisk\u0101 un interakt\u012bv\u0101 veid\u0101. STEAM pieeja apvieno zin\u0101\u0161anas un rado\u0161umu, \u013caujot b\u0113rniem saprast, k\u0101 \u0161ie j\u0113dzieni tiek izmantoti ikdienas dz\u012bv\u0113 un \u013cauj ieg\u016bt praktiskas prasmes da\u017e\u0101d\u0101s jom\u0101s. Uz\u0146em dal\u012bbniekus no&nbsp;4 \u2013 6 gadiem Uz\u0146em [&hellip;]<\/p>\n","protected":false},"author":4,"featured_media":10588,"parent":282,"menu_order":0,"comment_status":"closed","ping_status":"closed","template":"","meta":{"ngg_post_thumbnail":0,"footnotes":""},"class_list":["post-9400","page","type-page","status-publish","has-post-thumbnail","hentry"],"_links":{"self":[{"href":"https:\/\/www.rjtc.lv\/index.php?rest_route=\/wp\/v2\/pages\/9400","targetHints":{"allow":["GET"]}}],"collection":[{"href":"https:\/\/www.rjtc.lv\/index.php?rest_route=\/wp\/v2\/pages"}],"about":[{"href":"https:\/\/www.rjtc.lv\/index.php?rest_route=\/wp\/v2\/types\/page"}],"author":[{"embeddable":true,"href":"https:\/\/www.rjtc.lv\/index.php?rest_route=\/wp\/v2\/users\/4"}],"replies":[{"embeddable":true,"href":"https:\/\/www.rjtc.lv\/index.php?rest_route=%2Fwp%2Fv2%2Fcomments&post=9400"}],"version-history":[{"count":0,"href":"https:\/\/www.rjtc.lv\/index.php?rest_route=\/wp\/v2\/pages\/9400\/revisions"}],"up":[{"embeddable":true,"href":"https:\/\/www.rjtc.lv\/index.php?rest_route=\/wp\/v2\/pages\/282"}],"wp:featuredmedia":[{"embeddable":true,"href":"https:\/\/www.rjtc.lv\/index.php?rest_route=\/wp\/v2\/media\/10588"}],"wp:attachment":[{"href":"https:\/\/www.rjtc.lv\/index.php?rest_route=%2Fwp%2Fv2%2Fmedia&parent=9400"}],"curies":[{"name":"wp","href":"https:\/\/api.w.org\/{rel}","templated":true}]}}