{"id":9389,"date":"2024-10-29T08:29:30","date_gmt":"2024-10-29T08:29:30","guid":{"rendered":"https:\/\/www.rjtc.lv\/?page_id=9389"},"modified":"2025-01-24T10:19:18","modified_gmt":"2025-01-24T10:19:18","slug":"animacija","status":"publish","type":"page","link":"https:\/\/www.rjtc.lv\/?page_id=9389","title":{"rendered":"Anim\u0101cija"},"content":{"rendered":"\n<p>Skolot\u0101ja:&nbsp;<strong>Dace Liepa<\/strong><\/p>\n\n\n\n<p>Uz\u0146em dal\u012bbniekus no&nbsp;<strong>7 \u201325 gadiem<\/strong><\/p>\n\n\n\n<p>Aicin\u0101m skol\u0113nus doties anim\u0101cijas filmas veido\u0161anas piedz\u012bvojum\u0101!<br>Anim\u0101cijas pulci\u0146\u0101 profesion\u0101la filmu animatore Dace Liepa (anim\u0101cijas studija &#8220;AtomArt&#8221;, sen\u0101k studijas &#8220;Lokomot\u012bve&#8221; un &#8220;DAUKA&#8221; ) v\u0113las atrast draugus, ar kuriem kop\u0101 uzburt kust\u012bgo br\u012bnumu \u2013 anim\u0101ciju!<br>Anim\u0101cijas pulci\u0146a m\u0113r\u0137is ir atrais\u012bt skol\u0113nu izt\u0113li, atkl\u0101t rado\u0161o garu un intere\u0161u pla\u0161umu, stimul\u0113t intelektu\u0101lo zin\u0101tk\u0101ri, att\u012bst\u012bt stila izj\u016btu, piev\u0113rst uzman\u012bbu kino pasaulei, rad\u012bt interesi par m\u0101kslas un kino sint\u0113zi, k\u0101 rezult\u0101t\u0101 iepaz\u012bstin\u0101t skol\u0113nus ar anim\u0101cijas filmu veido\u0161anas pamatprincipiem un izveidot pa\u0161iem savu anim\u0101cijas filmu.<br>Anim\u0101cijas pulci\u0146a dal\u012bbnieki var\u0113s izveidot gan individu\u0101las anim\u0101cijas filmas, gan kopdarbus par vienotu t\u0113mu. Kopdarb\u0101 b\u016bs iesp\u0113ja satikt domubiedrus un att\u012bst\u012bt sp\u0113ju ieklaus\u012bties da\u017e\u0101dos viedok\u013cos, lai atrastu kop\u012bgu filmas vadmot\u012bvu un izstr\u0101d\u0101tu scen\u0101riju, k\u0101 ar\u012b z\u012bm\u0113t, l\u012bm\u0113t, fotograf\u0113t un kop\u0101 veidot anim\u0101cijas filmu. Anim\u0101cijas filmas skol\u0113ni veido izmantojot bezmaksas lietotni StopMotionStudio.&nbsp;Anim\u0101cijas pulci\u0146a dal\u012bbnieku film\u0101m ir iesp\u0113ja piedal\u012bties da\u017e\u0101dos b\u0113rnu un jaunie\u0161u veidoto filmu festiv\u0101los.<\/p>\n\n\n\n<figure class=\"wp-block-video\"><video height=\"1080\" style=\"aspect-ratio: 1920 \/ 1080;\" width=\"1920\" autoplay controls src=\"https:\/\/www.rjtc.lv\/wp-content\/uploads\/2024\/10\/bauskas88_animacijas_pulcins2024.mp4\"><\/video><\/figure>\n\n\n\n<p>Nodarb\u012bbas notiek\u00a0<strong>Bauskas iela 88, 304. kabinet\u0101<br>Pirmdien\u0101s:\u00a017.00 &#8211; 18.20 un 18.30 &#8211; 19.50<br>Tre\u0161dien\u0101s:\u00a017.00 &#8211; 18.20 un 18.30 &#8211; 19.50<\/strong><br>Pieteik\u0161an\u0101s nodarb\u012bb\u0101m kl\u0101tien\u0113 nodarb\u012bbu laikos vai pa e pastu:\u00a0<strong>dliepa15@edu.riga.lv<\/strong><\/p>\n","protected":false},"excerpt":{"rendered":"<p>Skolot\u0101ja:&nbsp;Dace Liepa Uz\u0146em dal\u012bbniekus no&nbsp;7 \u201325 gadiem Aicin\u0101m skol\u0113nus doties anim\u0101cijas filmas veido\u0161anas piedz\u012bvojum\u0101!Anim\u0101cijas pulci\u0146\u0101 profesion\u0101la filmu animatore Dace Liepa (anim\u0101cijas studija &#8220;AtomArt&#8221;, sen\u0101k studijas &#8220;Lokomot\u012bve&#8221; un &#8220;DAUKA&#8221; ) v\u0113las atrast draugus, ar kuriem kop\u0101 uzburt kust\u012bgo br\u012bnumu \u2013 anim\u0101ciju!Anim\u0101cijas pulci\u0146a m\u0113r\u0137is ir atrais\u012bt skol\u0113nu izt\u0113li, atkl\u0101t rado\u0161o garu un intere\u0161u pla\u0161umu, stimul\u0113t intelektu\u0101lo zin\u0101tk\u0101ri, [&hellip;]<\/p>\n","protected":false},"author":4,"featured_media":9762,"parent":282,"menu_order":0,"comment_status":"closed","ping_status":"closed","template":"","meta":{"ngg_post_thumbnail":0,"footnotes":""},"class_list":["post-9389","page","type-page","status-publish","has-post-thumbnail","hentry"],"_links":{"self":[{"href":"https:\/\/www.rjtc.lv\/index.php?rest_route=\/wp\/v2\/pages\/9389","targetHints":{"allow":["GET"]}}],"collection":[{"href":"https:\/\/www.rjtc.lv\/index.php?rest_route=\/wp\/v2\/pages"}],"about":[{"href":"https:\/\/www.rjtc.lv\/index.php?rest_route=\/wp\/v2\/types\/page"}],"author":[{"embeddable":true,"href":"https:\/\/www.rjtc.lv\/index.php?rest_route=\/wp\/v2\/users\/4"}],"replies":[{"embeddable":true,"href":"https:\/\/www.rjtc.lv\/index.php?rest_route=%2Fwp%2Fv2%2Fcomments&post=9389"}],"version-history":[{"count":0,"href":"https:\/\/www.rjtc.lv\/index.php?rest_route=\/wp\/v2\/pages\/9389\/revisions"}],"up":[{"embeddable":true,"href":"https:\/\/www.rjtc.lv\/index.php?rest_route=\/wp\/v2\/pages\/282"}],"wp:featuredmedia":[{"embeddable":true,"href":"https:\/\/www.rjtc.lv\/index.php?rest_route=\/wp\/v2\/media\/9762"}],"wp:attachment":[{"href":"https:\/\/www.rjtc.lv\/index.php?rest_route=%2Fwp%2Fv2%2Fmedia&parent=9389"}],"curies":[{"name":"wp","href":"https:\/\/api.w.org\/{rel}","templated":true}]}}