{"id":9381,"date":"2024-10-29T08:24:18","date_gmt":"2024-10-29T08:24:18","guid":{"rendered":"https:\/\/www.rjtc.lv\/?page_id=9381"},"modified":"2024-10-29T08:26:59","modified_gmt":"2024-10-29T08:26:59","slug":"maza-matematikas-universitate","status":"publish","type":"page","link":"https:\/\/www.rjtc.lv\/?page_id=9381","title":{"rendered":"Maz\u0101 matem\u0101tikas universit\u0101te"},"content":{"rendered":"\n<p>Skolot\u0101ja:&nbsp;<strong>Indra Siksaliete<\/strong><\/p>\n\n\n\n<p>Uz\u0146em dal\u012bbniekus no\u00a0<strong>7 \u201310 gadiem<\/strong><\/p>\n\n\n\n<figure class=\"wp-block-image size-large\"><a href=\"https:\/\/www.rjtc.lv\/wp-content\/uploads\/2024\/10\/maza-matematikas-universitate-RJTC.jpg\"><img loading=\"lazy\" decoding=\"async\" width=\"1024\" height=\"1024\" src=\"https:\/\/www.rjtc.lv\/wp-content\/uploads\/2024\/10\/maza-matematikas-universitate-RJTC-1024x1024.jpg\" alt=\"\" class=\"wp-image-9385\" srcset=\"https:\/\/www.rjtc.lv\/wp-content\/uploads\/2024\/10\/maza-matematikas-universitate-RJTC-1024x1024.jpg 1024w, https:\/\/www.rjtc.lv\/wp-content\/uploads\/2024\/10\/maza-matematikas-universitate-RJTC-300x300.jpg 300w, https:\/\/www.rjtc.lv\/wp-content\/uploads\/2024\/10\/maza-matematikas-universitate-RJTC-150x150.jpg 150w, https:\/\/www.rjtc.lv\/wp-content\/uploads\/2024\/10\/maza-matematikas-universitate-RJTC-768x768.jpg 768w, https:\/\/www.rjtc.lv\/wp-content\/uploads\/2024\/10\/maza-matematikas-universitate-RJTC-160x160.jpg 160w, https:\/\/www.rjtc.lv\/wp-content\/uploads\/2024\/10\/maza-matematikas-universitate-RJTC-240x240.jpg 240w, https:\/\/www.rjtc.lv\/wp-content\/uploads\/2024\/10\/maza-matematikas-universitate-RJTC-60x60.jpg 60w, https:\/\/www.rjtc.lv\/wp-content\/uploads\/2024\/10\/maza-matematikas-universitate-RJTC-184x184.jpg 184w, https:\/\/www.rjtc.lv\/wp-content\/uploads\/2024\/10\/maza-matematikas-universitate-RJTC.jpg 1080w\" sizes=\"auto, (max-width: 1024px) 100vw, 1024px\" \/><\/a><\/figure>\n\n\n\n<p>Nodarb\u012bbas notiek<strong>&nbsp;Bauskas iel\u0101 88, 305.kabinet\u0101<\/strong><\/p>\n","protected":false},"excerpt":{"rendered":"<p>Skolot\u0101ja:&nbsp;Indra Siksaliete Uz\u0146em dal\u012bbniekus no\u00a07 \u201310 gadiem Nodarb\u012bbas notiek&nbsp;Bauskas iel\u0101 88, 305.kabinet\u0101<\/p>\n","protected":false},"author":4,"featured_media":9385,"parent":282,"menu_order":0,"comment_status":"closed","ping_status":"closed","template":"","meta":{"ngg_post_thumbnail":0,"footnotes":""},"class_list":["post-9381","page","type-page","status-publish","has-post-thumbnail","hentry"],"_links":{"self":[{"href":"https:\/\/www.rjtc.lv\/index.php?rest_route=\/wp\/v2\/pages\/9381","targetHints":{"allow":["GET"]}}],"collection":[{"href":"https:\/\/www.rjtc.lv\/index.php?rest_route=\/wp\/v2\/pages"}],"about":[{"href":"https:\/\/www.rjtc.lv\/index.php?rest_route=\/wp\/v2\/types\/page"}],"author":[{"embeddable":true,"href":"https:\/\/www.rjtc.lv\/index.php?rest_route=\/wp\/v2\/users\/4"}],"replies":[{"embeddable":true,"href":"https:\/\/www.rjtc.lv\/index.php?rest_route=%2Fwp%2Fv2%2Fcomments&post=9381"}],"version-history":[{"count":0,"href":"https:\/\/www.rjtc.lv\/index.php?rest_route=\/wp\/v2\/pages\/9381\/revisions"}],"up":[{"embeddable":true,"href":"https:\/\/www.rjtc.lv\/index.php?rest_route=\/wp\/v2\/pages\/282"}],"wp:featuredmedia":[{"embeddable":true,"href":"https:\/\/www.rjtc.lv\/index.php?rest_route=\/wp\/v2\/media\/9385"}],"wp:attachment":[{"href":"https:\/\/www.rjtc.lv\/index.php?rest_route=%2Fwp%2Fv2%2Fmedia&parent=9381"}],"curies":[{"name":"wp","href":"https:\/\/api.w.org\/{rel}","templated":true}]}}