{"id":9124,"date":"2024-09-16T12:28:27","date_gmt":"2024-09-16T12:28:27","guid":{"rendered":"https:\/\/www.rjtc.lv\/?page_id=9124"},"modified":"2025-09-18T09:43:35","modified_gmt":"2025-09-18T09:43:35","slug":"prototipesana","status":"publish","type":"page","link":"https:\/\/www.rjtc.lv\/?page_id=9124","title":{"rendered":"Prototip\u0113\u0161ana"},"content":{"rendered":"\n<p>Skolot\u0101ja: <strong>Maija Biteniece<\/strong><\/p>\n\n\n\n<p>Prototip\u0113\u0161ana k\u0101 viena no dizaina industrijas jom\u0101m attiecas uz pla\u0161u zin\u0101\u0161anu un prasmju loku. Zin\u0101\u0161anas apvieno projekt\u0113\u0161anas un tehnolo\u0123iju kompetences, apvienojot t\u0101s ar individu\u0101lo jaunradi, prasm\u0113m, talantiem un idejas 3D vizualiz\u0101cijas sp\u0113j\u0101m, kuras saprotam k\u0101 intelektu\u0101l\u0101s darb\u012bbas produktu.<\/p>\n\n\n\n<p>Prototip\u0113\u0161anas jomas apg\u016b\u0161ana veicina audz\u0113k\u0146u interesi par iesp\u0113j\u0101m pa\u0161iem rad\u012bt inovat\u012bvus produktus jaunrades saturu un g\u016bt pieredzi, kura sekm\u0113 sp\u0113ju darboties m\u016bsdienu main\u012bgaj\u0101 un izaicin\u0101jumiem pilnaj\u0101 vid\u0113, lai stiprin\u0101tu individu\u0101l\u0101s sp\u0113jas n\u0101kotn\u0113 darboties m\u016bsdienu main\u012bgaj\u0101 darba vid\u0113.<\/p>\n\n\n\n<p>Digit\u0101l\u0101 dizaina kompetences sniedz jaunajiem dizaineriem prasmes izmantot da\u017e\u0101dus jaun\u0101ko tehnolo\u0123iju r\u012bkus, lai izp\u0113t\u012btu, sistematiz\u0113tu eso\u0161os atskaites punktus un veidotu jaunus produktus, ar digit\u0101liem r\u012bkiem test\u0113tu iepriek\u0161 rad\u012bto produktu \u012bpa\u0161\u012bbas un prasm\u012bgi vizualiz\u0113tu savas jaunrades idejas, izmantojot jaun\u0101k\u0101s interneta un tehnolo\u0123iju iesp\u0113jas. Vienlaic\u012bgi sp\u0113t p\u0101rliecino\u0161i un kritiski izmantot inform\u0101cijas tehnolo\u0123ijas m\u0101c\u012bb\u0101s, darb\u0101 un br\u012bvaj\u0101 laik\u0101.<\/p>\n\n\n\n<p>STEM jomas m\u0101c\u012bbu programmas sniegt\u0101s zin\u0101\u0161anas un prasmes m\u016bsdienu darba tirg\u016b ir aktu\u0101li nepiecie\u0161amas neatkar\u012bgi no t\u0101l\u0101k izv\u0113l\u0113t\u0101s audz\u0113k\u0146a profesijas, jo digit\u0101l\u0101 produktu dizaina rad\u012b\u0161anas pamatprasmju apguve m\u016bsdien\u0101s pielietojama iev\u0113rojam\u0101 lok\u0101 profesiju. Neatkar\u012bgi no profesijas, ieg\u016bt\u0101s zin\u0101\u0161anas \u013cauj orient\u0113ties m\u016bsdienu pasaules tehnolo\u0123iskajos un informat\u012bvajos procesos, k\u0101 ar\u012b, iesp\u0113jams saskat\u012bt iesp\u0113jas \u0161o zin\u0101\u0161anu pielieto\u0161an\u0101 sav\u0101 n\u0101kotnes profesij\u0101.<\/p>\n\n\n\n<p>Uz\u0146em dal\u012bbniekus no <strong>6 &#8211; 25 gadiem<\/strong><\/p>\n\n\n\n<p>Nodarb\u012bbas notiek<strong>\u00a0Bauskas iel\u0101 88, 402.kabinet\u0101<\/strong><\/p>\n","protected":false},"excerpt":{"rendered":"<p>Skolot\u0101ja: Maija Biteniece Prototip\u0113\u0161ana k\u0101 viena no dizaina industrijas jom\u0101m attiecas uz pla\u0161u zin\u0101\u0161anu un prasmju loku. Zin\u0101\u0161anas apvieno projekt\u0113\u0161anas un tehnolo\u0123iju kompetences, apvienojot t\u0101s ar individu\u0101lo jaunradi, prasm\u0113m, talantiem un idejas 3D vizualiz\u0101cijas sp\u0113j\u0101m, kuras saprotam k\u0101 intelektu\u0101l\u0101s darb\u012bbas produktu. Prototip\u0113\u0161anas jomas apg\u016b\u0161ana veicina audz\u0113k\u0146u interesi par iesp\u0113j\u0101m pa\u0161iem rad\u012bt inovat\u012bvus produktus jaunrades saturu [&hellip;]<\/p>\n","protected":false},"author":4,"featured_media":0,"parent":282,"menu_order":0,"comment_status":"closed","ping_status":"closed","template":"","meta":{"ngg_post_thumbnail":0,"footnotes":""},"class_list":["post-9124","page","type-page","status-publish","hentry"],"_links":{"self":[{"href":"https:\/\/www.rjtc.lv\/index.php?rest_route=\/wp\/v2\/pages\/9124","targetHints":{"allow":["GET"]}}],"collection":[{"href":"https:\/\/www.rjtc.lv\/index.php?rest_route=\/wp\/v2\/pages"}],"about":[{"href":"https:\/\/www.rjtc.lv\/index.php?rest_route=\/wp\/v2\/types\/page"}],"author":[{"embeddable":true,"href":"https:\/\/www.rjtc.lv\/index.php?rest_route=\/wp\/v2\/users\/4"}],"replies":[{"embeddable":true,"href":"https:\/\/www.rjtc.lv\/index.php?rest_route=%2Fwp%2Fv2%2Fcomments&post=9124"}],"version-history":[{"count":0,"href":"https:\/\/www.rjtc.lv\/index.php?rest_route=\/wp\/v2\/pages\/9124\/revisions"}],"up":[{"embeddable":true,"href":"https:\/\/www.rjtc.lv\/index.php?rest_route=\/wp\/v2\/pages\/282"}],"wp:attachment":[{"href":"https:\/\/www.rjtc.lv\/index.php?rest_route=%2Fwp%2Fv2%2Fmedia&parent=9124"}],"curies":[{"name":"wp","href":"https:\/\/api.w.org\/{rel}","templated":true}]}}