{"id":7800,"date":"2023-11-01T09:23:57","date_gmt":"2023-11-01T09:23:57","guid":{"rendered":"https:\/\/www.rjtc.lv\/?page_id=7800"},"modified":"2024-08-13T14:14:23","modified_gmt":"2024-08-13T14:14:23","slug":"radio-vadamo-auto-modelisms","status":"publish","type":"page","link":"https:\/\/www.rjtc.lv\/?page_id=7800","title":{"rendered":"Radio vad\u0101mo auto modelisms"},"content":{"rendered":"\n<p>Skolot\u0101js:&nbsp;<strong>\u0112valds But\u0101ns<\/strong><\/p>\n\n\n\n<p><\/p>\n\n\n\n<p>Uz\u0146em dal\u012bbniekus no\u00a0<strong>7 &#8211; 25 gadiem<\/strong><\/p>\n\n\n\n<p>Nodarb\u012bbas notiek<strong>\u00a0Bauskas iel\u0101 88, 311.kabinet\u0101<\/strong><\/p>\n\n\n\n<p><\/p>\n\n\n","protected":false},"excerpt":{"rendered":"<p>Skolot\u0101js:&nbsp;\u0112valds But\u0101ns Uz\u0146em dal\u012bbniekus no\u00a07 &#8211; 25 gadiem Nodarb\u012bbas notiek\u00a0Bauskas iel\u0101 88, 311.kabinet\u0101<\/p>\n","protected":false},"author":4,"featured_media":0,"parent":282,"menu_order":0,"comment_status":"closed","ping_status":"closed","template":"","meta":{"ngg_post_thumbnail":0,"footnotes":""},"class_list":["post-7800","page","type-page","status-publish","hentry"],"_links":{"self":[{"href":"https:\/\/www.rjtc.lv\/index.php?rest_route=\/wp\/v2\/pages\/7800","targetHints":{"allow":["GET"]}}],"collection":[{"href":"https:\/\/www.rjtc.lv\/index.php?rest_route=\/wp\/v2\/pages"}],"about":[{"href":"https:\/\/www.rjtc.lv\/index.php?rest_route=\/wp\/v2\/types\/page"}],"author":[{"embeddable":true,"href":"https:\/\/www.rjtc.lv\/index.php?rest_route=\/wp\/v2\/users\/4"}],"replies":[{"embeddable":true,"href":"https:\/\/www.rjtc.lv\/index.php?rest_route=%2Fwp%2Fv2%2Fcomments&post=7800"}],"version-history":[{"count":0,"href":"https:\/\/www.rjtc.lv\/index.php?rest_route=\/wp\/v2\/pages\/7800\/revisions"}],"up":[{"embeddable":true,"href":"https:\/\/www.rjtc.lv\/index.php?rest_route=\/wp\/v2\/pages\/282"}],"wp:attachment":[{"href":"https:\/\/www.rjtc.lv\/index.php?rest_route=%2Fwp%2Fv2%2Fmedia&parent=7800"}],"curies":[{"name":"wp","href":"https:\/\/api.w.org\/{rel}","templated":true}]}}