{"id":7697,"date":"2023-10-20T14:35:48","date_gmt":"2023-10-20T14:35:48","guid":{"rendered":"https:\/\/www.rjtc.lv\/?page_id=7697"},"modified":"2025-09-18T09:36:37","modified_gmt":"2025-09-18T09:36:37","slug":"pirmsskolnieks-peta-un-eksperimente","status":"publish","type":"page","link":"https:\/\/www.rjtc.lv\/?page_id=7697","title":{"rendered":"Pirmsskolnieks p\u0113ta un eksperiment\u0113"},"content":{"rendered":"\n<p>Skolot\u0101js: <strong>Aija Ru\u0123\u0113na<\/strong><\/p>\n\n\n\n<p>P\u0113t\u012bsim dz\u012bvo un nedz\u012bvo dabu, augu un dz\u012bvnieku piel\u0101go\u0161anos. Caur eksperimentiem, tehnolo\u0123ij\u0101m un nov\u0113rojumiem non\u0101ksim pie izpratnes.<\/p>\n\n\n\n<figure class=\"wp-block-embed is-type-video is-provider-youtube wp-block-embed-youtube wp-embed-aspect-16-9 wp-has-aspect-ratio\"><div class=\"wp-block-embed__wrapper\">\n<iframe loading=\"lazy\" title=\"RJTC R\u012bgas Dabaszin\u012bbu skola\" width=\"838\" height=\"471\" src=\"https:\/\/www.youtube.com\/embed\/ii966DiaZo8?feature=oembed\" frameborder=\"0\" allow=\"accelerometer; autoplay; clipboard-write; encrypted-media; gyroscope; picture-in-picture; web-share\" referrerpolicy=\"strict-origin-when-cross-origin\" allowfullscreen><\/iframe>\n<\/div><\/figure>\n\n\n\n<p><br>Uz\u0146em dal\u012bbniekus no<strong> 5 &#8211; 6 gadiem<\/strong><\/p>\n\n\n\n<p>Nodarb\u012bbas notiek <strong>Ernest\u012bnes iel\u0101 8a, Mazaj\u0101 klas\u0113<\/strong><\/p>\n\n\n\n<p>Pieteik\u0161an\u0101s nodarb\u012bb\u0101m &#8211; <strong>arugena@edu.riga.lv<\/strong><\/p>\n","protected":false},"excerpt":{"rendered":"<p>Skolot\u0101js: Aija Ru\u0123\u0113na P\u0113t\u012bsim dz\u012bvo un nedz\u012bvo dabu, augu un dz\u012bvnieku piel\u0101go\u0161anos. Caur eksperimentiem, tehnolo\u0123ij\u0101m un nov\u0113rojumiem non\u0101ksim pie izpratnes. Uz\u0146em dal\u012bbniekus no 5 &#8211; 6 gadiem Nodarb\u012bbas notiek Ernest\u012bnes iel\u0101 8a, Mazaj\u0101 klas\u0113 Pieteik\u0161an\u0101s nodarb\u012bb\u0101m &#8211; arugena@edu.riga.lv<\/p>\n","protected":false},"author":4,"featured_media":0,"parent":4035,"menu_order":0,"comment_status":"closed","ping_status":"closed","template":"","meta":{"ngg_post_thumbnail":0,"footnotes":""},"class_list":["post-7697","page","type-page","status-publish","hentry"],"_links":{"self":[{"href":"https:\/\/www.rjtc.lv\/index.php?rest_route=\/wp\/v2\/pages\/7697","targetHints":{"allow":["GET"]}}],"collection":[{"href":"https:\/\/www.rjtc.lv\/index.php?rest_route=\/wp\/v2\/pages"}],"about":[{"href":"https:\/\/www.rjtc.lv\/index.php?rest_route=\/wp\/v2\/types\/page"}],"author":[{"embeddable":true,"href":"https:\/\/www.rjtc.lv\/index.php?rest_route=\/wp\/v2\/users\/4"}],"replies":[{"embeddable":true,"href":"https:\/\/www.rjtc.lv\/index.php?rest_route=%2Fwp%2Fv2%2Fcomments&post=7697"}],"version-history":[{"count":0,"href":"https:\/\/www.rjtc.lv\/index.php?rest_route=\/wp\/v2\/pages\/7697\/revisions"}],"up":[{"embeddable":true,"href":"https:\/\/www.rjtc.lv\/index.php?rest_route=\/wp\/v2\/pages\/4035"}],"wp:attachment":[{"href":"https:\/\/www.rjtc.lv\/index.php?rest_route=%2Fwp%2Fv2%2Fmedia&parent=7697"}],"curies":[{"name":"wp","href":"https:\/\/api.w.org\/{rel}","templated":true}]}}