{"id":7679,"date":"2023-10-20T14:21:44","date_gmt":"2023-10-20T14:21:44","guid":{"rendered":"https:\/\/www.rjtc.lv\/?page_id=7679"},"modified":"2024-08-13T13:32:14","modified_gmt":"2024-08-13T13:32:14","slug":"inzinierzinibu-konstruesanas-projektesanas-darbnica","status":"publish","type":"page","link":"https:\/\/www.rjtc.lv\/?page_id=7679","title":{"rendered":"In\u017eenierzin\u012bbu, konstru\u0113\u0161anas, projekt\u0113\u0161anas darbn\u012bca"},"content":{"rendered":"\n<p>Skolot\u0101js:&nbsp;<strong>Sergejs Timofejevs<\/strong><\/p>\n\n\n\n<p><\/p>\n\n\n\n<p>Uz\u0146em dal\u012bbniekus no\u00a0<strong>10 &#8211; 25\u00a0gadiem<\/strong><\/p>\n\n\n\n<p>Nodarb\u012bbas notiek<strong>&nbsp;Bauskas iel\u0101 88, 301.kabinet\u0101<\/strong><\/p>\n","protected":false},"excerpt":{"rendered":"<p>Skolot\u0101js:&nbsp;Sergejs Timofejevs Uz\u0146em dal\u012bbniekus no\u00a010 &#8211; 25\u00a0gadiem Nodarb\u012bbas notiek&nbsp;Bauskas iel\u0101 88, 301.kabinet\u0101<\/p>\n","protected":false},"author":4,"featured_media":0,"parent":282,"menu_order":0,"comment_status":"closed","ping_status":"closed","template":"","meta":{"ngg_post_thumbnail":0,"footnotes":""},"class_list":["post-7679","page","type-page","status-publish","hentry"],"_links":{"self":[{"href":"https:\/\/www.rjtc.lv\/index.php?rest_route=\/wp\/v2\/pages\/7679","targetHints":{"allow":["GET"]}}],"collection":[{"href":"https:\/\/www.rjtc.lv\/index.php?rest_route=\/wp\/v2\/pages"}],"about":[{"href":"https:\/\/www.rjtc.lv\/index.php?rest_route=\/wp\/v2\/types\/page"}],"author":[{"embeddable":true,"href":"https:\/\/www.rjtc.lv\/index.php?rest_route=\/wp\/v2\/users\/4"}],"replies":[{"embeddable":true,"href":"https:\/\/www.rjtc.lv\/index.php?rest_route=%2Fwp%2Fv2%2Fcomments&post=7679"}],"version-history":[{"count":0,"href":"https:\/\/www.rjtc.lv\/index.php?rest_route=\/wp\/v2\/pages\/7679\/revisions"}],"up":[{"embeddable":true,"href":"https:\/\/www.rjtc.lv\/index.php?rest_route=\/wp\/v2\/pages\/282"}],"wp:attachment":[{"href":"https:\/\/www.rjtc.lv\/index.php?rest_route=%2Fwp%2Fv2%2Fmedia&parent=7679"}],"curies":[{"name":"wp","href":"https:\/\/api.w.org\/{rel}","templated":true}]}}