{"id":7413,"date":"2023-08-28T13:00:25","date_gmt":"2023-08-28T13:00:25","guid":{"rendered":"https:\/\/www.rjtc.lv\/?page_id=7413"},"modified":"2023-08-28T13:05:56","modified_gmt":"2023-08-28T13:05:56","slug":"pieklustamibas-pazinojums","status":"publish","type":"page","link":"https:\/\/www.rjtc.lv\/?page_id=7413","title":{"rendered":"Piek\u013c\u016bstam\u012bbas pazi\u0146ojums"},"content":{"rendered":"\n<h1 class=\"wp-block-heading\"><\/h1>\n\n\n\n<p>R\u012bgas Jauno tehni\u0137u centrs&nbsp;saska\u0146\u0101 ar Ministru kabineta 2020. gada 14. j\u016blija noteikumiem Nr. 445 &#8220;K\u0101rt\u012bba, k\u0101d\u0101 iest\u0101des ievieto inform\u0101ciju internet\u0101&#8221; (turpm\u0101k \u2013 noteikumi Nr. 445) ap\u0146emas savu&nbsp;t\u012bmek\u013cvietni&nbsp;veidot piek\u013c\u016bstamu.<\/p>\n\n\n\n<p>\u0160is piek\u013c\u016bstam\u012bbas pazi\u0146ojums attiecas uz: R\u012bgas Jauno tehni\u0137u centra t\u012bmek\u013cvietni &#8211;&nbsp;<a href=\"https:\/\/www.rjtc.lv\/\" data-type=\"URL\" data-id=\"https:\/\/www.rjtc.lv\/\" target=\"_blank\" rel=\"noreferrer noopener\">https:\/\/www.rjtc.lv\/<\/a><\/p>\n\n\n\n<p>T\u012bmek\u013cvietnei&nbsp;veikts&nbsp;vienk\u0101r\u0161otais izv\u0113rt\u0113jums. Izmantot\u0101 metode &#8211;&nbsp;VARAM sagatavot\u0101s \u201cVadl\u012bnijas iest\u0101\u017eu t\u012bmek\u013cvietn\u0113m noteikto piek\u013c\u016bstam\u012bbas pras\u012bbu iev\u0113ro\u0161anas ietekmes izv\u0113rt\u0113\u0161anai un nesam\u0113r\u012bg\u0101 sloga pamato\u0161anai\u201d.<\/p>\n\n\n\n<h3 class=\"wp-block-heading\">Cik piek\u013c\u016bstama ir \u0161\u012b&nbsp;t\u012bmek\u013cvietne?<\/h3>\n\n\n\n<p><a href=\"https:\/\/www.rjtc.lv\/\" data-type=\"URL\" data-id=\"https:\/\/www.rjtc.lv\/\" target=\"_blank\" rel=\"noreferrer noopener\">R\u012bgas Jauno tehni\u0137u centra<\/a>&nbsp;t\u012bmek\u013cvietne da\u013c\u0113ji atbilst MK noteikumiem Nr. 445&nbsp;turpm\u0101k min\u0113to iemeslu d\u0113\u013c.<\/p>\n\n\n\n<h4 class=\"wp-block-heading\">Neatbilst\u012bba pras\u012bb\u0101m, kas min\u0113tas noteikumos Nr. 445<\/h4>\n\n\n\n<ul class=\"wp-block-list\" id=\"a11y-non-compliance-list\">\n<li>Galven\u0101 navig\u0101cija: ar TAB tausti\u0146u da\u013c\u0113ji var piek\u013c\u016bt visiem t\u012bmek\u013cvietnes navig\u0101cijas elementiem un to apak\u0161sada\u013c\u0101m, vizu\u0101lais fokuss nav izcelts.<\/li>\n\n\n\n<li>Pamatstrukt\u016bras p\u0101rbaude: lap\u0101 netiek atrasti visi galvenie pamatstrukt\u016bras elementi.<\/li>\n\n\n\n<li>Tastat\u016bras piek\u013cuve un vizu\u0101lais fokuss: nav izcelts vizu\u0101lais fokuss.<\/li>\n\n\n\n<li>Att\u0113lu tekstu\u0101l\u0101 alternat\u012bva: nav izvietotas att\u0113lu tekstu\u0101l\u0101s alternat\u012bvas.<\/li>\n\n\n\n<li>Kr\u0101su kontrasti: da\u017ei elementi ir ar nepietiekamu kr\u0101su kontrastu.<\/li>\n<\/ul>\n\n\n\n<p>\u0160\u012b&nbsp;t\u012bmek\u013cvietne&nbsp;p\u0113d\u0113jo reizi tika izv\u0113rt\u0113ta&nbsp;28.08.2023.<\/p>\n\n\n\n<p>Izv\u0113rt\u0113jumu apliecino\u0161s dokuments:&nbsp;<a rel=\"noreferrer noopener\" href=\"https:\/\/www.rjtc.lv\/wp-content\/uploads\/2023\/08\/izvertesanas-protokols_28.08.2023.pdf\" data-type=\"URL\" data-id=\"https:\/\/www.rjtc.lv\/wp-content\/uploads\/2023\/08\/izvertesanas-protokols_28.08.2023.pdf\" target=\"_blank\">\u0161eit.<\/a><\/p>\n\n\n\n<h3 class=\"wp-block-heading\">Piek\u013c\u016bstam\u012bbas alternat\u012bvas<\/h3>\n\n\n\n<p>Lai sa\u0146emtu saturu, kas \u0161obr\u012bd nav piek\u013c\u016bstams, cit\u0101 form\u0101t\u0101, pied\u0101v\u0101jam turpm\u0101k min\u0113t\u0101s alternat\u012bvas. L\u016bdzu sazinieties ar mums, rakstot inform\u0101cijas piepras\u012bjumu uz e-pasta adresi rjtc@riga.lv, nor\u0101dot saiti uz nepiecie\u0161amo saturu un form\u0101tu, k\u0101ds jums nepiecie\u0161ams konkr\u0113tajam saturam.<\/p>\n\n\n\n<h3 class=\"wp-block-heading\">Atsauksm\u0113m un sazi\u0146ai<\/h3>\n\n\n\n<p>M\u0113s nep\u0101rtraukti cen\u0161amies uzlabot \u0161\u012bs&nbsp;t\u012bmek\u013cvietnes&nbsp;piek\u013c\u016bstam\u012bbu.<\/p>\n\n\n\n<p>Ja J\u016bs konstat\u0113jat k\u0101das probl\u0113mas vai nepiln\u012bbas, kas nav min\u0113tas \u0161aj\u0101 pazi\u0146ojum\u0101 vai v\u0113laties sa\u0146emt nepiek\u013c\u016bstamo saturu cit\u0101 form\u0101t\u0101, sazinieties ar mums:<\/p>\n\n\n\n<p>E-past\u0101:&nbsp;rjtc@riga.lv<\/p>\n\n\n\n<p>M\u0113s izskat\u012bsim J\u016bsu piepras\u012bjumu un sniegsim atbildi&nbsp;20 darba dienu laik\u0101.<\/p>\n\n\n\n<h3 class=\"wp-block-heading\">S\u016bdz\u012bbu iesnieg\u0161ana<\/h3>\n\n\n\n<p>Ja neesam atbilsto\u0161i rea\u0123\u0113ju\u0161i uz J\u016bsu iesniegumu vai s\u016bdz\u012bbu par&nbsp;t\u012bmek\u013cvietnes&nbsp;satura piek\u013c\u016bstam\u012bbu, Jums ir iesp\u0113ja iesniegt s\u016bdz\u012bbu Latvijas Republikas Ties\u012bbsargam:<\/p>\n\n\n\n<p>Ties\u012bbsarga birojs: Bazn\u012bcas iela 25 R\u012bg\u0101, LV-1010<\/p>\n\n\n\n<p>T\u0101lrunis: +37167686768<\/p>\n\n\n\n<p>E-pasts: tiesibsargs@tiesibsargs.lv<\/p>\n\n\n\n<p><a href=\"https:\/\/www.tiesibsargs.lv\/lv\/pages\/kontaktinformacija\">https:\/\/www.tiesibsargs.lv\/lv\/pages\/kontaktinformacija<\/a><\/p>\n\n\n\n<h3 class=\"wp-block-heading\">Zi\u0146as par pazi\u0146ojuma sagatavo\u0161anu<\/h3>\n\n\n\n<p>\u0160is pazi\u0146ojums pirmo reizi tika sagatavots\u00a028.08.2023 un atk\u0101rtoti p\u0101rskat\u012bts.<\/p>\n\n\n\n<p>\u0160o pazi\u0146ojumu apstiprin\u0101ja&nbsp;direktore Ramona \u0160miti\u0146a.<\/p>\n","protected":false},"excerpt":{"rendered":"<p>R\u012bgas Jauno tehni\u0137u centrs&nbsp;saska\u0146\u0101 ar Ministru kabineta 2020. gada 14. j\u016blija noteikumiem Nr. 445 &#8220;K\u0101rt\u012bba, k\u0101d\u0101 iest\u0101des ievieto inform\u0101ciju internet\u0101&#8221; (turpm\u0101k \u2013 noteikumi Nr. 445) ap\u0146emas savu&nbsp;t\u012bmek\u013cvietni&nbsp;veidot piek\u013c\u016bstamu. \u0160is piek\u013c\u016bstam\u012bbas pazi\u0146ojums attiecas uz: R\u012bgas Jauno tehni\u0137u centra t\u012bmek\u013cvietni &#8211;&nbsp;https:\/\/www.rjtc.lv\/ T\u012bmek\u013cvietnei&nbsp;veikts&nbsp;vienk\u0101r\u0161otais izv\u0113rt\u0113jums. Izmantot\u0101 metode &#8211;&nbsp;VARAM sagatavot\u0101s \u201cVadl\u012bnijas iest\u0101\u017eu t\u012bmek\u013cvietn\u0113m noteikto piek\u013c\u016bstam\u012bbas pras\u012bbu iev\u0113ro\u0161anas ietekmes izv\u0113rt\u0113\u0161anai un [&hellip;]<\/p>\n","protected":false},"author":4,"featured_media":0,"parent":265,"menu_order":0,"comment_status":"closed","ping_status":"closed","template":"","meta":{"ngg_post_thumbnail":0,"footnotes":""},"class_list":["post-7413","page","type-page","status-publish","hentry"],"_links":{"self":[{"href":"https:\/\/www.rjtc.lv\/index.php?rest_route=\/wp\/v2\/pages\/7413","targetHints":{"allow":["GET"]}}],"collection":[{"href":"https:\/\/www.rjtc.lv\/index.php?rest_route=\/wp\/v2\/pages"}],"about":[{"href":"https:\/\/www.rjtc.lv\/index.php?rest_route=\/wp\/v2\/types\/page"}],"author":[{"embeddable":true,"href":"https:\/\/www.rjtc.lv\/index.php?rest_route=\/wp\/v2\/users\/4"}],"replies":[{"embeddable":true,"href":"https:\/\/www.rjtc.lv\/index.php?rest_route=%2Fwp%2Fv2%2Fcomments&post=7413"}],"version-history":[{"count":0,"href":"https:\/\/www.rjtc.lv\/index.php?rest_route=\/wp\/v2\/pages\/7413\/revisions"}],"up":[{"embeddable":true,"href":"https:\/\/www.rjtc.lv\/index.php?rest_route=\/wp\/v2\/pages\/265"}],"wp:attachment":[{"href":"https:\/\/www.rjtc.lv\/index.php?rest_route=%2Fwp%2Fv2%2Fmedia&parent=7413"}],"curies":[{"name":"wp","href":"https:\/\/api.w.org\/{rel}","templated":true}]}}