{"id":7397,"date":"2023-08-25T12:15:57","date_gmt":"2023-08-25T12:15:57","guid":{"rendered":"https:\/\/www.rjtc.lv\/?page_id=7397"},"modified":"2026-03-17T13:57:27","modified_gmt":"2026-03-17T13:57:27","slug":"peti-un-eksperimente-4","status":"publish","type":"page","link":"https:\/\/www.rjtc.lv\/?page_id=7397","title":{"rendered":"P\u0113ti un eksperiment\u0113"},"content":{"rendered":"\n<p>Skolot\u0101ja: <\/p>\n\n\n\n<p>Pulci\u0146\u0161 augu entuziastiem. Viss par augiem, to daudzveid\u012bbu, audz\u0113\u0161anu, kop\u0161anu, pavairo\u0161anu. Nodarb\u012bb\u0101s b\u016bs iesp\u0113jams uzzin\u0101t par augu daudzveid\u012bbu, iepaz\u012bt un izzin\u0101t da\u017e\u0101dus procesus augos un dab\u0101 caur eksperimentiem.<\/p>\n\n\n\n<p>Pulci\u0146\u0101 uz\u0146em dal\u012bbniekus no&nbsp;<strong>7 \u2013 15 gadiem<\/strong><\/p>\n\n\n\n<p>Nodarb\u012bbas notiek <strong>Ernest\u012bnes iel\u0101 8a<\/strong>, <strong>siltumn\u012bc\u0101<\/strong> <\/p>\n\n\n\n<p><\/p>\n\n\n\n<figure class=\"wp-block-embed is-type-video is-provider-youtube wp-block-embed-youtube wp-embed-aspect-16-9 wp-has-aspect-ratio\"><div class=\"wp-block-embed__wrapper\">\n<iframe loading=\"lazy\" title=\"P\u0113ti un eksperiment\u0113\" width=\"838\" height=\"471\" src=\"https:\/\/www.youtube.com\/embed\/XLwCmqzuwNw?feature=oembed\" frameborder=\"0\" allow=\"accelerometer; autoplay; clipboard-write; encrypted-media; gyroscope; picture-in-picture; web-share\" referrerpolicy=\"strict-origin-when-cross-origin\" allowfullscreen><\/iframe>\n<\/div><\/figure>\n","protected":false},"excerpt":{"rendered":"<p>Skolot\u0101ja: Pulci\u0146\u0161 augu entuziastiem. Viss par augiem, to daudzveid\u012bbu, audz\u0113\u0161anu, kop\u0161anu, pavairo\u0161anu. Nodarb\u012bb\u0101s b\u016bs iesp\u0113jams uzzin\u0101t par augu daudzveid\u012bbu, iepaz\u012bt un izzin\u0101t da\u017e\u0101dus procesus augos un dab\u0101 caur eksperimentiem. Pulci\u0146\u0101 uz\u0146em dal\u012bbniekus no&nbsp;7 \u2013 15 gadiem Nodarb\u012bbas notiek Ernest\u012bnes iel\u0101 8a, siltumn\u012bc\u0101<\/p>\n","protected":false},"author":4,"featured_media":10438,"parent":4035,"menu_order":0,"comment_status":"closed","ping_status":"closed","template":"","meta":{"ngg_post_thumbnail":0,"footnotes":""},"class_list":["post-7397","page","type-page","status-publish","has-post-thumbnail","hentry"],"_links":{"self":[{"href":"https:\/\/www.rjtc.lv\/index.php?rest_route=\/wp\/v2\/pages\/7397","targetHints":{"allow":["GET"]}}],"collection":[{"href":"https:\/\/www.rjtc.lv\/index.php?rest_route=\/wp\/v2\/pages"}],"about":[{"href":"https:\/\/www.rjtc.lv\/index.php?rest_route=\/wp\/v2\/types\/page"}],"author":[{"embeddable":true,"href":"https:\/\/www.rjtc.lv\/index.php?rest_route=\/wp\/v2\/users\/4"}],"replies":[{"embeddable":true,"href":"https:\/\/www.rjtc.lv\/index.php?rest_route=%2Fwp%2Fv2%2Fcomments&post=7397"}],"version-history":[{"count":1,"href":"https:\/\/www.rjtc.lv\/index.php?rest_route=\/wp\/v2\/pages\/7397\/revisions"}],"predecessor-version":[{"id":11774,"href":"https:\/\/www.rjtc.lv\/index.php?rest_route=\/wp\/v2\/pages\/7397\/revisions\/11774"}],"up":[{"embeddable":true,"href":"https:\/\/www.rjtc.lv\/index.php?rest_route=\/wp\/v2\/pages\/4035"}],"wp:featuredmedia":[{"embeddable":true,"href":"https:\/\/www.rjtc.lv\/index.php?rest_route=\/wp\/v2\/media\/10438"}],"wp:attachment":[{"href":"https:\/\/www.rjtc.lv\/index.php?rest_route=%2Fwp%2Fv2%2Fmedia&parent=7397"}],"curies":[{"name":"wp","href":"https:\/\/api.w.org\/{rel}","templated":true}]}}