{"id":6979,"date":"2023-01-27T15:05:43","date_gmt":"2023-01-27T15:05:43","guid":{"rendered":"https:\/\/www.rjtc.lv\/?page_id=6979"},"modified":"2025-09-18T09:45:15","modified_gmt":"2025-09-18T09:45:15","slug":"daba-dizains-maksla-3","status":"publish","type":"page","link":"https:\/\/www.rjtc.lv\/?page_id=6979","title":{"rendered":"Stikla dizains"},"content":{"rendered":"\n<p>Skolot\u0101js:<strong> Valdis Putni\u0146\u0161<\/strong><\/p>\n\n\n\n<p>Pulci\u0146\u0101 var\u0113s tehniski un m\u0101kslinieciski apstr\u0101d\u0101t stiklu, atkl\u0101jot t\u0101 unik\u0101l\u0101s materi\u0101l\u0101s \u012bpa\u0161\u012bbas. Programmas ietvaros pedagoga uzraudz\u012bb\u0101 audz\u0113k\u0146i iem\u0101c\u012bsies prec\u012bzi griezt, sl\u012bp\u0113t, apgleznot stiklu, lod\u0113t vitr\u0101\u017eas, patst\u0101v\u012bgi pl\u0101not un realiz\u0113t aizraujo\u0161us projektus, ekperimentus, pielietojot tradicion\u0101las apstr\u0101des tehnikas.&nbsp;<\/p>\n\n\n\n<p>&nbsp;B\u016bs iesp\u0113ja izgatavot stikla moza\u012bkas un kol\u0101\u017eas, ledotu stiklu, telpiskus dizaina objektus un kr\u0101vumus, apgleznot da\u017e\u0101d\u0101s tehnik\u0101s, izveidot rotas, v\u0113ja zvanus, sve\u010dturus, k\u0101 ar\u012b stikla vitr\u0101\u017eas \u201cTiffany\u201d tehnik\u0101 un lod\u0113t. Izmantojot piededzin\u0101\u0161anas iesp\u0113jas kr\u0101sn\u012b, var\u0113s izgatavot un apgleznot da\u017e\u0101du formu traukus, rotas un citus dizaina objektus.<\/p>\n\n\n\n<p>Uz\u0146em dal\u012bbniekus no <strong>7 &#8211; 25 gadiem<\/strong><\/p>\n\n\n\n<p>Nodarb\u012bbas notiek<strong> Bauskas iel\u0101 88, 407. kabinet\u0101<\/strong><\/p>\n\n\n\n<figure class=\"wp-block-image size-large\"><a href=\"https:\/\/www.rjtc.lv\/wp-content\/uploads\/2024\/09\/Stikla-dizains-RJTC.jpg\"><img loading=\"lazy\" decoding=\"async\" width=\"1024\" height=\"1024\" src=\"https:\/\/www.rjtc.lv\/wp-content\/uploads\/2024\/09\/Stikla-dizains-RJTC-1024x1024.jpg\" alt=\"\" class=\"wp-image-9111\" srcset=\"https:\/\/www.rjtc.lv\/wp-content\/uploads\/2024\/09\/Stikla-dizains-RJTC-1024x1024.jpg 1024w, https:\/\/www.rjtc.lv\/wp-content\/uploads\/2024\/09\/Stikla-dizains-RJTC-300x300.jpg 300w, https:\/\/www.rjtc.lv\/wp-content\/uploads\/2024\/09\/Stikla-dizains-RJTC-150x150.jpg 150w, https:\/\/www.rjtc.lv\/wp-content\/uploads\/2024\/09\/Stikla-dizains-RJTC-768x768.jpg 768w, https:\/\/www.rjtc.lv\/wp-content\/uploads\/2024\/09\/Stikla-dizains-RJTC-160x160.jpg 160w, https:\/\/www.rjtc.lv\/wp-content\/uploads\/2024\/09\/Stikla-dizains-RJTC-240x240.jpg 240w, https:\/\/www.rjtc.lv\/wp-content\/uploads\/2024\/09\/Stikla-dizains-RJTC-60x60.jpg 60w, https:\/\/www.rjtc.lv\/wp-content\/uploads\/2024\/09\/Stikla-dizains-RJTC-184x184.jpg 184w, https:\/\/www.rjtc.lv\/wp-content\/uploads\/2024\/09\/Stikla-dizains-RJTC.jpg 1080w\" sizes=\"auto, (max-width: 1024px) 100vw, 1024px\" \/><\/a><\/figure>\n","protected":false},"excerpt":{"rendered":"<p>Skolot\u0101js: Valdis Putni\u0146\u0161 Pulci\u0146\u0101 var\u0113s tehniski un m\u0101kslinieciski apstr\u0101d\u0101t stiklu, atkl\u0101jot t\u0101 unik\u0101l\u0101s materi\u0101l\u0101s \u012bpa\u0161\u012bbas. Programmas ietvaros pedagoga uzraudz\u012bb\u0101 audz\u0113k\u0146i iem\u0101c\u012bsies prec\u012bzi griezt, sl\u012bp\u0113t, apgleznot stiklu, lod\u0113t vitr\u0101\u017eas, patst\u0101v\u012bgi pl\u0101not un realiz\u0113t aizraujo\u0161us projektus, ekperimentus, pielietojot tradicion\u0101las apstr\u0101des tehnikas.&nbsp; &nbsp;B\u016bs iesp\u0113ja izgatavot stikla moza\u012bkas un kol\u0101\u017eas, ledotu stiklu, telpiskus dizaina objektus un kr\u0101vumus, apgleznot da\u017e\u0101d\u0101s [&hellip;]<\/p>\n","protected":false},"author":4,"featured_media":9111,"parent":282,"menu_order":0,"comment_status":"closed","ping_status":"closed","template":"","meta":{"ngg_post_thumbnail":0,"footnotes":""},"class_list":["post-6979","page","type-page","status-publish","has-post-thumbnail","hentry"],"_links":{"self":[{"href":"https:\/\/www.rjtc.lv\/index.php?rest_route=\/wp\/v2\/pages\/6979","targetHints":{"allow":["GET"]}}],"collection":[{"href":"https:\/\/www.rjtc.lv\/index.php?rest_route=\/wp\/v2\/pages"}],"about":[{"href":"https:\/\/www.rjtc.lv\/index.php?rest_route=\/wp\/v2\/types\/page"}],"author":[{"embeddable":true,"href":"https:\/\/www.rjtc.lv\/index.php?rest_route=\/wp\/v2\/users\/4"}],"replies":[{"embeddable":true,"href":"https:\/\/www.rjtc.lv\/index.php?rest_route=%2Fwp%2Fv2%2Fcomments&post=6979"}],"version-history":[{"count":0,"href":"https:\/\/www.rjtc.lv\/index.php?rest_route=\/wp\/v2\/pages\/6979\/revisions"}],"up":[{"embeddable":true,"href":"https:\/\/www.rjtc.lv\/index.php?rest_route=\/wp\/v2\/pages\/282"}],"wp:featuredmedia":[{"embeddable":true,"href":"https:\/\/www.rjtc.lv\/index.php?rest_route=\/wp\/v2\/media\/9111"}],"wp:attachment":[{"href":"https:\/\/www.rjtc.lv\/index.php?rest_route=%2Fwp%2Fv2%2Fmedia&parent=6979"}],"curies":[{"name":"wp","href":"https:\/\/api.w.org\/{rel}","templated":true}]}}