{"id":6974,"date":"2023-01-27T14:58:41","date_gmt":"2023-01-27T14:58:41","guid":{"rendered":"https:\/\/www.rjtc.lv\/?page_id=6974"},"modified":"2025-09-18T09:32:49","modified_gmt":"2025-09-18T09:32:49","slug":"100-dabas-brinumi","status":"publish","type":"page","link":"https:\/\/www.rjtc.lv\/?page_id=6974","title":{"rendered":"100 dabas br\u012bnumi"},"content":{"rendered":"\n<p>Skolot\u0101js: <strong>Aija Ru\u0123\u0113na<\/strong><\/p>\n\n\n\n<p>Pulci\u0146\u0161 100 dabas br\u012bnumi aicina dal\u012bbniekus iepaz\u012bt pasauli sev apk\u0101rt, izzin\u0101t da\u017e\u0101dus dabas procesu un uzzin\u0101t daudz jauna par augiem un dz\u012bvniekiem.<\/p>\n\n\n\n<figure class=\"wp-block-embed is-type-video is-provider-youtube wp-block-embed-youtube wp-embed-aspect-16-9 wp-has-aspect-ratio\"><div class=\"wp-block-embed__wrapper\">\n<iframe loading=\"lazy\" title=\"RJTC R\u012bgas Dabaszin\u012bbu skola\" width=\"838\" height=\"471\" src=\"https:\/\/www.youtube.com\/embed\/ii966DiaZo8?feature=oembed\" frameborder=\"0\" allow=\"accelerometer; autoplay; clipboard-write; encrypted-media; gyroscope; picture-in-picture; web-share\" referrerpolicy=\"strict-origin-when-cross-origin\" allowfullscreen><\/iframe>\n<\/div><\/figure>\n\n\n\n<p>Kop\u012bgi darbosimies ar dabas materi\u0101liem, eksperiment\u0113sim un v\u0113rosim k\u0101das izmai\u0146as dab\u0101 varam paman\u012bt da\u017e\u0101dos gadalaikos.<\/p>\n\n\n\n<p>Nodarb\u012bbas notiek <strong>Ernest\u012bnes iel\u0101 8a<\/strong>, <strong>Siltumn\u012bc\u0101<\/strong><\/p>\n","protected":false},"excerpt":{"rendered":"<p>Skolot\u0101js: Aija Ru\u0123\u0113na Pulci\u0146\u0161 100 dabas br\u012bnumi aicina dal\u012bbniekus iepaz\u012bt pasauli sev apk\u0101rt, izzin\u0101t da\u017e\u0101dus dabas procesu un uzzin\u0101t daudz jauna par augiem un dz\u012bvniekiem. Kop\u012bgi darbosimies ar dabas materi\u0101liem, eksperiment\u0113sim un v\u0113rosim k\u0101das izmai\u0146as dab\u0101 varam paman\u012bt da\u017e\u0101dos gadalaikos. Nodarb\u012bbas notiek Ernest\u012bnes iel\u0101 8a, Siltumn\u012bc\u0101<\/p>\n","protected":false},"author":4,"featured_media":0,"parent":4035,"menu_order":0,"comment_status":"closed","ping_status":"closed","template":"","meta":{"ngg_post_thumbnail":0,"footnotes":""},"class_list":["post-6974","page","type-page","status-publish","hentry"],"_links":{"self":[{"href":"https:\/\/www.rjtc.lv\/index.php?rest_route=\/wp\/v2\/pages\/6974","targetHints":{"allow":["GET"]}}],"collection":[{"href":"https:\/\/www.rjtc.lv\/index.php?rest_route=\/wp\/v2\/pages"}],"about":[{"href":"https:\/\/www.rjtc.lv\/index.php?rest_route=\/wp\/v2\/types\/page"}],"author":[{"embeddable":true,"href":"https:\/\/www.rjtc.lv\/index.php?rest_route=\/wp\/v2\/users\/4"}],"replies":[{"embeddable":true,"href":"https:\/\/www.rjtc.lv\/index.php?rest_route=%2Fwp%2Fv2%2Fcomments&post=6974"}],"version-history":[{"count":0,"href":"https:\/\/www.rjtc.lv\/index.php?rest_route=\/wp\/v2\/pages\/6974\/revisions"}],"up":[{"embeddable":true,"href":"https:\/\/www.rjtc.lv\/index.php?rest_route=\/wp\/v2\/pages\/4035"}],"wp:attachment":[{"href":"https:\/\/www.rjtc.lv\/index.php?rest_route=%2Fwp%2Fv2%2Fmedia&parent=6974"}],"curies":[{"name":"wp","href":"https:\/\/api.w.org\/{rel}","templated":true}]}}