{"id":6968,"date":"2023-01-27T14:01:35","date_gmt":"2023-01-27T14:01:35","guid":{"rendered":"https:\/\/www.rjtc.lv\/?page_id=6968"},"modified":"2025-09-18T09:34:27","modified_gmt":"2025-09-18T09:34:27","slug":"mazais-dabas-petnieks-3","status":"publish","type":"page","link":"https:\/\/www.rjtc.lv\/?page_id=6968","title":{"rendered":"Mazais dabas p\u0113tnieks"},"content":{"rendered":"\n<p>Skolot\u0101js: <strong>Lilita Svir\u017eevska<\/strong>&nbsp;<\/p>\n\n\n\n<p>Pulci\u0146a nodarb\u012bb\u0101s audz\u0113k\u0146i:&nbsp;&nbsp;<\/p>\n\n\n\n<ul class=\"wp-block-list\">\n<li>&nbsp;klaus\u012bsies dabu un par dabu;&nbsp;<\/li>\n\n\n\n<li>&nbsp;v\u0113ros un att\u0113los dabu;&nbsp;&nbsp;<\/li>\n\n\n\n<li>&nbsp;model\u0113s dabu (no dabas materi\u0101liem, pap\u012bra, plastil\u012bna, Lego klu\u010diem);&nbsp;&nbsp;<\/li>\n\n\n\n<li>&nbsp;izsp\u0113l\u0113s dabu;&nbsp;<\/li>\n\n\n\n<li>&nbsp;eksperiment\u0113s\u2026&nbsp;<\/li>\n<\/ul>\n\n\n\n<figure class=\"wp-block-embed is-type-video is-provider-youtube wp-block-embed-youtube wp-embed-aspect-16-9 wp-has-aspect-ratio\"><div class=\"wp-block-embed__wrapper\">\n<iframe loading=\"lazy\" title=\"RJTC R\u012bgas Dabaszin\u012bbu skola\" width=\"838\" height=\"471\" src=\"https:\/\/www.youtube.com\/embed\/ii966DiaZo8?feature=oembed\" frameborder=\"0\" allow=\"accelerometer; autoplay; clipboard-write; encrypted-media; gyroscope; picture-in-picture; web-share\" referrerpolicy=\"strict-origin-when-cross-origin\" allowfullscreen><\/iframe>\n<\/div><\/figure>\n\n\n\n<p>Uz\u0146em dal\u012bbniekus no <strong>3 \u2013 6 gadiem<\/strong><\/p>\n\n\n\n<p>Nodarb\u012bbas notiek <strong>Ernest\u012bnes iel\u0101 8a<\/strong>,<strong> Lielaj\u0101 klas\u0113<\/strong><\/p>\n\n\n\n<figure class=\"wp-block-image size-large\"><a href=\"https:\/\/www.rjtc.lv\/wp-content\/uploads\/2023\/11\/RJTC-Mazais-dabas-petnieks.png\"><img loading=\"lazy\" decoding=\"async\" width=\"782\" height=\"1024\" src=\"https:\/\/www.rjtc.lv\/wp-content\/uploads\/2023\/11\/RJTC-Mazais-dabas-petnieks-782x1024.png\" alt=\"\" class=\"wp-image-7903\" srcset=\"https:\/\/www.rjtc.lv\/wp-content\/uploads\/2023\/11\/RJTC-Mazais-dabas-petnieks-782x1024.png 782w, https:\/\/www.rjtc.lv\/wp-content\/uploads\/2023\/11\/RJTC-Mazais-dabas-petnieks-229x300.png 229w, https:\/\/www.rjtc.lv\/wp-content\/uploads\/2023\/11\/RJTC-Mazais-dabas-petnieks-768x1006.png 768w, https:\/\/www.rjtc.lv\/wp-content\/uploads\/2023\/11\/RJTC-Mazais-dabas-petnieks-1173x1536.png 1173w, https:\/\/www.rjtc.lv\/wp-content\/uploads\/2023\/11\/RJTC-Mazais-dabas-petnieks.png 1202w\" sizes=\"auto, (max-width: 782px) 100vw, 782px\" \/><\/a><\/figure>\n\n\n\n<p>Pieteik\u0161an\u0101s nodarb\u012bb\u0101m &#8211; <strong>lsvirzevska@edu.riga.lv<\/strong><\/p>\n","protected":false},"excerpt":{"rendered":"<p>Skolot\u0101js: Lilita Svir\u017eevska&nbsp; Pulci\u0146a nodarb\u012bb\u0101s audz\u0113k\u0146i:&nbsp;&nbsp; Uz\u0146em dal\u012bbniekus no 3 \u2013 6 gadiem Nodarb\u012bbas notiek Ernest\u012bnes iel\u0101 8a, Lielaj\u0101 klas\u0113 Pieteik\u0161an\u0101s nodarb\u012bb\u0101m &#8211; lsvirzevska@edu.riga.lv<\/p>\n","protected":false},"author":4,"featured_media":7903,"parent":4035,"menu_order":0,"comment_status":"closed","ping_status":"closed","template":"","meta":{"ngg_post_thumbnail":0,"footnotes":""},"class_list":["post-6968","page","type-page","status-publish","has-post-thumbnail","hentry"],"_links":{"self":[{"href":"https:\/\/www.rjtc.lv\/index.php?rest_route=\/wp\/v2\/pages\/6968","targetHints":{"allow":["GET"]}}],"collection":[{"href":"https:\/\/www.rjtc.lv\/index.php?rest_route=\/wp\/v2\/pages"}],"about":[{"href":"https:\/\/www.rjtc.lv\/index.php?rest_route=\/wp\/v2\/types\/page"}],"author":[{"embeddable":true,"href":"https:\/\/www.rjtc.lv\/index.php?rest_route=\/wp\/v2\/users\/4"}],"replies":[{"embeddable":true,"href":"https:\/\/www.rjtc.lv\/index.php?rest_route=%2Fwp%2Fv2%2Fcomments&post=6968"}],"version-history":[{"count":0,"href":"https:\/\/www.rjtc.lv\/index.php?rest_route=\/wp\/v2\/pages\/6968\/revisions"}],"up":[{"embeddable":true,"href":"https:\/\/www.rjtc.lv\/index.php?rest_route=\/wp\/v2\/pages\/4035"}],"wp:featuredmedia":[{"embeddable":true,"href":"https:\/\/www.rjtc.lv\/index.php?rest_route=\/wp\/v2\/media\/7903"}],"wp:attachment":[{"href":"https:\/\/www.rjtc.lv\/index.php?rest_route=%2Fwp%2Fv2%2Fmedia&parent=6968"}],"curies":[{"name":"wp","href":"https:\/\/api.w.org\/{rel}","templated":true}]}}