{"id":6945,"date":"2023-01-26T11:43:42","date_gmt":"2023-01-26T11:43:42","guid":{"rendered":"https:\/\/www.rjtc.lv\/?page_id=6945"},"modified":"2024-08-13T13:03:50","modified_gmt":"2024-08-13T13:03:50","slug":"pukkopibas-pulcins","status":"publish","type":"page","link":"https:\/\/www.rjtc.lv\/?page_id=6945","title":{"rendered":"Pu\u0137kop\u012bbas pulci\u0146\u0161"},"content":{"rendered":"\n<p>Skolot\u0101js: <strong>Je\u013cena Golovanova<\/strong><\/p>\n\n\n\n<p>Pulci\u0146a nodarb\u012bb\u0101s audz\u0113k\u0146i iepaz\u012bs izplat\u012bt\u0101kos augus,&nbsp; st\u0101d\u012b\u0161anu, augu pavairo\u0161anu un kop\u0161anu. Var\u0113s piedal\u012bties konkursos, m\u0101c\u012bbu ekskursij\u0101s un cit\u0101s interesant\u0101s aktivit\u0101t\u0113s.&nbsp;<\/p>\n\n\n\n<p>Uz\u0146em dal\u012bbniekus no<strong> 7 &#8211; 25 gadiem<\/strong><\/p>\n\n\n\n<p>Nodarb\u012bbas notiek <strong>Ernest\u012bnes iel\u0101 8a<\/strong>, <strong>Pu\u0137kop\u012bbas kabinet\u0101<\/strong><\/p>\n\n\n\n<figure class=\"wp-block-image size-large\"><a href=\"https:\/\/www.rjtc.lv\/wp-content\/uploads\/2023\/01\/Pukkopibas-pulcins.jpg\"><img loading=\"lazy\" decoding=\"async\" width=\"1024\" height=\"768\" src=\"https:\/\/www.rjtc.lv\/wp-content\/uploads\/2023\/01\/Pukkopibas-pulcins-1024x768.jpg\" alt=\"\" class=\"wp-image-6951\" srcset=\"https:\/\/www.rjtc.lv\/wp-content\/uploads\/2023\/01\/Pukkopibas-pulcins-1024x768.jpg 1024w, https:\/\/www.rjtc.lv\/wp-content\/uploads\/2023\/01\/Pukkopibas-pulcins-300x225.jpg 300w, https:\/\/www.rjtc.lv\/wp-content\/uploads\/2023\/01\/Pukkopibas-pulcins-768x576.jpg 768w, https:\/\/www.rjtc.lv\/wp-content\/uploads\/2023\/01\/Pukkopibas-pulcins.jpg 1146w\" sizes=\"auto, (max-width: 1024px) 100vw, 1024px\" \/><\/a><\/figure>\n\n\n\n<p>Pieteik\u0161an\u0101s nodarb\u012bb\u0101m &#8211;<strong> jgolovanova@edu.riga.lv<\/strong><\/p>\n","protected":false},"excerpt":{"rendered":"<p>Skolot\u0101js: Je\u013cena Golovanova Pulci\u0146a nodarb\u012bb\u0101s audz\u0113k\u0146i iepaz\u012bs izplat\u012bt\u0101kos augus,&nbsp; st\u0101d\u012b\u0161anu, augu pavairo\u0161anu un kop\u0161anu. Var\u0113s piedal\u012bties konkursos, m\u0101c\u012bbu ekskursij\u0101s un cit\u0101s interesant\u0101s aktivit\u0101t\u0113s.&nbsp; Uz\u0146em dal\u012bbniekus no 7 &#8211; 25 gadiem Nodarb\u012bbas notiek Ernest\u012bnes iel\u0101 8a, Pu\u0137kop\u012bbas kabinet\u0101 Pieteik\u0161an\u0101s nodarb\u012bb\u0101m &#8211; jgolovanova@edu.riga.lv<\/p>\n","protected":false},"author":4,"featured_media":0,"parent":4035,"menu_order":0,"comment_status":"closed","ping_status":"closed","template":"","meta":{"ngg_post_thumbnail":0,"footnotes":""},"class_list":["post-6945","page","type-page","status-publish","hentry"],"_links":{"self":[{"href":"https:\/\/www.rjtc.lv\/index.php?rest_route=\/wp\/v2\/pages\/6945","targetHints":{"allow":["GET"]}}],"collection":[{"href":"https:\/\/www.rjtc.lv\/index.php?rest_route=\/wp\/v2\/pages"}],"about":[{"href":"https:\/\/www.rjtc.lv\/index.php?rest_route=\/wp\/v2\/types\/page"}],"author":[{"embeddable":true,"href":"https:\/\/www.rjtc.lv\/index.php?rest_route=\/wp\/v2\/users\/4"}],"replies":[{"embeddable":true,"href":"https:\/\/www.rjtc.lv\/index.php?rest_route=%2Fwp%2Fv2%2Fcomments&post=6945"}],"version-history":[{"count":0,"href":"https:\/\/www.rjtc.lv\/index.php?rest_route=\/wp\/v2\/pages\/6945\/revisions"}],"up":[{"embeddable":true,"href":"https:\/\/www.rjtc.lv\/index.php?rest_route=\/wp\/v2\/pages\/4035"}],"wp:attachment":[{"href":"https:\/\/www.rjtc.lv\/index.php?rest_route=%2Fwp%2Fv2%2Fmedia&parent=6945"}],"curies":[{"name":"wp","href":"https:\/\/api.w.org\/{rel}","templated":true}]}}