{"id":6942,"date":"2023-01-25T13:15:43","date_gmt":"2023-01-25T13:15:43","guid":{"rendered":"https:\/\/www.rjtc.lv\/?page_id=6942"},"modified":"2026-03-17T13:57:17","modified_gmt":"2026-03-17T13:57:17","slug":"jaunie-ornitologi","status":"publish","type":"page","link":"https:\/\/www.rjtc.lv\/?page_id=6942","title":{"rendered":"Jaunie Ornitologi"},"content":{"rendered":"\n<p>Skolot\u0101js: <\/p>\n\n\n\n<p>Pulci\u0146a nodarb\u012bb\u0101s audz\u0113k\u0146i uzzin\u0101s par putnu daudzveid\u012bbu pasaul\u0113, Latvijas putniem un to noteik\u0161anu, aizsardz\u012bbu un retajiem putniem Latvij\u0101, migr\u0101cij\u0101m un gredzeno\u0161anu, putnu baro\u0161anu ziem\u0101, putnu b\u016br\u012b\u0161iem un izp\u0113tes metod\u0113m.<\/p>\n\n\n\n<figure class=\"wp-block-embed is-type-video is-provider-youtube wp-block-embed-youtube wp-embed-aspect-16-9 wp-has-aspect-ratio\"><div class=\"wp-block-embed__wrapper\">\n<iframe loading=\"lazy\" title=\"Jauno ornitologu pulci\u0146\u0161\" width=\"838\" height=\"471\" src=\"https:\/\/www.youtube.com\/embed\/_snA4YG_pWU?feature=oembed\" frameborder=\"0\" allow=\"accelerometer; autoplay; clipboard-write; encrypted-media; gyroscope; picture-in-picture; web-share\" referrerpolicy=\"strict-origin-when-cross-origin\" allowfullscreen><\/iframe>\n<\/div><\/figure>\n\n\n\n<p>Uz\u0146em dal\u012bbniekus no <strong>7-13 gadiem<\/strong><\/p>\n\n\n\n<p>Nodarb\u012bbas notiek <strong>Ernest\u012bnes iel\u0101 8a<\/strong>, <strong>Pu\u0137kop\u012bbas kabinet\u0101<\/strong><\/p>\n","protected":false},"excerpt":{"rendered":"<p>Skolot\u0101js: Pulci\u0146a nodarb\u012bb\u0101s audz\u0113k\u0146i uzzin\u0101s par putnu daudzveid\u012bbu pasaul\u0113, Latvijas putniem un to noteik\u0161anu, aizsardz\u012bbu un retajiem putniem Latvij\u0101, migr\u0101cij\u0101m un gredzeno\u0161anu, putnu baro\u0161anu ziem\u0101, putnu b\u016br\u012b\u0161iem un izp\u0113tes metod\u0113m. Uz\u0146em dal\u012bbniekus no 7-13 gadiem Nodarb\u012bbas notiek Ernest\u012bnes iel\u0101 8a, Pu\u0137kop\u012bbas kabinet\u0101<\/p>\n","protected":false},"author":4,"featured_media":0,"parent":4035,"menu_order":0,"comment_status":"closed","ping_status":"closed","template":"","meta":{"ngg_post_thumbnail":0,"footnotes":""},"class_list":["post-6942","page","type-page","status-publish","hentry"],"_links":{"self":[{"href":"https:\/\/www.rjtc.lv\/index.php?rest_route=\/wp\/v2\/pages\/6942","targetHints":{"allow":["GET"]}}],"collection":[{"href":"https:\/\/www.rjtc.lv\/index.php?rest_route=\/wp\/v2\/pages"}],"about":[{"href":"https:\/\/www.rjtc.lv\/index.php?rest_route=\/wp\/v2\/types\/page"}],"author":[{"embeddable":true,"href":"https:\/\/www.rjtc.lv\/index.php?rest_route=\/wp\/v2\/users\/4"}],"replies":[{"embeddable":true,"href":"https:\/\/www.rjtc.lv\/index.php?rest_route=%2Fwp%2Fv2%2Fcomments&post=6942"}],"version-history":[{"count":1,"href":"https:\/\/www.rjtc.lv\/index.php?rest_route=\/wp\/v2\/pages\/6942\/revisions"}],"predecessor-version":[{"id":11773,"href":"https:\/\/www.rjtc.lv\/index.php?rest_route=\/wp\/v2\/pages\/6942\/revisions\/11773"}],"up":[{"embeddable":true,"href":"https:\/\/www.rjtc.lv\/index.php?rest_route=\/wp\/v2\/pages\/4035"}],"wp:attachment":[{"href":"https:\/\/www.rjtc.lv\/index.php?rest_route=%2Fwp%2Fv2%2Fmedia&parent=6942"}],"curies":[{"name":"wp","href":"https:\/\/api.w.org\/{rel}","templated":true}]}}