{"id":6938,"date":"2023-01-25T13:04:15","date_gmt":"2023-01-25T13:04:15","guid":{"rendered":"https:\/\/www.rjtc.lv\/?page_id=6938"},"modified":"2025-09-05T09:17:39","modified_gmt":"2025-09-05T09:17:39","slug":"lego","status":"publish","type":"page","link":"https:\/\/www.rjtc.lv\/?page_id=6938","title":{"rendered":"LEGO"},"content":{"rendered":"\n<p>Skolot\u0101js: <strong>Ed\u012bte Kr\u0113sli\u0146a<\/strong><\/p>\n\n\n\n<p>Nodarb\u012bb\u0101s audz\u0113k\u0146i:\u202f&nbsp;<\/p>\n\n\n\n<ul class=\"wp-block-list\">\n<li>rado\u0161i darbojas ar LEGO, b\u016bv\u0113jot, eksperiment\u0113jot un radot telpiskus un plaknes t\u0113lus;\u202f\u202f&nbsp;<\/li>\n<\/ul>\n\n\n\n<ul class=\"wp-block-list\">\n<li>iepaz\u012bst pasauli (dz\u012bvo dabu, tehniku, fant\u0101zijas t\u0113lus, arhitekt\u016bru), kur\u0101 dz\u012bvojam un atainojam to no LEGO klu\u010diem;<\/li>\n<\/ul>\n\n\n\n<ul class=\"wp-block-list\">\n<li>realiz\u0113 savas rado\u0161\u0101s idejas un darbojas \u201csoli pa solim\u201d p\u0113c instrukcijas;\u202f&nbsp;<\/li>\n<\/ul>\n\n\n\n<ul class=\"wp-block-list\">\n<li>piedal\u0101s konkursos un izst\u0101d\u0113s.<\/li>\n<\/ul>\n\n\n\n<p>Uz\u0146em dal\u012bbniekus no <strong>4- 12 gadiem<\/strong><\/p>\n\n\n\n<p>Nodarb\u012bbas notiek <strong>Ernest\u012bnes iel\u0101 8a, Mazaj\u0101 klas\u0113<\/strong><\/p>\n\n\n\n<figure class=\"wp-block-image size-full\"><a href=\"https:\/\/www.rjtc.lv\/wp-content\/uploads\/2023\/01\/277801217_396595042286193_711898427125585010_n.jpg\"><img loading=\"lazy\" decoding=\"async\" width=\"960\" height=\"540\" src=\"https:\/\/www.rjtc.lv\/wp-content\/uploads\/2023\/01\/277801217_396595042286193_711898427125585010_n.jpg\" alt=\"\" class=\"wp-image-6937\" srcset=\"https:\/\/www.rjtc.lv\/wp-content\/uploads\/2023\/01\/277801217_396595042286193_711898427125585010_n.jpg 960w, https:\/\/www.rjtc.lv\/wp-content\/uploads\/2023\/01\/277801217_396595042286193_711898427125585010_n-300x169.jpg 300w, https:\/\/www.rjtc.lv\/wp-content\/uploads\/2023\/01\/277801217_396595042286193_711898427125585010_n-768x432.jpg 768w\" sizes=\"auto, (max-width: 960px) 100vw, 960px\" \/><\/a><\/figure>\n\n\n\n<p>Pieteik\u0161an\u0101s nodarb\u012bb\u0101m &#8211; <strong>ezeltina<\/strong>7<strong>@edu.riga.lv<\/strong><\/p>\n\n\n\n<p><\/p>\n","protected":false},"excerpt":{"rendered":"<p>Skolot\u0101js: Ed\u012bte Kr\u0113sli\u0146a Nodarb\u012bb\u0101s audz\u0113k\u0146i:\u202f&nbsp; Uz\u0146em dal\u012bbniekus no 4- 12 gadiem Nodarb\u012bbas notiek Ernest\u012bnes iel\u0101 8a, Mazaj\u0101 klas\u0113 Pieteik\u0161an\u0101s nodarb\u012bb\u0101m &#8211; ezeltina7@edu.riga.lv<\/p>\n","protected":false},"author":4,"featured_media":6937,"parent":4035,"menu_order":0,"comment_status":"closed","ping_status":"closed","template":"","meta":{"ngg_post_thumbnail":0,"footnotes":""},"class_list":["post-6938","page","type-page","status-publish","has-post-thumbnail","hentry"],"_links":{"self":[{"href":"https:\/\/www.rjtc.lv\/index.php?rest_route=\/wp\/v2\/pages\/6938","targetHints":{"allow":["GET"]}}],"collection":[{"href":"https:\/\/www.rjtc.lv\/index.php?rest_route=\/wp\/v2\/pages"}],"about":[{"href":"https:\/\/www.rjtc.lv\/index.php?rest_route=\/wp\/v2\/types\/page"}],"author":[{"embeddable":true,"href":"https:\/\/www.rjtc.lv\/index.php?rest_route=\/wp\/v2\/users\/4"}],"replies":[{"embeddable":true,"href":"https:\/\/www.rjtc.lv\/index.php?rest_route=%2Fwp%2Fv2%2Fcomments&post=6938"}],"version-history":[{"count":0,"href":"https:\/\/www.rjtc.lv\/index.php?rest_route=\/wp\/v2\/pages\/6938\/revisions"}],"up":[{"embeddable":true,"href":"https:\/\/www.rjtc.lv\/index.php?rest_route=\/wp\/v2\/pages\/4035"}],"wp:featuredmedia":[{"embeddable":true,"href":"https:\/\/www.rjtc.lv\/index.php?rest_route=\/wp\/v2\/media\/6937"}],"wp:attachment":[{"href":"https:\/\/www.rjtc.lv\/index.php?rest_route=%2Fwp%2Fv2%2Fmedia&parent=6938"}],"curies":[{"name":"wp","href":"https:\/\/api.w.org\/{rel}","templated":true}]}}