{"id":6921,"date":"2023-01-24T15:54:42","date_gmt":"2023-01-24T15:54:42","guid":{"rendered":"https:\/\/www.rjtc.lv\/?page_id=6921"},"modified":"2025-09-09T10:09:58","modified_gmt":"2025-09-09T10:09:58","slug":"floristika","status":"publish","type":"page","link":"https:\/\/www.rjtc.lv\/?page_id=6921","title":{"rendered":"Floristika"},"content":{"rendered":"\n<p>Skolot\u0101js: <strong>Ed\u012bte Kr\u0113sli\u0146a<\/strong><\/p>\n\n\n\n<p>Audz\u0113k\u0146i iepaz\u012bst dabas materi\u0101lu daudzveid\u012bbu, k\u0101 ar\u012b citu floristik\u0101 izmantojamo materi\u0101lu kl\u0101stu. Apg\u016bst da\u017e\u0101das tehnikas ziedu kompoz\u012bciju un pu\u0161\u0137u veido\u0161an\u0101, dekoru izgatavo\u0161an\u0101.\u202fDarbojoties floristikas pulci\u0146\u0101 att\u012bst\u0101s audz\u0113k\u0146u izt\u0113le un tiek apg\u016btas patst\u0101v\u012bga rado\u0161\u0101 darba iema\u0146as.\u202fNodarb\u012bb\u0101s tiek veidotas \u202fskaistas lietas sev un saviem m\u012b\u013cajiem!\u202fAudz\u0113k\u0146i piedal\u0101s izst\u0101d\u0113s, konkursos un rado\u0161aj\u0101s darbn\u012bc\u0101s.&nbsp;<\/p>\n\n\n\n<figure class=\"wp-block-embed is-type-video is-provider-youtube wp-block-embed-youtube wp-embed-aspect-16-9 wp-has-aspect-ratio\"><div class=\"wp-block-embed__wrapper\">\n<iframe loading=\"lazy\" title=\"Floristikas pulci\u0146\u0161\" width=\"838\" height=\"471\" src=\"https:\/\/www.youtube.com\/embed\/BPcBVJlNEWg?feature=oembed\" frameborder=\"0\" allow=\"accelerometer; autoplay; clipboard-write; encrypted-media; gyroscope; picture-in-picture; web-share\" referrerpolicy=\"strict-origin-when-cross-origin\" allowfullscreen><\/iframe>\n<\/div><\/figure>\n\n\n\n<p>Uz\u0146em dal\u012bbniekus no <strong>7 &#8211; 25 gadiem<\/strong><\/p>\n\n\n\n<p>Nodarb\u012bbas notiek <strong>Ernest\u012bnes iel\u0101 8a<\/strong>, <strong>Mansarda klas\u0113<\/strong><\/p>\n\n\n\n<figure class=\"wp-block-image size-large\"><a href=\"https:\/\/www.rjtc.lv\/wp-content\/uploads\/2023\/01\/20201008_165847-scaled.jpg\"><img loading=\"lazy\" decoding=\"async\" width=\"768\" height=\"1024\" src=\"https:\/\/www.rjtc.lv\/wp-content\/uploads\/2023\/01\/20201008_165847-768x1024.jpg\" alt=\"\" class=\"wp-image-6920\" srcset=\"https:\/\/www.rjtc.lv\/wp-content\/uploads\/2023\/01\/20201008_165847-768x1024.jpg 768w, https:\/\/www.rjtc.lv\/wp-content\/uploads\/2023\/01\/20201008_165847-225x300.jpg 225w, https:\/\/www.rjtc.lv\/wp-content\/uploads\/2023\/01\/20201008_165847-1152x1536.jpg 1152w, https:\/\/www.rjtc.lv\/wp-content\/uploads\/2023\/01\/20201008_165847-1536x2048.jpg 1536w, https:\/\/www.rjtc.lv\/wp-content\/uploads\/2023\/01\/20201008_165847-scaled.jpg 1920w\" sizes=\"auto, (max-width: 768px) 100vw, 768px\" \/><\/a><\/figure>\n\n\n\n<p>Pieteik\u0161an\u0101s nodarb\u012bb\u0101m &#8211; <strong>edite1133@inbox.lv<\/strong><\/p>\n","protected":false},"excerpt":{"rendered":"<p>Skolot\u0101js: Ed\u012bte Kr\u0113sli\u0146a Audz\u0113k\u0146i iepaz\u012bst dabas materi\u0101lu daudzveid\u012bbu, k\u0101 ar\u012b citu floristik\u0101 izmantojamo materi\u0101lu kl\u0101stu. Apg\u016bst da\u017e\u0101das tehnikas ziedu kompoz\u012bciju un pu\u0161\u0137u veido\u0161an\u0101, dekoru izgatavo\u0161an\u0101.\u202fDarbojoties floristikas pulci\u0146\u0101 att\u012bst\u0101s audz\u0113k\u0146u izt\u0113le un tiek apg\u016btas patst\u0101v\u012bga rado\u0161\u0101 darba iema\u0146as.\u202fNodarb\u012bb\u0101s tiek veidotas \u202fskaistas lietas sev un saviem m\u012b\u013cajiem!\u202fAudz\u0113k\u0146i piedal\u0101s izst\u0101d\u0113s, konkursos un rado\u0161aj\u0101s darbn\u012bc\u0101s.&nbsp; Uz\u0146em dal\u012bbniekus no 7 [&hellip;]<\/p>\n","protected":false},"author":4,"featured_media":6920,"parent":4035,"menu_order":0,"comment_status":"closed","ping_status":"closed","template":"","meta":{"ngg_post_thumbnail":0,"footnotes":""},"class_list":["post-6921","page","type-page","status-publish","has-post-thumbnail","hentry"],"_links":{"self":[{"href":"https:\/\/www.rjtc.lv\/index.php?rest_route=\/wp\/v2\/pages\/6921","targetHints":{"allow":["GET"]}}],"collection":[{"href":"https:\/\/www.rjtc.lv\/index.php?rest_route=\/wp\/v2\/pages"}],"about":[{"href":"https:\/\/www.rjtc.lv\/index.php?rest_route=\/wp\/v2\/types\/page"}],"author":[{"embeddable":true,"href":"https:\/\/www.rjtc.lv\/index.php?rest_route=\/wp\/v2\/users\/4"}],"replies":[{"embeddable":true,"href":"https:\/\/www.rjtc.lv\/index.php?rest_route=%2Fwp%2Fv2%2Fcomments&post=6921"}],"version-history":[{"count":0,"href":"https:\/\/www.rjtc.lv\/index.php?rest_route=\/wp\/v2\/pages\/6921\/revisions"}],"up":[{"embeddable":true,"href":"https:\/\/www.rjtc.lv\/index.php?rest_route=\/wp\/v2\/pages\/4035"}],"wp:featuredmedia":[{"embeddable":true,"href":"https:\/\/www.rjtc.lv\/index.php?rest_route=\/wp\/v2\/media\/6920"}],"wp:attachment":[{"href":"https:\/\/www.rjtc.lv\/index.php?rest_route=%2Fwp%2Fv2%2Fmedia&parent=6921"}],"curies":[{"name":"wp","href":"https:\/\/api.w.org\/{rel}","templated":true}]}}