{"id":6914,"date":"2023-01-24T15:22:28","date_gmt":"2023-01-24T15:22:28","guid":{"rendered":"https:\/\/www.rjtc.lv\/?page_id=6914"},"modified":"2025-09-18T09:37:17","modified_gmt":"2025-09-18T09:37:17","slug":"vides-eksperimenti-2","status":"publish","type":"page","link":"https:\/\/www.rjtc.lv\/?page_id=6914","title":{"rendered":"Vides eksperimenti"},"content":{"rendered":"\n<p>Skolot\u0101js: <strong>Lilita Svir\u017eevska<\/strong><\/p>\n\n\n\n<p>Pulci\u0146\u0101 tiek veikti da\u017e\u0101di dabaszin\u0101t\u0146u eksperimenti. No vienk\u0101r\u0161iem materi\u0101liem tiek izgatavotas zin\u0101tnisk\u0101s rota\u013clietas, ar kur\u0101m var veikt eksperimentus ar\u012b m\u0101j\u0101s. Pulci\u0146a audz\u0113k\u0146i regul\u0101ri piedal\u0101s da\u017e\u0101dos ar vidi saist\u012btos konkursos.&nbsp;<\/p>\n\n\n\n<figure class=\"wp-block-embed is-type-video is-provider-youtube wp-block-embed-youtube wp-embed-aspect-16-9 wp-has-aspect-ratio\"><div class=\"wp-block-embed__wrapper\">\n<iframe loading=\"lazy\" title=\"RJTC R\u012bgas Dabaszin\u012bbu skola\" width=\"838\" height=\"471\" src=\"https:\/\/www.youtube.com\/embed\/ii966DiaZo8?feature=oembed\" frameborder=\"0\" allow=\"accelerometer; autoplay; clipboard-write; encrypted-media; gyroscope; picture-in-picture; web-share\" referrerpolicy=\"strict-origin-when-cross-origin\" allowfullscreen><\/iframe>\n<\/div><\/figure>\n\n\n\n<p>Uz\u0146em dal\u012bbniekus no <strong>5- 16 gadiem<\/strong><\/p>\n\n\n\n<p>Nodarb\u012bbas notiek <strong>Ernest\u012bnes iel\u0101 8a<\/strong>, <strong>Lielaj\u0101 klas\u0113<\/strong><\/p>\n\n\n\n<figure class=\"wp-block-image size-full\"><a href=\"https:\/\/www.rjtc.lv\/wp-content\/uploads\/2023\/01\/eksperimenti.jpg\"><img loading=\"lazy\" decoding=\"async\" width=\"752\" height=\"859\" src=\"https:\/\/www.rjtc.lv\/wp-content\/uploads\/2023\/01\/eksperimenti.jpg\" alt=\"\" class=\"wp-image-6912\" srcset=\"https:\/\/www.rjtc.lv\/wp-content\/uploads\/2023\/01\/eksperimenti.jpg 752w, https:\/\/www.rjtc.lv\/wp-content\/uploads\/2023\/01\/eksperimenti-263x300.jpg 263w\" sizes=\"auto, (max-width: 752px) 100vw, 752px\" \/><\/a><\/figure>\n\n\n\n<p>Pieteik\u0161an\u0101s nodarb\u012bb\u0101m &#8211; <strong>lsvirzevska@edu.riga.lv<\/strong><\/p>\n","protected":false},"excerpt":{"rendered":"<p>Skolot\u0101js: Lilita Svir\u017eevska Pulci\u0146\u0101 tiek veikti da\u017e\u0101di dabaszin\u0101t\u0146u eksperimenti. No vienk\u0101r\u0161iem materi\u0101liem tiek izgatavotas zin\u0101tnisk\u0101s rota\u013clietas, ar kur\u0101m var veikt eksperimentus ar\u012b m\u0101j\u0101s. Pulci\u0146a audz\u0113k\u0146i regul\u0101ri piedal\u0101s da\u017e\u0101dos ar vidi saist\u012btos konkursos.&nbsp; Uz\u0146em dal\u012bbniekus no 5- 16 gadiem Nodarb\u012bbas notiek Ernest\u012bnes iel\u0101 8a, Lielaj\u0101 klas\u0113 Pieteik\u0161an\u0101s nodarb\u012bb\u0101m &#8211; lsvirzevska@edu.riga.lv<\/p>\n","protected":false},"author":4,"featured_media":6912,"parent":4035,"menu_order":0,"comment_status":"closed","ping_status":"closed","template":"","meta":{"ngg_post_thumbnail":0,"footnotes":""},"class_list":["post-6914","page","type-page","status-publish","has-post-thumbnail","hentry"],"_links":{"self":[{"href":"https:\/\/www.rjtc.lv\/index.php?rest_route=\/wp\/v2\/pages\/6914","targetHints":{"allow":["GET"]}}],"collection":[{"href":"https:\/\/www.rjtc.lv\/index.php?rest_route=\/wp\/v2\/pages"}],"about":[{"href":"https:\/\/www.rjtc.lv\/index.php?rest_route=\/wp\/v2\/types\/page"}],"author":[{"embeddable":true,"href":"https:\/\/www.rjtc.lv\/index.php?rest_route=\/wp\/v2\/users\/4"}],"replies":[{"embeddable":true,"href":"https:\/\/www.rjtc.lv\/index.php?rest_route=%2Fwp%2Fv2%2Fcomments&post=6914"}],"version-history":[{"count":0,"href":"https:\/\/www.rjtc.lv\/index.php?rest_route=\/wp\/v2\/pages\/6914\/revisions"}],"up":[{"embeddable":true,"href":"https:\/\/www.rjtc.lv\/index.php?rest_route=\/wp\/v2\/pages\/4035"}],"wp:featuredmedia":[{"embeddable":true,"href":"https:\/\/www.rjtc.lv\/index.php?rest_route=\/wp\/v2\/media\/6912"}],"wp:attachment":[{"href":"https:\/\/www.rjtc.lv\/index.php?rest_route=%2Fwp%2Fv2%2Fmedia&parent=6914"}],"curies":[{"name":"wp","href":"https:\/\/api.w.org\/{rel}","templated":true}]}}