{"id":6904,"date":"2023-01-24T15:12:30","date_gmt":"2023-01-24T15:12:30","guid":{"rendered":"https:\/\/www.rjtc.lv\/?page_id=6904"},"modified":"2024-09-06T08:33:17","modified_gmt":"2024-09-06T08:33:17","slug":"lietu-otra-dzive-2","status":"publish","type":"page","link":"https:\/\/www.rjtc.lv\/?page_id=6904","title":{"rendered":"Lietu otr\u0101 dz\u012bve"},"content":{"rendered":"\n<p>Skolot\u0101js: <strong>Lilita Svir\u017eevska<\/strong><\/p>\n\n\n\n<p>Pulci\u0146\u0101 audz\u0113k\u0146i apg\u016bst prasmes, k\u0101 no neder\u012bg\u0101m liet\u0101m veidot interesantus, praktiskus, netradicion\u0101lus un ori\u0123in\u0101lus priek\u0161metus. Darbi\u0146i tiek veidoti no da\u017e\u0101diem materi\u0101liem un da\u017e\u0101d\u0101s tehnik\u0101s.&nbsp;<\/p>\n\n\n\n<p>Uz\u0146em dal\u012bbniekus no <strong>7- 16 gadiem<\/strong><\/p>\n\n\n\n<p>Nodarb\u012bbas notiek <strong>Ernest\u012bnes iel\u0101 8a<\/strong>, <strong>Lielaj\u0101 klas\u0113<\/strong><\/p>\n\n\n\n<p>Pieteik\u0161an\u0101s nodarb\u012bb\u0101m &#8211; <strong>lsvirzevska@edu.riga.lv <\/strong><\/p>\n\n\n\n<figure class=\"wp-block-image size-large\"><a href=\"https:\/\/www.rjtc.lv\/wp-content\/uploads\/2024\/09\/c133754d-c577-419e-a6a8-a6422d6f79e6.jpg\"><img loading=\"lazy\" decoding=\"async\" width=\"1024\" height=\"767\" src=\"https:\/\/www.rjtc.lv\/wp-content\/uploads\/2024\/09\/c133754d-c577-419e-a6a8-a6422d6f79e6-1024x767.jpg\" alt=\"\" class=\"wp-image-9019\" srcset=\"https:\/\/www.rjtc.lv\/wp-content\/uploads\/2024\/09\/c133754d-c577-419e-a6a8-a6422d6f79e6-1024x767.jpg 1024w, https:\/\/www.rjtc.lv\/wp-content\/uploads\/2024\/09\/c133754d-c577-419e-a6a8-a6422d6f79e6-300x225.jpg 300w, https:\/\/www.rjtc.lv\/wp-content\/uploads\/2024\/09\/c133754d-c577-419e-a6a8-a6422d6f79e6-768x575.jpg 768w, https:\/\/www.rjtc.lv\/wp-content\/uploads\/2024\/09\/c133754d-c577-419e-a6a8-a6422d6f79e6-1536x1150.jpg 1536w, https:\/\/www.rjtc.lv\/wp-content\/uploads\/2024\/09\/c133754d-c577-419e-a6a8-a6422d6f79e6.jpg 1943w\" sizes=\"auto, (max-width: 1024px) 100vw, 1024px\" \/><\/a><\/figure>\n","protected":false},"excerpt":{"rendered":"<p>Skolot\u0101js: Lilita Svir\u017eevska Pulci\u0146\u0101 audz\u0113k\u0146i apg\u016bst prasmes, k\u0101 no neder\u012bg\u0101m liet\u0101m veidot interesantus, praktiskus, netradicion\u0101lus un ori\u0123in\u0101lus priek\u0161metus. Darbi\u0146i tiek veidoti no da\u017e\u0101diem materi\u0101liem un da\u017e\u0101d\u0101s tehnik\u0101s.&nbsp; Uz\u0146em dal\u012bbniekus no 7- 16 gadiem Nodarb\u012bbas notiek Ernest\u012bnes iel\u0101 8a, Lielaj\u0101 klas\u0113 Pieteik\u0161an\u0101s nodarb\u012bb\u0101m &#8211; lsvirzevska@edu.riga.lv<\/p>\n","protected":false},"author":4,"featured_media":9019,"parent":4035,"menu_order":0,"comment_status":"closed","ping_status":"closed","template":"","meta":{"ngg_post_thumbnail":0,"footnotes":""},"class_list":["post-6904","page","type-page","status-publish","has-post-thumbnail","hentry"],"_links":{"self":[{"href":"https:\/\/www.rjtc.lv\/index.php?rest_route=\/wp\/v2\/pages\/6904","targetHints":{"allow":["GET"]}}],"collection":[{"href":"https:\/\/www.rjtc.lv\/index.php?rest_route=\/wp\/v2\/pages"}],"about":[{"href":"https:\/\/www.rjtc.lv\/index.php?rest_route=\/wp\/v2\/types\/page"}],"author":[{"embeddable":true,"href":"https:\/\/www.rjtc.lv\/index.php?rest_route=\/wp\/v2\/users\/4"}],"replies":[{"embeddable":true,"href":"https:\/\/www.rjtc.lv\/index.php?rest_route=%2Fwp%2Fv2%2Fcomments&post=6904"}],"version-history":[{"count":0,"href":"https:\/\/www.rjtc.lv\/index.php?rest_route=\/wp\/v2\/pages\/6904\/revisions"}],"up":[{"embeddable":true,"href":"https:\/\/www.rjtc.lv\/index.php?rest_route=\/wp\/v2\/pages\/4035"}],"wp:featuredmedia":[{"embeddable":true,"href":"https:\/\/www.rjtc.lv\/index.php?rest_route=\/wp\/v2\/media\/9019"}],"wp:attachment":[{"href":"https:\/\/www.rjtc.lv\/index.php?rest_route=%2Fwp%2Fv2%2Fmedia&parent=6904"}],"curies":[{"name":"wp","href":"https:\/\/api.w.org\/{rel}","templated":true}]}}