{"id":6882,"date":"2023-01-24T14:38:06","date_gmt":"2023-01-24T14:38:06","guid":{"rendered":"https:\/\/www.rjtc.lv\/?page_id=6882"},"modified":"2025-09-01T11:09:56","modified_gmt":"2025-09-01T11:09:56","slug":"zimesanas-gleznosanas-un-veidosanas-pulcins-dabas-studija","status":"publish","type":"page","link":"https:\/\/www.rjtc.lv\/?page_id=6882","title":{"rendered":"Vizu\u0101l\u0101s m\u0101kslas studija"},"content":{"rendered":"\n<p>Skolot\u0101ja:&nbsp;<strong>Viola Rogule&nbsp;<\/strong><\/p>\n\n\n\n<p>Pulci\u0146\u0101 \u201cVizu\u0101l\u0101s m\u0101kslas studija\u201d ir iesp\u0113ja apg\u016bt z\u012bm\u0113\u0161anas un glezno\u0161anas pamatus, k\u0101 ar\u012b pilnveidot jau ieg\u016bt\u0101s iema\u0146as un prasmes. Z\u012bm\u0113\u0161an\u0101 un glezno\u0161an\u0101 iesp\u0113ja darboties da\u017e\u0101d\u0101s tehnik\u0101s, veido\u0161an\u0101- iepaz\u012bt un izm\u0113\u0123in\u0101t da\u017e\u0101dus materi\u0101lus un to pielieto\u0161anas iesp\u0113jas. Skolot\u0101ja pal\u012bdz\u0113s realiz\u0113t idejas, \u013caujot audz\u0113k\u0146iem izpausties un veicin\u0101t rado\u0161umu.&nbsp;<\/p>\n\n\n\n<p>Uz\u0146em dal\u012bbniekus no&nbsp;<strong>5-6 gadiem<\/strong> un <strong>7-20 gadiem<\/strong><\/p>\n\n\n\n<p>Nodarb\u012bbas notiek&nbsp;<strong>Ernest\u012bnes iel\u0101 8a,<\/strong> <strong>M\u0101kslas m\u0101j\u0101<\/strong><\/p>\n\n\n\n<p>Pieteik\u0161an\u0101s nodarb\u012bb\u0101m &#8211; <strong>vrogule@edu.riga.lv<\/strong>, <strong>26621899&nbsp;<\/strong><\/p>\n","protected":false},"excerpt":{"rendered":"<p>Skolot\u0101ja:&nbsp;Viola Rogule&nbsp; Pulci\u0146\u0101 \u201cVizu\u0101l\u0101s m\u0101kslas studija\u201d ir iesp\u0113ja apg\u016bt z\u012bm\u0113\u0161anas un glezno\u0161anas pamatus, k\u0101 ar\u012b pilnveidot jau ieg\u016bt\u0101s iema\u0146as un prasmes. Z\u012bm\u0113\u0161an\u0101 un glezno\u0161an\u0101 iesp\u0113ja darboties da\u017e\u0101d\u0101s tehnik\u0101s, veido\u0161an\u0101- iepaz\u012bt un izm\u0113\u0123in\u0101t da\u017e\u0101dus materi\u0101lus un to pielieto\u0161anas iesp\u0113jas. Skolot\u0101ja pal\u012bdz\u0113s realiz\u0113t idejas, \u013caujot audz\u0113k\u0146iem izpausties un veicin\u0101t rado\u0161umu.&nbsp; Uz\u0146em dal\u012bbniekus no&nbsp;5-6 gadiem un 7-20 gadiem [&hellip;]<\/p>\n","protected":false},"author":4,"featured_media":8963,"parent":4035,"menu_order":0,"comment_status":"closed","ping_status":"closed","template":"","meta":{"ngg_post_thumbnail":0,"footnotes":""},"class_list":["post-6882","page","type-page","status-publish","has-post-thumbnail","hentry"],"_links":{"self":[{"href":"https:\/\/www.rjtc.lv\/index.php?rest_route=\/wp\/v2\/pages\/6882","targetHints":{"allow":["GET"]}}],"collection":[{"href":"https:\/\/www.rjtc.lv\/index.php?rest_route=\/wp\/v2\/pages"}],"about":[{"href":"https:\/\/www.rjtc.lv\/index.php?rest_route=\/wp\/v2\/types\/page"}],"author":[{"embeddable":true,"href":"https:\/\/www.rjtc.lv\/index.php?rest_route=\/wp\/v2\/users\/4"}],"replies":[{"embeddable":true,"href":"https:\/\/www.rjtc.lv\/index.php?rest_route=%2Fwp%2Fv2%2Fcomments&post=6882"}],"version-history":[{"count":0,"href":"https:\/\/www.rjtc.lv\/index.php?rest_route=\/wp\/v2\/pages\/6882\/revisions"}],"up":[{"embeddable":true,"href":"https:\/\/www.rjtc.lv\/index.php?rest_route=\/wp\/v2\/pages\/4035"}],"wp:featuredmedia":[{"embeddable":true,"href":"https:\/\/www.rjtc.lv\/index.php?rest_route=\/wp\/v2\/media\/8963"}],"wp:attachment":[{"href":"https:\/\/www.rjtc.lv\/index.php?rest_route=%2Fwp%2Fv2%2Fmedia&parent=6882"}],"curies":[{"name":"wp","href":"https:\/\/api.w.org\/{rel}","templated":true}]}}