{"id":6876,"date":"2023-01-24T14:22:03","date_gmt":"2023-01-24T14:22:03","guid":{"rendered":"https:\/\/www.rjtc.lv\/?page_id=6876"},"modified":"2024-09-03T08:51:21","modified_gmt":"2024-09-03T08:51:21","slug":"susanas-pulcins-radi-no-jauna","status":"publish","type":"page","link":"https:\/\/www.rjtc.lv\/?page_id=6876","title":{"rendered":"Tekstilapstr\u0101de un dizains"},"content":{"rendered":"\n<p>Skolot\u0101ja: <strong>Viola Rogule\u00a0<\/strong><\/p>\n\n\n\n<p>Pulci\u0146\u0161 tiem, kas grib sav\u0101m rok\u0101m rad\u012bt ori\u0123in\u0101las, praktiskas lietas un aksesu\u0101rus no auduma (piespraudes, brelokus, maci\u0146us, rota\u013clietas un citus izstr\u0101d\u0101jumus), kas sag\u0101d\u0101 prieku.<br>M\u0101c\u012bsimies izmantot sev vairs nevajadz\u012bgus ap\u0123\u0113rbus un citus tekstila izstr\u0101d\u0101jumus.<\/p>\n\n\n\n<p>Uz\u0146em dal\u012bbniekus no <strong>8 &#8211; 13 gadiem<\/strong> <\/p>\n\n\n\n<p>Nodarb\u012bbas notiek <strong>Ernest\u012bnes iel\u0101 8a, Lielaj\u0101 klas\u0113<\/strong><\/p>\n\n\n\n<p>Pieteik\u0161an\u0101s nodarb\u012bb\u0101m &#8211; <strong>vrogule@edu.riga.lv, 26621899\u00a0<\/strong><\/p>\n\n\n\n<figure class=\"wp-block-image size-large\"><a href=\"https:\/\/www.rjtc.lv\/wp-content\/uploads\/2024\/09\/Tekstilapstrade-un-dizains-PLAKATS.png\"><img loading=\"lazy\" decoding=\"async\" width=\"1024\" height=\"724\" src=\"https:\/\/www.rjtc.lv\/wp-content\/uploads\/2024\/09\/Tekstilapstrade-un-dizains-PLAKATS-1024x724.png\" alt=\"\" class=\"wp-image-8964\" srcset=\"https:\/\/www.rjtc.lv\/wp-content\/uploads\/2024\/09\/Tekstilapstrade-un-dizains-PLAKATS-1024x724.png 1024w, https:\/\/www.rjtc.lv\/wp-content\/uploads\/2024\/09\/Tekstilapstrade-un-dizains-PLAKATS-300x212.png 300w, https:\/\/www.rjtc.lv\/wp-content\/uploads\/2024\/09\/Tekstilapstrade-un-dizains-PLAKATS-768x543.png 768w, https:\/\/www.rjtc.lv\/wp-content\/uploads\/2024\/09\/Tekstilapstrade-un-dizains-PLAKATS-1536x1086.png 1536w, https:\/\/www.rjtc.lv\/wp-content\/uploads\/2024\/09\/Tekstilapstrade-un-dizains-PLAKATS-2048x1448.png 2048w\" sizes=\"auto, (max-width: 1024px) 100vw, 1024px\" \/><\/a><\/figure>\n","protected":false},"excerpt":{"rendered":"<p>Skolot\u0101ja: Viola Rogule\u00a0 Pulci\u0146\u0161 tiem, kas grib sav\u0101m rok\u0101m rad\u012bt ori\u0123in\u0101las, praktiskas lietas un aksesu\u0101rus no auduma (piespraudes, brelokus, maci\u0146us, rota\u013clietas un citus izstr\u0101d\u0101jumus), kas sag\u0101d\u0101 prieku.M\u0101c\u012bsimies izmantot sev vairs nevajadz\u012bgus ap\u0123\u0113rbus un citus tekstila izstr\u0101d\u0101jumus. Uz\u0146em dal\u012bbniekus no 8 &#8211; 13 gadiem Nodarb\u012bbas notiek Ernest\u012bnes iel\u0101 8a, Lielaj\u0101 klas\u0113 Pieteik\u0161an\u0101s nodarb\u012bb\u0101m &#8211; vrogule@edu.riga.lv, 26621899\u00a0<\/p>\n","protected":false},"author":4,"featured_media":8964,"parent":4035,"menu_order":0,"comment_status":"closed","ping_status":"closed","template":"","meta":{"ngg_post_thumbnail":0,"footnotes":""},"class_list":["post-6876","page","type-page","status-publish","has-post-thumbnail","hentry"],"_links":{"self":[{"href":"https:\/\/www.rjtc.lv\/index.php?rest_route=\/wp\/v2\/pages\/6876","targetHints":{"allow":["GET"]}}],"collection":[{"href":"https:\/\/www.rjtc.lv\/index.php?rest_route=\/wp\/v2\/pages"}],"about":[{"href":"https:\/\/www.rjtc.lv\/index.php?rest_route=\/wp\/v2\/types\/page"}],"author":[{"embeddable":true,"href":"https:\/\/www.rjtc.lv\/index.php?rest_route=\/wp\/v2\/users\/4"}],"replies":[{"embeddable":true,"href":"https:\/\/www.rjtc.lv\/index.php?rest_route=%2Fwp%2Fv2%2Fcomments&post=6876"}],"version-history":[{"count":0,"href":"https:\/\/www.rjtc.lv\/index.php?rest_route=\/wp\/v2\/pages\/6876\/revisions"}],"up":[{"embeddable":true,"href":"https:\/\/www.rjtc.lv\/index.php?rest_route=\/wp\/v2\/pages\/4035"}],"wp:featuredmedia":[{"embeddable":true,"href":"https:\/\/www.rjtc.lv\/index.php?rest_route=\/wp\/v2\/media\/8964"}],"wp:attachment":[{"href":"https:\/\/www.rjtc.lv\/index.php?rest_route=%2Fwp%2Fv2%2Fmedia&parent=6876"}],"curies":[{"name":"wp","href":"https:\/\/api.w.org\/{rel}","templated":true}]}}