{"id":6838,"date":"2023-01-13T14:00:35","date_gmt":"2023-01-13T14:00:35","guid":{"rendered":"https:\/\/www.rjtc.lv\/?page_id=6838"},"modified":"2023-01-13T14:04:31","modified_gmt":"2023-01-13T14:04:31","slug":"zala-peda","status":"publish","type":"page","link":"https:\/\/www.rjtc.lv\/?page_id=6838","title":{"rendered":"Za\u013c\u0101 P\u0113da"},"content":{"rendered":"\n<p>Skolot\u0101ja: <strong>Indra Siksaliete<\/strong><\/p>\n\n\n\n<p>Pulci\u0146\u0101 p\u0113t\u012bsim un izzin\u0101sim Latvijas dabu gan teor\u0113tiski, gan praktiski, ejot<br>p\u0101rg\u0101jienos un eksped\u012bcij\u0101s.<\/p>\n\n\n\n<figure class=\"wp-block-image size-large\"><a href=\"https:\/\/www.rjtc.lv\/wp-content\/uploads\/2023\/01\/Green-Textured-Watercolour-General-Greetings-Mothers-Day-Poster.jpg\"><img loading=\"lazy\" decoding=\"async\" width=\"724\" height=\"1024\" src=\"https:\/\/www.rjtc.lv\/wp-content\/uploads\/2023\/01\/Green-Textured-Watercolour-General-Greetings-Mothers-Day-Poster-724x1024.jpg\" alt=\"\" class=\"wp-image-6845\" srcset=\"https:\/\/www.rjtc.lv\/wp-content\/uploads\/2023\/01\/Green-Textured-Watercolour-General-Greetings-Mothers-Day-Poster-724x1024.jpg 724w, https:\/\/www.rjtc.lv\/wp-content\/uploads\/2023\/01\/Green-Textured-Watercolour-General-Greetings-Mothers-Day-Poster-212x300.jpg 212w, https:\/\/www.rjtc.lv\/wp-content\/uploads\/2023\/01\/Green-Textured-Watercolour-General-Greetings-Mothers-Day-Poster-768x1086.jpg 768w, https:\/\/www.rjtc.lv\/wp-content\/uploads\/2023\/01\/Green-Textured-Watercolour-General-Greetings-Mothers-Day-Poster-1086x1536.jpg 1086w, https:\/\/www.rjtc.lv\/wp-content\/uploads\/2023\/01\/Green-Textured-Watercolour-General-Greetings-Mothers-Day-Poster-1448x2048.jpg 1448w, https:\/\/www.rjtc.lv\/wp-content\/uploads\/2023\/01\/Green-Textured-Watercolour-General-Greetings-Mothers-Day-Poster.jpg 1587w\" sizes=\"auto, (max-width: 724px) 100vw, 724px\" \/><\/a><\/figure>\n\n\n\n<p>Nodarb\u012bbas notiek <strong>Bauskas iel\u0101 88, 405.kabinet\u0101<\/strong><\/p>\n","protected":false},"excerpt":{"rendered":"<p>Skolot\u0101ja: Indra Siksaliete Pulci\u0146\u0101 p\u0113t\u012bsim un izzin\u0101sim Latvijas dabu gan teor\u0113tiski, gan praktiski, ejotp\u0101rg\u0101jienos un eksped\u012bcij\u0101s. Nodarb\u012bbas notiek Bauskas iel\u0101 88, 405.kabinet\u0101<\/p>\n","protected":false},"author":4,"featured_media":6845,"parent":4170,"menu_order":0,"comment_status":"closed","ping_status":"closed","template":"","meta":{"ngg_post_thumbnail":0,"footnotes":""},"class_list":["post-6838","page","type-page","status-publish","has-post-thumbnail","hentry"],"_links":{"self":[{"href":"https:\/\/www.rjtc.lv\/index.php?rest_route=\/wp\/v2\/pages\/6838","targetHints":{"allow":["GET"]}}],"collection":[{"href":"https:\/\/www.rjtc.lv\/index.php?rest_route=\/wp\/v2\/pages"}],"about":[{"href":"https:\/\/www.rjtc.lv\/index.php?rest_route=\/wp\/v2\/types\/page"}],"author":[{"embeddable":true,"href":"https:\/\/www.rjtc.lv\/index.php?rest_route=\/wp\/v2\/users\/4"}],"replies":[{"embeddable":true,"href":"https:\/\/www.rjtc.lv\/index.php?rest_route=%2Fwp%2Fv2%2Fcomments&post=6838"}],"version-history":[{"count":0,"href":"https:\/\/www.rjtc.lv\/index.php?rest_route=\/wp\/v2\/pages\/6838\/revisions"}],"up":[{"embeddable":true,"href":"https:\/\/www.rjtc.lv\/index.php?rest_route=\/wp\/v2\/pages\/4170"}],"wp:featuredmedia":[{"embeddable":true,"href":"https:\/\/www.rjtc.lv\/index.php?rest_route=\/wp\/v2\/media\/6845"}],"wp:attachment":[{"href":"https:\/\/www.rjtc.lv\/index.php?rest_route=%2Fwp%2Fv2%2Fmedia&parent=6838"}],"curies":[{"name":"wp","href":"https:\/\/api.w.org\/{rel}","templated":true}]}}