{"id":51,"date":"2013-09-26T16:29:28","date_gmt":"2013-09-26T16:29:28","guid":{"rendered":"http:\/\/www.rjtc.lv\/?page_id=51"},"modified":"2026-03-17T13:56:52","modified_gmt":"2026-03-17T13:56:52","slug":"51-2","status":"publish","type":"page","link":"https:\/\/www.rjtc.lv\/?page_id=51","title":{"rendered":"Florbols"},"content":{"rendered":"<p>Skolot\u0101ji: <strong>Santa Muceniece un Kristens Rubenis<\/strong><\/p>\n<p>Florbols ir komandas sporta sp\u0113le, ko sp\u0113l\u0113 ar n\u016bju un bumbi\u0146u.<\/p>\n<p>Florbols ir veids k\u0101 interesanti un pilnv\u0113rt\u012bgi pavad\u012bt br\u012bvo laiku. Pulci\u0146a nodarb\u012bb\u0101s tiek att\u012bst\u012btas&nbsp; fizisk\u0101s \u012bpa\u0161\u012bbas, sp\u0113l\u0113t prasme, kolekt\u012bvisms un sp\u0113ja pie\u0146emt&nbsp;l\u0113mumu.<\/p>\n<p>Audz\u0113k\u0146i piedal\u0101s Latvijas \u010dempion\u0101t\u0101 jauniet\u0113m vis\u0101s vecuma grup\u0101s.<\/p>\n<p>Uz\u0146em dal\u012bbniekus:<\/p>\n<ul>\n<li>Z\u0113nus&nbsp;<strong>6 \u2013 13 gadiem<\/strong><\/li>\n<li>Meitenes&nbsp;<strong>6 \u2013 25 gadiem<\/strong><\/li>\n<\/ul>\n<p>Pieteik\u0161an\u0101s rakstot e-pastu: smuceniece@edu.riga.lv<\/p>\n<p><span style=\"color: #ff0000;\"><strong>Nepiecie\u0161ama medic\u012bnisk\u0101 izzi\u0146a, ka dr\u012bkst nodarboties ar sportu pie paaugstin\u0101tas fizisk\u0101s slodzes.<\/strong><\/span><\/p>\n\n\n<figure class=\"wp-block-image size-large\"><img loading=\"lazy\" decoding=\"async\" width=\"660\" height=\"442\" src=\"https:\/\/www.rjtc.lv\/wp-content\/uploads\/2020\/09\/florbols.jpg\" alt=\"\" class=\"wp-image-4863\" srcset=\"https:\/\/www.rjtc.lv\/wp-content\/uploads\/2020\/09\/florbols.jpg 660w, https:\/\/www.rjtc.lv\/wp-content\/uploads\/2020\/09\/florbols-300x201.jpg 300w, https:\/\/www.rjtc.lv\/wp-content\/uploads\/2020\/09\/florbols-321x214.jpg 321w, https:\/\/www.rjtc.lv\/wp-content\/uploads\/2020\/09\/florbols-140x94.jpg 140w\" sizes=\"auto, (max-width: 660px) 100vw, 660px\" \/><\/figure>\n\n\n\n<p><\/p>\n","protected":false},"excerpt":{"rendered":"<p>Skolot\u0101ji: Santa Muceniece un Kristens Rubenis Florbols ir komandas sporta sp\u0113le, ko sp\u0113l\u0113 ar n\u016bju un bumbi\u0146u. Florbols ir veids k\u0101 interesanti un pilnv\u0113rt\u012bgi pavad\u012bt br\u012bvo laiku. Pulci\u0146a nodarb\u012bb\u0101s tiek att\u012bst\u012btas&nbsp; fizisk\u0101s \u012bpa\u0161\u012bbas, sp\u0113l\u0113t prasme, kolekt\u012bvisms un sp\u0113ja pie\u0146emt&nbsp;l\u0113mumu. Audz\u0113k\u0146i piedal\u0101s Latvijas \u010dempion\u0101t\u0101 jauniet\u0113m vis\u0101s vecuma grup\u0101s. Uz\u0146em dal\u012bbniekus: Z\u0113nus&nbsp;6 \u2013 13 gadiem Meitenes&nbsp;6 \u2013 [&hellip;]<\/p>\n","protected":false},"author":4,"featured_media":2057,"parent":22,"menu_order":0,"comment_status":"closed","ping_status":"closed","template":"","meta":{"ngg_post_thumbnail":0,"footnotes":""},"class_list":["post-51","page","type-page","status-publish","has-post-thumbnail","hentry"],"_links":{"self":[{"href":"https:\/\/www.rjtc.lv\/index.php?rest_route=\/wp\/v2\/pages\/51","targetHints":{"allow":["GET"]}}],"collection":[{"href":"https:\/\/www.rjtc.lv\/index.php?rest_route=\/wp\/v2\/pages"}],"about":[{"href":"https:\/\/www.rjtc.lv\/index.php?rest_route=\/wp\/v2\/types\/page"}],"author":[{"embeddable":true,"href":"https:\/\/www.rjtc.lv\/index.php?rest_route=\/wp\/v2\/users\/4"}],"replies":[{"embeddable":true,"href":"https:\/\/www.rjtc.lv\/index.php?rest_route=%2Fwp%2Fv2%2Fcomments&post=51"}],"version-history":[{"count":1,"href":"https:\/\/www.rjtc.lv\/index.php?rest_route=\/wp\/v2\/pages\/51\/revisions"}],"predecessor-version":[{"id":11772,"href":"https:\/\/www.rjtc.lv\/index.php?rest_route=\/wp\/v2\/pages\/51\/revisions\/11772"}],"up":[{"embeddable":true,"href":"https:\/\/www.rjtc.lv\/index.php?rest_route=\/wp\/v2\/pages\/22"}],"wp:featuredmedia":[{"embeddable":true,"href":"https:\/\/www.rjtc.lv\/index.php?rest_route=\/wp\/v2\/media\/2057"}],"wp:attachment":[{"href":"https:\/\/www.rjtc.lv\/index.php?rest_route=%2Fwp%2Fv2%2Fmedia&parent=51"}],"curies":[{"name":"wp","href":"https:\/\/api.w.org\/{rel}","templated":true}]}}