{"id":47,"date":"2013-09-26T16:26:36","date_gmt":"2013-09-26T16:26:36","guid":{"rendered":"http:\/\/www.rjtc.lv\/?page_id=47"},"modified":"2024-09-01T17:57:12","modified_gmt":"2024-09-01T17:57:12","slug":"moto-pulcins-bolderaja","status":"publish","type":"page","link":"https:\/\/www.rjtc.lv\/?page_id=47","title":{"rendered":"Moto pulci\u0146\u0161"},"content":{"rendered":"<p>Skolot\u0101js: <strong>Kaspars Brigzne<\/strong><\/p>\n<p><a href=\"http:\/\/mazmotoracingteam.lv\/\">www.mazmotoracingteam.lv<\/a><\/p>\n<p><a href=\"http:\/\/www.mazmoto.lv\/\">www.mazmoto.lv<\/a><br>M\u0113s m\u0101c\u0101mies m\u012bl\u0113t visu, kas saist\u012bts ar moto tehniku. Visiem iesp\u0113ja apg\u016bt&nbsp; virpo\u0161anas, met\u0101la apstr\u0101des pamatus, restaur\u0101cijas darbus, dzin\u0113ja remontdarbus u.c., piedal\u012bties da\u017e\u0101d\u0101s sacens\u012bb\u0101s.<\/p>\n<p>Uz\u0146em dal\u012bbniekus no <strong>4 l\u012bdz 25&nbsp; gadiem.<\/strong><\/p>\n<p><strong>Nodarb\u012bbas notiek Bauskas iel\u0101 88, 402.kab. un stadion\u0101<\/strong><\/p>\n\n\n<figure class=\"wp-block-image size-full\"><a href=\"https:\/\/www.rjtc.lv\/wp-content\/uploads\/2024\/08\/Green-and-Light-Green-Modern-Gardener-Service-Facebook-Post-Copy-2.jpg\"><img loading=\"lazy\" decoding=\"async\" width=\"940\" height=\"788\" src=\"https:\/\/www.rjtc.lv\/wp-content\/uploads\/2024\/08\/Green-and-Light-Green-Modern-Gardener-Service-Facebook-Post-Copy-2.jpg\" alt=\"\" class=\"wp-image-8899\" srcset=\"https:\/\/www.rjtc.lv\/wp-content\/uploads\/2024\/08\/Green-and-Light-Green-Modern-Gardener-Service-Facebook-Post-Copy-2.jpg 940w, https:\/\/www.rjtc.lv\/wp-content\/uploads\/2024\/08\/Green-and-Light-Green-Modern-Gardener-Service-Facebook-Post-Copy-2-300x251.jpg 300w, https:\/\/www.rjtc.lv\/wp-content\/uploads\/2024\/08\/Green-and-Light-Green-Modern-Gardener-Service-Facebook-Post-Copy-2-768x644.jpg 768w\" sizes=\"auto, (max-width: 940px) 100vw, 940px\" \/><\/a><\/figure>\n","protected":false},"excerpt":{"rendered":"<p>Skolot\u0101js: Kaspars Brigzne www.mazmotoracingteam.lv www.mazmoto.lvM\u0113s m\u0101c\u0101mies m\u012bl\u0113t visu, kas saist\u012bts ar moto tehniku. Visiem iesp\u0113ja apg\u016bt&nbsp; virpo\u0161anas, met\u0101la apstr\u0101des pamatus, restaur\u0101cijas darbus, dzin\u0113ja remontdarbus u.c., piedal\u012bties da\u017e\u0101d\u0101s sacens\u012bb\u0101s. Uz\u0146em dal\u012bbniekus no 4 l\u012bdz 25&nbsp; gadiem. Nodarb\u012bbas notiek Bauskas iel\u0101 88, 402.kab. un stadion\u0101<\/p>\n","protected":false},"author":4,"featured_media":8899,"parent":282,"menu_order":0,"comment_status":"closed","ping_status":"open","template":"","meta":{"ngg_post_thumbnail":0,"footnotes":""},"class_list":["post-47","page","type-page","status-publish","has-post-thumbnail","hentry"],"_links":{"self":[{"href":"https:\/\/www.rjtc.lv\/index.php?rest_route=\/wp\/v2\/pages\/47","targetHints":{"allow":["GET"]}}],"collection":[{"href":"https:\/\/www.rjtc.lv\/index.php?rest_route=\/wp\/v2\/pages"}],"about":[{"href":"https:\/\/www.rjtc.lv\/index.php?rest_route=\/wp\/v2\/types\/page"}],"author":[{"embeddable":true,"href":"https:\/\/www.rjtc.lv\/index.php?rest_route=\/wp\/v2\/users\/4"}],"replies":[{"embeddable":true,"href":"https:\/\/www.rjtc.lv\/index.php?rest_route=%2Fwp%2Fv2%2Fcomments&post=47"}],"version-history":[{"count":0,"href":"https:\/\/www.rjtc.lv\/index.php?rest_route=\/wp\/v2\/pages\/47\/revisions"}],"up":[{"embeddable":true,"href":"https:\/\/www.rjtc.lv\/index.php?rest_route=\/wp\/v2\/pages\/282"}],"wp:featuredmedia":[{"embeddable":true,"href":"https:\/\/www.rjtc.lv\/index.php?rest_route=\/wp\/v2\/media\/8899"}],"wp:attachment":[{"href":"https:\/\/www.rjtc.lv\/index.php?rest_route=%2Fwp%2Fv2%2Fmedia&parent=47"}],"curies":[{"name":"wp","href":"https:\/\/api.w.org\/{rel}","templated":true}]}}