{"id":45,"date":"2013-09-26T16:25:36","date_gmt":"2013-09-26T16:25:36","guid":{"rendered":"http:\/\/www.rjtc.lv\/?page_id=45"},"modified":"2024-08-13T14:08:37","modified_gmt":"2024-08-13T14:08:37","slug":"minikari","status":"publish","type":"page","link":"https:\/\/www.rjtc.lv\/?page_id=45","title":{"rendered":"Minik\u0101ri"},"content":{"rendered":"<p><span style=\"font-size: medium;\">Skolot\u0101js: <strong>Juris Majors<\/strong><\/span><\/p>\n<p><span style=\"font-size: medium;\">Apg\u016bst un izgatavo vienk\u0101r\u0161us minik\u0101ru mode\u013cus. G\u016bst praktiskas brauk\u0161anas iema\u0146as ar minik\u0101ru. Piedal\u0101s sacens\u012bb\u0101s.<\/span><\/p>\n<p><span style=\"font-size: medium;\">Uz\u0146em dal\u012bbniekus no<strong> 7 &#8211; 18 gadiem<\/strong><\/span><\/p>\n<p><span style=\"font-size: medium;\">Nodarb\u012bbas notiek<\/span><strong><span style=\"font-size: medium;\"> Bauskas iel\u0101 88, 101. kabinet\u0101<\/span><\/strong><\/p>\n<p><a href=\"http:\/\/www.rjtc.lv\/wp-content\/uploads\/2013\/09\/minikari.jpg\"><img loading=\"lazy\" decoding=\"async\" class=\"alignnone size-full wp-image-153\" src=\"http:\/\/www.rjtc.lv\/wp-content\/uploads\/2013\/09\/minikari.jpg\" alt=\"minikari\" width=\"743\" height=\"525\"><\/a><\/p>\n","protected":false},"excerpt":{"rendered":"<p>Skolot\u0101js: Juris Majors Apg\u016bst un izgatavo vienk\u0101r\u0161us minik\u0101ru mode\u013cus. G\u016bst praktiskas brauk\u0161anas iema\u0146as ar minik\u0101ru. Piedal\u0101s sacens\u012bb\u0101s. Uz\u0146em dal\u012bbniekus no 7 &#8211; 18 gadiem Nodarb\u012bbas notiek Bauskas iel\u0101 88, 101. kabinet\u0101<\/p>\n","protected":false},"author":4,"featured_media":0,"parent":282,"menu_order":0,"comment_status":"closed","ping_status":"open","template":"","meta":{"ngg_post_thumbnail":0,"footnotes":""},"class_list":["post-45","page","type-page","status-publish","hentry"],"_links":{"self":[{"href":"https:\/\/www.rjtc.lv\/index.php?rest_route=\/wp\/v2\/pages\/45","targetHints":{"allow":["GET"]}}],"collection":[{"href":"https:\/\/www.rjtc.lv\/index.php?rest_route=\/wp\/v2\/pages"}],"about":[{"href":"https:\/\/www.rjtc.lv\/index.php?rest_route=\/wp\/v2\/types\/page"}],"author":[{"embeddable":true,"href":"https:\/\/www.rjtc.lv\/index.php?rest_route=\/wp\/v2\/users\/4"}],"replies":[{"embeddable":true,"href":"https:\/\/www.rjtc.lv\/index.php?rest_route=%2Fwp%2Fv2%2Fcomments&post=45"}],"version-history":[{"count":0,"href":"https:\/\/www.rjtc.lv\/index.php?rest_route=\/wp\/v2\/pages\/45\/revisions"}],"up":[{"embeddable":true,"href":"https:\/\/www.rjtc.lv\/index.php?rest_route=\/wp\/v2\/pages\/282"}],"wp:attachment":[{"href":"https:\/\/www.rjtc.lv\/index.php?rest_route=%2Fwp%2Fv2%2Fmedia&parent=45"}],"curies":[{"name":"wp","href":"https:\/\/api.w.org\/{rel}","templated":true}]}}