{"id":4170,"date":"2019-09-23T11:47:39","date_gmt":"2019-09-23T11:47:39","guid":{"rendered":"http:\/\/www.rjtc.lv\/?page_id=4170"},"modified":"2023-10-20T14:39:35","modified_gmt":"2023-10-20T14:39:35","slug":"vides-pulcini","status":"publish","type":"page","link":"https:\/\/www.rjtc.lv\/?page_id=4170","title":{"rendered":"Vides pulci\u0146i: Bauskas iela 88"},"content":{"rendered":"\n<h4 class=\"wp-block-heading\"> <br><\/h4>\n\n\n\n<p><a href=\"https:\/\/www.rjtc.lv\/?page_id=6855\">Mak\u0161\u0137er\u0113\u0161anas un akv\u0101riju pasaule<\/a><\/p>\n\n\n\n<p><a href=\"https:\/\/www.rjtc.lv\/?page_id=6862\">Cita \u0137\u012bmija<\/a><\/p>\n\n\n\n<p><a href=\"https:\/\/www.rjtc.lv\/?page_id=6838\">Za\u013c\u0101 p\u0113da<\/a><\/p>\n\n\n\n<p><a href=\"https:\/\/www.rjtc.lv\/?page_id=6847\">Maz\u0101 biolo\u0123ijas universit\u0101te<\/a><\/p>\n","protected":false},"excerpt":{"rendered":"<p>Mak\u0161\u0137er\u0113\u0161anas un akv\u0101riju pasaule Cita \u0137\u012bmija Za\u013c\u0101 p\u0113da Maz\u0101 biolo\u0123ijas universit\u0101te<\/p>\n","protected":false},"author":4,"featured_media":0,"parent":0,"menu_order":0,"comment_status":"closed","ping_status":"closed","template":"","meta":{"ngg_post_thumbnail":0,"footnotes":""},"class_list":["post-4170","page","type-page","status-publish","hentry"],"_links":{"self":[{"href":"https:\/\/www.rjtc.lv\/index.php?rest_route=\/wp\/v2\/pages\/4170","targetHints":{"allow":["GET"]}}],"collection":[{"href":"https:\/\/www.rjtc.lv\/index.php?rest_route=\/wp\/v2\/pages"}],"about":[{"href":"https:\/\/www.rjtc.lv\/index.php?rest_route=\/wp\/v2\/types\/page"}],"author":[{"embeddable":true,"href":"https:\/\/www.rjtc.lv\/index.php?rest_route=\/wp\/v2\/users\/4"}],"replies":[{"embeddable":true,"href":"https:\/\/www.rjtc.lv\/index.php?rest_route=%2Fwp%2Fv2%2Fcomments&post=4170"}],"version-history":[{"count":0,"href":"https:\/\/www.rjtc.lv\/index.php?rest_route=\/wp\/v2\/pages\/4170\/revisions"}],"wp:attachment":[{"href":"https:\/\/www.rjtc.lv\/index.php?rest_route=%2Fwp%2Fv2%2Fmedia&parent=4170"}],"curies":[{"name":"wp","href":"https:\/\/api.w.org\/{rel}","templated":true}]}}