{"id":4129,"date":"2019-09-12T10:48:25","date_gmt":"2019-09-12T10:48:25","guid":{"rendered":"http:\/\/www.rjtc.lv\/?page_id=4129"},"modified":"2026-01-21T14:19:40","modified_gmt":"2026-01-21T14:19:40","slug":"tematiskas-nodarbibas","status":"publish","type":"page","link":"https:\/\/www.rjtc.lv\/?page_id=4129","title":{"rendered":"Tematisk\u0101s nodarb\u012bbas"},"content":{"rendered":"\n<p>R\u012bgas Jauno tehni\u0137u centrs 2025.\/2026.m.g. pied\u0101v\u0101 3 da\u017e\u0101das tematisk\u0101s nodarb\u012bbas:<\/p>\n\n\n\n<p><a href=\"https:\/\/www.rjtc.lv\/wp-content\/uploads\/2026\/01\/Nr.1.tematiskas_Dabaszinibu_otrdienas.pdf\"><strong>RJTC Dabaszin\u012bbu tematisk\u0101s nodarb\u012bbas<\/strong> <strong>2025.\/2026. m.g.&nbsp;&nbsp;<\/strong><\/a><\/p>\n\n\n\n<p><a href=\"https:\/\/www.rjtc.lv\/wp-content\/uploads\/2026\/01\/Pielikums-nr.2.tematiskas_izzinu-darzs.pdf\"><strong>RJTC Dabaszin\u012bbu tematisk\u0101s nodarb\u012bbas \u2018\u2019Izzi\u0146u d\u0101rzs\u2019\u2019<\/strong> <strong>2025.\/2026. m.g.&nbsp;<\/strong><\/a><strong>&nbsp;<\/strong><\/p>\n\n\n\n<p><a href=\"https:\/\/www.rjtc.lv\/wp-content\/uploads\/2026\/01\/Nr.3.tematiskas_matematikas.pdf\"><strong>RJTC Matem\u0101tikas tematisk\u0101s nodarb\u012bbas s\u0101kumskolai<\/strong> <strong>2025.\/2026. m.g.<\/strong><\/a><strong>\u00a0\u00a0<\/strong><\/p>\n\n\n\n<p>Tematisk\u0101s nodarb\u012bbas R\u012bgas pa\u0161vald\u012bbas izgl\u012bt\u012bbas iest\u0101d\u0113m ir <strong>bezmaksas.<\/strong> Priv\u0101taj\u0101m izgl\u012bt\u012bbas iest\u0101d\u0113m, citu pa\u0161vald\u012bbu izgl\u012bt\u012bbas iest\u0101d\u0113m ir iesp\u0113ja pieteikties nodarb\u012bb\u0101m <strong>par maksu<\/strong>, atbilsto\u0161i MK noteikumiem, iepriek\u0161 s\u016btot iesniegumu&nbsp;<a href=\"mailto:rjtc@riga.lv\"><strong>rjtc@riga.lv<\/strong><\/a><strong>.&nbsp;<\/strong>&nbsp;<\/p>\n\n\n\n<p>Uz tematiskaj\u0101m nodarb\u012bb\u0101m iepriek\u0161 j\u0101piesak\u0101s.<\/p>\n\n\n\n<figure class=\"wp-block-image size-full\"><a href=\"https:\/\/www.rjtc.lv\/wp-content\/uploads\/2025\/09\/RJTC-tematiskas-nodarbibas.jpg\"><img loading=\"lazy\" decoding=\"async\" width=\"940\" height=\"788\" src=\"https:\/\/www.rjtc.lv\/wp-content\/uploads\/2025\/09\/RJTC-tematiskas-nodarbibas.jpg\" alt=\"\" class=\"wp-image-10806\" srcset=\"https:\/\/www.rjtc.lv\/wp-content\/uploads\/2025\/09\/RJTC-tematiskas-nodarbibas.jpg 940w, https:\/\/www.rjtc.lv\/wp-content\/uploads\/2025\/09\/RJTC-tematiskas-nodarbibas-300x251.jpg 300w, https:\/\/www.rjtc.lv\/wp-content\/uploads\/2025\/09\/RJTC-tematiskas-nodarbibas-768x644.jpg 768w\" sizes=\"auto, (max-width: 940px) 100vw, 940px\" \/><\/a><\/figure>\n","protected":false},"excerpt":{"rendered":"<p>R\u012bgas Jauno tehni\u0137u centrs 2025.\/2026.m.g. pied\u0101v\u0101 3 da\u017e\u0101das tematisk\u0101s nodarb\u012bbas: RJTC Dabaszin\u012bbu tematisk\u0101s nodarb\u012bbas 2025.\/2026. m.g.&nbsp;&nbsp; RJTC Dabaszin\u012bbu tematisk\u0101s nodarb\u012bbas \u2018\u2019Izzi\u0146u d\u0101rzs\u2019\u2019 2025.\/2026. m.g.&nbsp;&nbsp; RJTC Matem\u0101tikas tematisk\u0101s nodarb\u012bbas s\u0101kumskolai 2025.\/2026. m.g.\u00a0\u00a0 Tematisk\u0101s nodarb\u012bbas R\u012bgas pa\u0161vald\u012bbas izgl\u012bt\u012bbas iest\u0101d\u0113m ir bezmaksas. Priv\u0101taj\u0101m izgl\u012bt\u012bbas iest\u0101d\u0113m, citu pa\u0161vald\u012bbu izgl\u012bt\u012bbas iest\u0101d\u0113m ir iesp\u0113ja pieteikties nodarb\u012bb\u0101m par maksu, atbilsto\u0161i MK noteikumiem, [&hellip;]<\/p>\n","protected":false},"author":4,"featured_media":7842,"parent":0,"menu_order":1,"comment_status":"closed","ping_status":"closed","template":"","meta":{"ngg_post_thumbnail":0,"footnotes":""},"class_list":["post-4129","page","type-page","status-publish","has-post-thumbnail","hentry"],"_links":{"self":[{"href":"https:\/\/www.rjtc.lv\/index.php?rest_route=\/wp\/v2\/pages\/4129","targetHints":{"allow":["GET"]}}],"collection":[{"href":"https:\/\/www.rjtc.lv\/index.php?rest_route=\/wp\/v2\/pages"}],"about":[{"href":"https:\/\/www.rjtc.lv\/index.php?rest_route=\/wp\/v2\/types\/page"}],"author":[{"embeddable":true,"href":"https:\/\/www.rjtc.lv\/index.php?rest_route=\/wp\/v2\/users\/4"}],"replies":[{"embeddable":true,"href":"https:\/\/www.rjtc.lv\/index.php?rest_route=%2Fwp%2Fv2%2Fcomments&post=4129"}],"version-history":[{"count":0,"href":"https:\/\/www.rjtc.lv\/index.php?rest_route=\/wp\/v2\/pages\/4129\/revisions"}],"wp:featuredmedia":[{"embeddable":true,"href":"https:\/\/www.rjtc.lv\/index.php?rest_route=\/wp\/v2\/media\/7842"}],"wp:attachment":[{"href":"https:\/\/www.rjtc.lv\/index.php?rest_route=%2Fwp%2Fv2%2Fmedia&parent=4129"}],"curies":[{"name":"wp","href":"https:\/\/api.w.org\/{rel}","templated":true}]}}