{"id":4035,"date":"2019-08-19T10:32:25","date_gmt":"2019-08-19T10:32:25","guid":{"rendered":"http:\/\/www.rjtc.lv\/?page_id=4035"},"modified":"2026-03-17T13:39:07","modified_gmt":"2026-03-17T13:39:07","slug":"vides-izglitiba","status":"publish","type":"page","link":"https:\/\/www.rjtc.lv\/?page_id=4035","title":{"rendered":"RJTC R\u012aGAS DABASZIN\u012aBU SKOLA"},"content":{"rendered":"\n<ul class=\"wp-block-list\">\n<li><a href=\"https:\/\/www.rjtc.lv\/?page_id=6882\">Vizu\u0101l\u0101s m\u0101kslas studija<\/a><\/li>\n<\/ul>\n\n\n\n<ul class=\"wp-block-list\">\n<li><a href=\"https:\/\/www.rjtc.lv\/?page_id=6876\">Tekstilapstr\u0101de un dizains<\/a><\/li>\n<\/ul>\n\n\n\n<ul class=\"wp-block-list\">\n<li><a href=\"https:\/\/www.rjtc.lv\/?page_id=6965\">Keramika<\/a><\/li>\n<\/ul>\n\n\n\n<ul class=\"wp-block-list\">\n<li><a href=\"https:\/\/www.rjtc.lv\/?page_id=6945\">Pu\u0137kop\u012bbas pulci\u0146\u0161<\/a><\/li>\n<\/ul>\n\n\n\n<ul class=\"wp-block-list\">\n<li><a href=\"https:\/\/www.rjtc.lv\/?page_id=6942\">Jaunie ornitologi<\/a><\/li>\n<\/ul>\n\n\n\n<ul class=\"wp-block-list\">\n<li><a href=\"https:\/\/www.rjtc.lv\/?page_id=6974\">100 dabas br\u012bnumi<\/a><\/li>\n<\/ul>\n\n\n\n<ul class=\"wp-block-list\">\n<li><a href=\"https:\/\/www.rjtc.lv\/?page_id=6914\">Vides eksperimenti<\/a><\/li>\n<\/ul>\n\n\n\n<ul class=\"wp-block-list\">\n<li><a href=\"https:\/\/www.rjtc.lv\/?page_id=6904\">Lietu otr\u0101 dz\u012bve<\/a><\/li>\n<\/ul>\n\n\n\n<ul class=\"wp-block-list\">\n<li><a href=\"https:\/\/www.rjtc.lv\/?page_id=6896\">Ce\u013cojums ar augiem<\/a><\/li>\n<\/ul>\n\n\n\n<ul class=\"wp-block-list\">\n<li><a href=\"https:\/\/www.rjtc.lv\/?page_id=6921\">Floristikas pulci\u0146\u0161<\/a><\/li>\n<\/ul>\n\n\n\n<ul class=\"wp-block-list\">\n<li><a href=\"https:\/\/www.rjtc.lv\/?page_id=6968\">Mazais dabas p\u0113tnieks<\/a><\/li>\n<\/ul>\n\n\n\n<ul class=\"wp-block-list\">\n<li><a href=\"https:\/\/www.rjtc.lv\/?page_id=6938\">LEGO<\/a><\/li>\n<\/ul>\n\n\n\n<ul class=\"wp-block-list\">\n<li><a href=\"https:\/\/www.rjtc.lv\/?page_id=7697\">Pirmsskolnieks p\u0113ta un eksperiment\u0113<\/a><\/li>\n<\/ul>\n\n\n\n<ul class=\"wp-block-list\">\n<li>P\u0113ti un eksperiment\u0113<\/li>\n\n\n\n<li><a href=\"https:\/\/www.rjtc.lv\/?page_id=11763\">WeDO Robotika<\/a><\/li>\n<\/ul>\n\n\n\n<ul class=\"wp-block-list\">\n<li><a href=\"https:\/\/www.rjtc.lv\/?page_id=6918\">Zoolo\u0123ijas pulci\u0146\u0161 &#8220;Dabas draugi&#8221;<\/a> &#8211; Latvijas Nacion\u0101lais dabas muzejs Kr.Barona iel\u0101 4<\/li>\n\n\n\n<li><a href=\"https:\/\/www.rjtc.lv\/?page_id=9135\">Pulci\u0146\u0161 PAR ZEMI, SAULI UN MUMS <\/a>&#8211; Latvijas Nacion\u0101lais dabas muzejs Kr.Barona iel\u0101 4<\/li>\n\n\n\n<li><a href=\"https:\/\/www.rjtc.lv\/?page_id=10761\">Jaunie \u0123eologi<\/a> &#8211; Latvijas Nacion\u0101lais dabas muzejs Kr.Barona iel\u0101 4<\/li>\n<\/ul>\n\n\n\n<p><\/p>\n\n\n\n<p><\/p>\n\n\n\n<p><\/p>\n\n\n\n<p class=\"has-medium-font-size\"><\/p>\n\n\n\n<p class=\"has-medium-font-size\"><\/p>\n\n\n\n<p class=\"has-medium-font-size\"><\/p>\n\n\n\n<p class=\"has-medium-font-size\"><\/p>\n","protected":false},"excerpt":{"rendered":"","protected":false},"author":4,"featured_media":0,"parent":0,"menu_order":0,"comment_status":"closed","ping_status":"closed","template":"","meta":{"ngg_post_thumbnail":0,"footnotes":""},"class_list":["post-4035","page","type-page","status-publish","hentry"],"_links":{"self":[{"href":"https:\/\/www.rjtc.lv\/index.php?rest_route=\/wp\/v2\/pages\/4035","targetHints":{"allow":["GET"]}}],"collection":[{"href":"https:\/\/www.rjtc.lv\/index.php?rest_route=\/wp\/v2\/pages"}],"about":[{"href":"https:\/\/www.rjtc.lv\/index.php?rest_route=\/wp\/v2\/types\/page"}],"author":[{"embeddable":true,"href":"https:\/\/www.rjtc.lv\/index.php?rest_route=\/wp\/v2\/users\/4"}],"replies":[{"embeddable":true,"href":"https:\/\/www.rjtc.lv\/index.php?rest_route=%2Fwp%2Fv2%2Fcomments&post=4035"}],"version-history":[{"count":2,"href":"https:\/\/www.rjtc.lv\/index.php?rest_route=\/wp\/v2\/pages\/4035\/revisions"}],"predecessor-version":[{"id":11771,"href":"https:\/\/www.rjtc.lv\/index.php?rest_route=\/wp\/v2\/pages\/4035\/revisions\/11771"}],"wp:attachment":[{"href":"https:\/\/www.rjtc.lv\/index.php?rest_route=%2Fwp%2Fv2%2Fmedia&parent=4035"}],"curies":[{"name":"wp","href":"https:\/\/api.w.org\/{rel}","templated":true}]}}