{"id":397,"date":"2013-12-10T12:55:01","date_gmt":"2013-12-10T12:55:01","guid":{"rendered":"http:\/\/www.rjtc.lv\/?page_id=397"},"modified":"2026-01-12T10:00:56","modified_gmt":"2026-01-12T10:00:56","slug":"pirmsskolas-bernu-estetikas-skolina-pucu-skola","status":"publish","type":"page","link":"https:\/\/www.rjtc.lv\/?page_id=397","title":{"rendered":"Pirmsskolas b\u0113rnu est\u0113tikas skoli\u0146a &#8220;Maz\u0101 p\u016bces skola&#8221;"},"content":{"rendered":"<p><span style=\"font-size: inherit;\">Skolot\u0101ja:&nbsp; <\/span><strong style=\"font-size: inherit;\">Sanita Z\u012bverte, Laura Tim\u0161a<\/strong><\/p>\n<div>\n<p>R\u012bgas Jauno tehni\u0137u centra pirmsskolas b\u0113rnu est\u0113tikas skol\u0101 \u201cMaz\u0101 p\u016bces skola\u201d darbojas pirmsskolas vecuma b\u0113rni no <strong>4 &#8211; 5&nbsp;gadu vecuma<\/strong>. Nodarb\u012bb\u0101s att\u012bst\u0101m grie\u0161anas, l\u012bm\u0113\u0161anas, z\u012bm\u0113\u0161ana, kr\u0101so\u0161anas prasmes, darbojamies ar plastil\u012bnu, da\u017e\u0101diem dabas materi\u0101liem, m\u0101c\u0101mies burtus un tiem atbilsto\u0161os simbolus, ciparus, nostiprin\u0101m izpratni par kr\u0101s\u0101m, pilnveidojam rokrakstu, pildot da\u017e\u0101das darba lapas, kop\u012bgi p\u0101rrun\u0101jam norises dab\u0101, dal\u0101mies pieredz\u0113, atmi\u0146\u0101s par da\u017e\u0101diem notikumiem, att\u012bst\u0101m st\u0101st\u012btprasmi p\u0113c att\u0113la, veidojam st\u0101st\u012bjumus ar konkr\u0113tiem s\u0101kumburtiem, att\u012bst\u0101m prasmi atst\u0101st\u012bt dzird\u0113to pasaku vai st\u0101stu, m\u0101c\u0101mies tautasdziesmas un dzejo\u013cus un dar\u0101m v\u0113l daudz un da\u017e\u0101du vecumam atbilsto\u0161u un b\u0113rnus saisto\u0161u nodarbju.<\/p>\n<p><strong>208.kabinets<\/strong><\/p>\n<\/div>\n<div>Dal\u012bbas maksa \u2013 <strong>10.00 \u20ac m\u0113nes\u012b.<\/strong><\/div>\n","protected":false},"excerpt":{"rendered":"<p>Skolot\u0101ja:&nbsp; Sanita Z\u012bverte, Laura Tim\u0161a R\u012bgas Jauno tehni\u0137u centra pirmsskolas b\u0113rnu est\u0113tikas skol\u0101 \u201cMaz\u0101 p\u016bces skola\u201d darbojas pirmsskolas vecuma b\u0113rni no 4 &#8211; 5&nbsp;gadu vecuma. Nodarb\u012bb\u0101s att\u012bst\u0101m grie\u0161anas, l\u012bm\u0113\u0161anas, z\u012bm\u0113\u0161ana, kr\u0101so\u0161anas prasmes, darbojamies ar plastil\u012bnu, da\u017e\u0101diem dabas materi\u0101liem, m\u0101c\u0101mies burtus un tiem atbilsto\u0161os simbolus, ciparus, nostiprin\u0101m izpratni par kr\u0101s\u0101m, pilnveidojam rokrakstu, pildot da\u017e\u0101das darba lapas, [&hellip;]<\/p>\n","protected":false},"author":4,"featured_media":7429,"parent":26,"menu_order":0,"comment_status":"closed","ping_status":"closed","template":"","meta":{"ngg_post_thumbnail":0,"footnotes":""},"class_list":["post-397","page","type-page","status-publish","has-post-thumbnail","hentry"],"_links":{"self":[{"href":"https:\/\/www.rjtc.lv\/index.php?rest_route=\/wp\/v2\/pages\/397","targetHints":{"allow":["GET"]}}],"collection":[{"href":"https:\/\/www.rjtc.lv\/index.php?rest_route=\/wp\/v2\/pages"}],"about":[{"href":"https:\/\/www.rjtc.lv\/index.php?rest_route=\/wp\/v2\/types\/page"}],"author":[{"embeddable":true,"href":"https:\/\/www.rjtc.lv\/index.php?rest_route=\/wp\/v2\/users\/4"}],"replies":[{"embeddable":true,"href":"https:\/\/www.rjtc.lv\/index.php?rest_route=%2Fwp%2Fv2%2Fcomments&post=397"}],"version-history":[{"count":0,"href":"https:\/\/www.rjtc.lv\/index.php?rest_route=\/wp\/v2\/pages\/397\/revisions"}],"up":[{"embeddable":true,"href":"https:\/\/www.rjtc.lv\/index.php?rest_route=\/wp\/v2\/pages\/26"}],"wp:featuredmedia":[{"embeddable":true,"href":"https:\/\/www.rjtc.lv\/index.php?rest_route=\/wp\/v2\/media\/7429"}],"wp:attachment":[{"href":"https:\/\/www.rjtc.lv\/index.php?rest_route=%2Fwp%2Fv2%2Fmedia&parent=397"}],"curies":[{"name":"wp","href":"https:\/\/api.w.org\/{rel}","templated":true}]}}