{"id":391,"date":"2013-12-10T12:34:56","date_gmt":"2013-12-10T12:34:56","guid":{"rendered":"http:\/\/www.rjtc.lv\/?page_id=391"},"modified":"2025-01-14T09:26:35","modified_gmt":"2025-01-14T09:26:35","slug":"briva-laika-spelu-istaba","status":"publish","type":"page","link":"https:\/\/www.rjtc.lv\/?page_id=391","title":{"rendered":"Br\u012bv\u0101 laika sp\u0113\u013cu istaba"},"content":{"rendered":"<p>Pedagogi: <strong>Ieva Meldere<\/strong><\/p>\n<p>Te ir vieta, kur var br\u012bvi sp\u0113l\u0113t da\u017e\u0101das sp\u0113les, rota\u013c\u0101ties, z\u012bm\u0113t, las\u012bt, piedal\u012bties da\u017e\u0101dos konkursos, komunic\u0113t ar vienaud\u017eiem,&nbsp; vai vienk\u0101r\u0161i paklus\u0113t.<\/p>\n<p>Sp\u0113\u013cu istabu var apmekl\u0113t visi interesenti!<\/p>\n<p><strong>108. kabinets<\/strong><\/p>\n<p>&nbsp;<\/p>\n","protected":false},"excerpt":{"rendered":"<p>Pedagogi: Ieva Meldere Te ir vieta, kur var br\u012bvi sp\u0113l\u0113t da\u017e\u0101das sp\u0113les, rota\u013c\u0101ties, z\u012bm\u0113t, las\u012bt, piedal\u012bties da\u017e\u0101dos konkursos, komunic\u0113t ar vienaud\u017eiem,&nbsp; vai vienk\u0101r\u0161i paklus\u0113t. Sp\u0113\u013cu istabu var apmekl\u0113t visi interesenti! 108. kabinets &nbsp;<\/p>\n","protected":false},"author":4,"featured_media":392,"parent":26,"menu_order":0,"comment_status":"closed","ping_status":"open","template":"","meta":{"ngg_post_thumbnail":0,"footnotes":""},"class_list":["post-391","page","type-page","status-publish","has-post-thumbnail","hentry"],"_links":{"self":[{"href":"https:\/\/www.rjtc.lv\/index.php?rest_route=\/wp\/v2\/pages\/391","targetHints":{"allow":["GET"]}}],"collection":[{"href":"https:\/\/www.rjtc.lv\/index.php?rest_route=\/wp\/v2\/pages"}],"about":[{"href":"https:\/\/www.rjtc.lv\/index.php?rest_route=\/wp\/v2\/types\/page"}],"author":[{"embeddable":true,"href":"https:\/\/www.rjtc.lv\/index.php?rest_route=\/wp\/v2\/users\/4"}],"replies":[{"embeddable":true,"href":"https:\/\/www.rjtc.lv\/index.php?rest_route=%2Fwp%2Fv2%2Fcomments&post=391"}],"version-history":[{"count":0,"href":"https:\/\/www.rjtc.lv\/index.php?rest_route=\/wp\/v2\/pages\/391\/revisions"}],"up":[{"embeddable":true,"href":"https:\/\/www.rjtc.lv\/index.php?rest_route=\/wp\/v2\/pages\/26"}],"wp:featuredmedia":[{"embeddable":true,"href":"https:\/\/www.rjtc.lv\/index.php?rest_route=\/wp\/v2\/media\/392"}],"wp:attachment":[{"href":"https:\/\/www.rjtc.lv\/index.php?rest_route=%2Fwp%2Fv2%2Fmedia&parent=391"}],"curies":[{"name":"wp","href":"https:\/\/api.w.org\/{rel}","templated":true}]}}