{"id":385,"date":"2013-12-10T12:28:14","date_gmt":"2013-12-10T12:28:14","guid":{"rendered":"http:\/\/www.rjtc.lv\/?page_id=385"},"modified":"2025-09-19T13:16:16","modified_gmt":"2025-09-19T13:16:16","slug":"anglu-valoda","status":"publish","type":"page","link":"https:\/\/www.rjtc.lv\/?page_id=385","title":{"rendered":"Ang\u013cu valoda"},"content":{"rendered":"<p>Skolot\u0101ja: <strong>Angel\u012bna Ov\u010darenko<\/strong><\/p>\n<p>Aicin\u0101m pulci\u0146\u0101 b\u0113rnus bez ang\u013cu valodas prasm\u0113m vai ar minim\u0101l\u0101m valodas zin\u0101\u0161an\u0101m, lai kop\u012bgi iem\u0101c\u012btos valodas pamatus. Nodarb\u012bb\u0101s akt\u012bvi un rado\u0161i darbojoties iepaz\u012bsim burtus un to izrunu. Apg\u016bsim rakst\u012b\u0161anu, las\u012b\u0161anu un iem\u0101c\u012bsimies pirmos svar\u012bgos ikdien\u0101 lietojamos v\u0101rdus un fr\u0101zes ang\u013cu valod\u0101.<\/p>\n<p>M\u0101c\u012bbas notiek rota\u013cu veid\u0101, kop\u0101 m\u0113s klaus\u0101mies dziesmas, skat\u0101mies video un filmas, sp\u0113l\u0113jam sp\u0113les un vis\u0101di cit\u0101di akt\u012bvi darbojamies, lai veicin\u0101tu vieglu un dab\u012bgu valodas apguvi. Noteikti sarun\u0101simies un diskut\u0113sim par da\u017e\u0101d\u0101m aktu\u0101l\u0101m t\u0113m\u0101m un apk\u0101rt notieko\u0161\u0101m liet\u0101m, lai att\u012bst\u012btu sarunas vad\u012b\u0161anas prasmes ang\u013cu valod\u0101.&nbsp;<\/p>\n<p>Nodarb\u012bb\u0101s var\u0113s, gan pilnveidot savas ang\u013cu valodas prasmes, gan ieg\u016bt jaunus draugus, ar kuriem aizraujo\u0161i un lietder\u012bgi pavad\u012bt laiku.<\/p>\n<p>Pulci\u0146\u0101 uz\u0146em dal\u012bbniekus no <strong>3 l\u012bdz 9 gadiem.<\/strong><\/p>\n<p>Nodarb\u012bbas notiek<strong> Bauskas iel\u0101 88, 201. kabinets<\/strong><\/p>\n<p>&nbsp;<\/p>\n","protected":false},"excerpt":{"rendered":"<p>Skolot\u0101ja: Angel\u012bna Ov\u010darenko Aicin\u0101m pulci\u0146\u0101 b\u0113rnus bez ang\u013cu valodas prasm\u0113m vai ar minim\u0101l\u0101m valodas zin\u0101\u0161an\u0101m, lai kop\u012bgi iem\u0101c\u012btos valodas pamatus. Nodarb\u012bb\u0101s akt\u012bvi un rado\u0161i darbojoties iepaz\u012bsim burtus un to izrunu. Apg\u016bsim rakst\u012b\u0161anu, las\u012b\u0161anu un iem\u0101c\u012bsimies pirmos svar\u012bgos ikdien\u0101 lietojamos v\u0101rdus un fr\u0101zes ang\u013cu valod\u0101. M\u0101c\u012bbas notiek rota\u013cu veid\u0101, kop\u0101 m\u0113s klaus\u0101mies dziesmas, skat\u0101mies video un [&hellip;]<\/p>\n","protected":false},"author":4,"featured_media":0,"parent":26,"menu_order":0,"comment_status":"closed","ping_status":"closed","template":"","meta":{"ngg_post_thumbnail":0,"footnotes":""},"class_list":["post-385","page","type-page","status-publish","hentry"],"_links":{"self":[{"href":"https:\/\/www.rjtc.lv\/index.php?rest_route=\/wp\/v2\/pages\/385","targetHints":{"allow":["GET"]}}],"collection":[{"href":"https:\/\/www.rjtc.lv\/index.php?rest_route=\/wp\/v2\/pages"}],"about":[{"href":"https:\/\/www.rjtc.lv\/index.php?rest_route=\/wp\/v2\/types\/page"}],"author":[{"embeddable":true,"href":"https:\/\/www.rjtc.lv\/index.php?rest_route=\/wp\/v2\/users\/4"}],"replies":[{"embeddable":true,"href":"https:\/\/www.rjtc.lv\/index.php?rest_route=%2Fwp%2Fv2%2Fcomments&post=385"}],"version-history":[{"count":0,"href":"https:\/\/www.rjtc.lv\/index.php?rest_route=\/wp\/v2\/pages\/385\/revisions"}],"up":[{"embeddable":true,"href":"https:\/\/www.rjtc.lv\/index.php?rest_route=\/wp\/v2\/pages\/26"}],"wp:attachment":[{"href":"https:\/\/www.rjtc.lv\/index.php?rest_route=%2Fwp%2Fv2%2Fmedia&parent=385"}],"curies":[{"name":"wp","href":"https:\/\/api.w.org\/{rel}","templated":true}]}}