{"id":371,"date":"2013-12-10T12:14:19","date_gmt":"2013-12-10T12:14:19","guid":{"rendered":"http:\/\/www.rjtc.lv\/?page_id=371"},"modified":"2023-01-12T14:43:45","modified_gmt":"2023-01-12T14:43:45","slug":"sahs","status":"publish","type":"page","link":"https:\/\/www.rjtc.lv\/?page_id=371","title":{"rendered":"\u0160ahs"},"content":{"rendered":"<p align=\"left\">Skolot\u0101js: <b>Uldis Melderis<\/b><\/p>\n<p align=\"left\">\u0160ahs ir sporta veids, kas labv\u0113l\u012bgi iedarbojas uz b\u0113rnu un jaunie\u0161u sekm\u0113m, raksturu, att\u012bsta intelektu, mudina dom\u0101t elast\u012bgi un gudri.<\/p>\n<p align=\"left\">Pulci\u0146\u0101 audz\u0113k\u0146i apg\u016bst \u0161aha sp\u0113les pamatus un piedal\u0101s sacens\u012bb\u0101s.<\/p>\n<p align=\"left\">Uz\u0146em dal\u012bbniekus no <strong>5&nbsp;l\u012bdz 25 gadiem.<\/strong><\/p>\n<p align=\"left\"><strong>Bauskas iela 88, 307. kabinets<\/strong><\/p>\n\n\n<figure class=\"wp-block-image size-large\"><a href=\"https:\/\/www.rjtc.lv\/wp-content\/uploads\/2023\/01\/Sahs-RJTC.jpeg\"><img loading=\"lazy\" decoding=\"async\" width=\"768\" height=\"1024\" src=\"https:\/\/www.rjtc.lv\/wp-content\/uploads\/2023\/01\/Sahs-RJTC-768x1024.jpeg\" alt=\"\" class=\"wp-image-6811\" srcset=\"https:\/\/www.rjtc.lv\/wp-content\/uploads\/2023\/01\/Sahs-RJTC-768x1024.jpeg 768w, https:\/\/www.rjtc.lv\/wp-content\/uploads\/2023\/01\/Sahs-RJTC-225x300.jpeg 225w, https:\/\/www.rjtc.lv\/wp-content\/uploads\/2023\/01\/Sahs-RJTC-1152x1536.jpeg 1152w, https:\/\/www.rjtc.lv\/wp-content\/uploads\/2023\/01\/Sahs-RJTC.jpeg 1200w\" sizes=\"auto, (max-width: 768px) 100vw, 768px\" \/><\/a><\/figure>\n","protected":false},"excerpt":{"rendered":"<p>Skolot\u0101js: Uldis Melderis \u0160ahs ir sporta veids, kas labv\u0113l\u012bgi iedarbojas uz b\u0113rnu un jaunie\u0161u sekm\u0113m, raksturu, att\u012bsta intelektu, mudina dom\u0101t elast\u012bgi un gudri. Pulci\u0146\u0101 audz\u0113k\u0146i apg\u016bst \u0161aha sp\u0113les pamatus un piedal\u0101s sacens\u012bb\u0101s. Uz\u0146em dal\u012bbniekus no 5&nbsp;l\u012bdz 25 gadiem. Bauskas iela 88, 307. kabinets<\/p>\n","protected":false},"author":4,"featured_media":372,"parent":22,"menu_order":0,"comment_status":"closed","ping_status":"closed","template":"","meta":{"ngg_post_thumbnail":0,"footnotes":""},"class_list":["post-371","page","type-page","status-publish","has-post-thumbnail","hentry"],"_links":{"self":[{"href":"https:\/\/www.rjtc.lv\/index.php?rest_route=\/wp\/v2\/pages\/371","targetHints":{"allow":["GET"]}}],"collection":[{"href":"https:\/\/www.rjtc.lv\/index.php?rest_route=\/wp\/v2\/pages"}],"about":[{"href":"https:\/\/www.rjtc.lv\/index.php?rest_route=\/wp\/v2\/types\/page"}],"author":[{"embeddable":true,"href":"https:\/\/www.rjtc.lv\/index.php?rest_route=\/wp\/v2\/users\/4"}],"replies":[{"embeddable":true,"href":"https:\/\/www.rjtc.lv\/index.php?rest_route=%2Fwp%2Fv2%2Fcomments&post=371"}],"version-history":[{"count":0,"href":"https:\/\/www.rjtc.lv\/index.php?rest_route=\/wp\/v2\/pages\/371\/revisions"}],"up":[{"embeddable":true,"href":"https:\/\/www.rjtc.lv\/index.php?rest_route=\/wp\/v2\/pages\/22"}],"wp:featuredmedia":[{"embeddable":true,"href":"https:\/\/www.rjtc.lv\/index.php?rest_route=\/wp\/v2\/media\/372"}],"wp:attachment":[{"href":"https:\/\/www.rjtc.lv\/index.php?rest_route=%2Fwp%2Fv2%2Fmedia&parent=371"}],"curies":[{"name":"wp","href":"https:\/\/api.w.org\/{rel}","templated":true}]}}