{"id":37,"date":"2013-09-26T16:18:36","date_gmt":"2013-09-26T16:18:36","guid":{"rendered":"http:\/\/www.rjtc.lv\/?page_id=37"},"modified":"2024-08-13T14:03:10","modified_gmt":"2024-08-13T14:03:10","slug":"lidmodelisms","status":"publish","type":"page","link":"https:\/\/www.rjtc.lv\/?page_id=37","title":{"rendered":"Lidmodelisms (planieri)"},"content":{"rendered":"<h1><span style=\"font-size: medium;\">Radio vad\u0101mie planieru mode\u013ci.<\/span><\/h1>\n<p><span style=\"font-size: medium;\">Skolot\u0101js: <strong>Sergejs Timofejevs<\/strong><\/span><\/p>\n<p><span style=\"font-size: medium;\">&nbsp;<\/span><span style=\"font-size: medium;\">Lidmode\u013cu pulci\u0146\u0101 b\u0113rni un jaunie\u0161i apg\u016bst iema\u0146as un pilnveido sp\u0113jas patst\u0101v\u012bgi izgatavot un vad\u012bt lidmode\u013cus. <\/span><span style=\"font-size: medium;\">Mode\u013cu izgatavo\u0161an\u0101 izmantojam specifiskus materi\u0101lus, piem\u0113ram, visviegl\u0101ko koku pasaul\u0113 \u2013 balsu u.c. <\/span><span style=\"font-size: medium;\">Pulci\u0146a pamatvirziens \u2013 radio vad\u0101mie planieri. Planierim nav dzin\u0113ja, &nbsp;tas&nbsp; lido izmantojot gaisa straumes. <\/span><span style=\"font-size: medium;\">Pulci\u0146a audz\u0113k\u0146i piedal\u0101s da\u017e\u0101d\u0101s sacens\u012bb\u0101s un pas\u0101kumos.<\/span><\/p>\n<p><span style=\"font-size: medium;\">Uz\u0146em dal\u012bbniekus no <strong>8 &#8211; 25 gadiem<\/strong><\/span><\/p>\n<p><span style=\"font-size: medium;\">Nodarb\u012bbas notiek<\/span><strong><span style=\"font-size: medium;\"> Bauskas iel\u0101 88, 301.kabinet\u0101<\/span><\/strong><\/p>\n\n\n<figure class=\"wp-block-image size-large\"><a href=\"https:\/\/www.rjtc.lv\/wp-content\/uploads\/2024\/02\/f64_rjts_20230914jk62-scaled.jpg\"><img loading=\"lazy\" decoding=\"async\" width=\"1024\" height=\"683\" src=\"https:\/\/www.rjtc.lv\/wp-content\/uploads\/2024\/02\/f64_rjts_20230914jk62-1024x683.jpg\" alt=\"\" class=\"wp-image-8263\" srcset=\"https:\/\/www.rjtc.lv\/wp-content\/uploads\/2024\/02\/f64_rjts_20230914jk62-1024x683.jpg 1024w, https:\/\/www.rjtc.lv\/wp-content\/uploads\/2024\/02\/f64_rjts_20230914jk62-300x200.jpg 300w, https:\/\/www.rjtc.lv\/wp-content\/uploads\/2024\/02\/f64_rjts_20230914jk62-768x512.jpg 768w, https:\/\/www.rjtc.lv\/wp-content\/uploads\/2024\/02\/f64_rjts_20230914jk62-1536x1024.jpg 1536w, https:\/\/www.rjtc.lv\/wp-content\/uploads\/2024\/02\/f64_rjts_20230914jk62-2048x1365.jpg 2048w, https:\/\/www.rjtc.lv\/wp-content\/uploads\/2024\/02\/f64_rjts_20230914jk62-321x214.jpg 321w, https:\/\/www.rjtc.lv\/wp-content\/uploads\/2024\/02\/f64_rjts_20230914jk62-140x94.jpg 140w\" sizes=\"auto, (max-width: 1024px) 100vw, 1024px\" \/><\/a><\/figure>\n","protected":false},"excerpt":{"rendered":"<p>Radio vad\u0101mie planieru mode\u013ci. Skolot\u0101js: Sergejs Timofejevs &nbsp;Lidmode\u013cu pulci\u0146\u0101 b\u0113rni un jaunie\u0161i apg\u016bst iema\u0146as un pilnveido sp\u0113jas patst\u0101v\u012bgi izgatavot un vad\u012bt lidmode\u013cus. Mode\u013cu izgatavo\u0161an\u0101 izmantojam specifiskus materi\u0101lus, piem\u0113ram, visviegl\u0101ko koku pasaul\u0113 \u2013 balsu u.c. Pulci\u0146a pamatvirziens \u2013 radio vad\u0101mie planieri. Planierim nav dzin\u0113ja, &nbsp;tas&nbsp; lido izmantojot gaisa straumes. Pulci\u0146a audz\u0113k\u0146i piedal\u0101s da\u017e\u0101d\u0101s sacens\u012bb\u0101s un pas\u0101kumos. [&hellip;]<\/p>\n","protected":false},"author":4,"featured_media":0,"parent":282,"menu_order":0,"comment_status":"open","ping_status":"open","template":"","meta":{"ngg_post_thumbnail":0,"footnotes":""},"class_list":["post-37","page","type-page","status-publish","hentry"],"_links":{"self":[{"href":"https:\/\/www.rjtc.lv\/index.php?rest_route=\/wp\/v2\/pages\/37","targetHints":{"allow":["GET"]}}],"collection":[{"href":"https:\/\/www.rjtc.lv\/index.php?rest_route=\/wp\/v2\/pages"}],"about":[{"href":"https:\/\/www.rjtc.lv\/index.php?rest_route=\/wp\/v2\/types\/page"}],"author":[{"embeddable":true,"href":"https:\/\/www.rjtc.lv\/index.php?rest_route=\/wp\/v2\/users\/4"}],"replies":[{"embeddable":true,"href":"https:\/\/www.rjtc.lv\/index.php?rest_route=%2Fwp%2Fv2%2Fcomments&post=37"}],"version-history":[{"count":0,"href":"https:\/\/www.rjtc.lv\/index.php?rest_route=\/wp\/v2\/pages\/37\/revisions"}],"up":[{"embeddable":true,"href":"https:\/\/www.rjtc.lv\/index.php?rest_route=\/wp\/v2\/pages\/282"}],"wp:attachment":[{"href":"https:\/\/www.rjtc.lv\/index.php?rest_route=%2Fwp%2Fv2%2Fmedia&parent=37"}],"curies":[{"name":"wp","href":"https:\/\/api.w.org\/{rel}","templated":true}]}}