{"id":365,"date":"2013-12-10T12:09:59","date_gmt":"2013-12-10T12:09:59","guid":{"rendered":"http:\/\/www.rjtc.lv\/?page_id=365"},"modified":"2018-09-27T11:29:55","modified_gmt":"2018-09-27T11:29:55","slug":"lakross-interkross-zeniem","status":"publish","type":"page","link":"https:\/\/www.rjtc.lv\/?page_id=365","title":{"rendered":"Lakross, interkross z\u0113niem"},"content":{"rendered":"<p>Skolot\u0101js: Dins Bahs<\/p>\n<p>&nbsp;<\/p>\n<p>Lakross ir Kan\u0101das nacion\u0101lais sporta veids, kur\u0101 apvienots sp\u0113ks, \u0101trums un azarts.<\/p>\n<p>Pulci\u0146\u0101 audz\u0113k\u0146i apg\u016bst lakrosa un interkrosa sp\u0113les pamatus, piedal\u0101s da\u017e\u0101da l\u012bme\u0146a sacens\u012bb\u0101s.<\/p>\n<div align=\"left\">&nbsp;<\/div>\n<p>Uz\u0146em dal\u012bbniekus no 8&nbsp;l\u012bdz 25 gadiem.<\/p>\n<p><span style=\"color: #ff0000;\">Nepiecie\u0161ama medic\u012bnisk\u0101 izzi\u0146a, ka dr\u012bkst nodarboties ar paaugstin\u0101tu fizisko slodzi.<\/span><\/p>\n<p>&nbsp;<\/p>\n<p>RJTC sporta z\u0101le un sporta laukums<\/p>\n<p>&nbsp;<\/p>\n<p><a href=\"http:\/\/www.rjtc.lv\/wp-content\/uploads\/2013\/12\/lakrosabildes.jpg\"><img loading=\"lazy\" decoding=\"async\" class=\"alignnone size-large wp-image-366\" src=\"http:\/\/www.rjtc.lv\/wp-content\/uploads\/2013\/12\/lakrosabildes-1024x724.jpg\" alt=\"lakross\" width=\"838\" height=\"592\"><\/a><\/p>\n","protected":false},"excerpt":{"rendered":"<p>Skolot\u0101js: Dins Bahs &nbsp; Lakross ir Kan\u0101das nacion\u0101lais sporta veids, kur\u0101 apvienots sp\u0113ks, \u0101trums un azarts. Pulci\u0146\u0101 audz\u0113k\u0146i apg\u016bst lakrosa un interkrosa sp\u0113les pamatus, piedal\u0101s da\u017e\u0101da l\u012bme\u0146a sacens\u012bb\u0101s. &nbsp; Uz\u0146em dal\u012bbniekus no 8&nbsp;l\u012bdz 25 gadiem. Nepiecie\u0161ama medic\u012bnisk\u0101 izzi\u0146a, ka dr\u012bkst nodarboties ar paaugstin\u0101tu fizisko slodzi. &nbsp; RJTC sporta z\u0101le un sporta laukums &nbsp;<\/p>\n","protected":false},"author":4,"featured_media":0,"parent":22,"menu_order":0,"comment_status":"closed","ping_status":"closed","template":"","meta":{"ngg_post_thumbnail":0,"footnotes":""},"class_list":["post-365","page","type-page","status-publish","hentry"],"_links":{"self":[{"href":"https:\/\/www.rjtc.lv\/index.php?rest_route=\/wp\/v2\/pages\/365","targetHints":{"allow":["GET"]}}],"collection":[{"href":"https:\/\/www.rjtc.lv\/index.php?rest_route=\/wp\/v2\/pages"}],"about":[{"href":"https:\/\/www.rjtc.lv\/index.php?rest_route=\/wp\/v2\/types\/page"}],"author":[{"embeddable":true,"href":"https:\/\/www.rjtc.lv\/index.php?rest_route=\/wp\/v2\/users\/4"}],"replies":[{"embeddable":true,"href":"https:\/\/www.rjtc.lv\/index.php?rest_route=%2Fwp%2Fv2%2Fcomments&post=365"}],"version-history":[{"count":0,"href":"https:\/\/www.rjtc.lv\/index.php?rest_route=\/wp\/v2\/pages\/365\/revisions"}],"up":[{"embeddable":true,"href":"https:\/\/www.rjtc.lv\/index.php?rest_route=\/wp\/v2\/pages\/22"}],"wp:attachment":[{"href":"https:\/\/www.rjtc.lv\/index.php?rest_route=%2Fwp%2Fv2%2Fmedia&parent=365"}],"curies":[{"name":"wp","href":"https:\/\/api.w.org\/{rel}","templated":true}]}}