{"id":363,"date":"2013-12-10T12:06:34","date_gmt":"2013-12-10T12:06:34","guid":{"rendered":"http:\/\/www.rjtc.lv\/?page_id=363"},"modified":"2024-10-04T05:41:34","modified_gmt":"2024-10-04T05:41:34","slug":"lakross-interkross-meitenem","status":"publish","type":"page","link":"https:\/\/www.rjtc.lv\/?page_id=363","title":{"rendered":"Lakross, interkross meiten\u0113m"},"content":{"rendered":"<p>Skolot\u0101js: <strong>Krista Br\u012bdi\u0146a<\/strong><\/p>\n<p>Lakross ir Kan\u0101das nacion\u0101lais sporta veids, kur\u0101 apvienots sp\u0113ks, \u0101trums un azarts.<\/p>\n<p>Pulci\u0146\u0101 audz\u0113k\u0146i apg\u016bst lakrosa un interkrosa sp\u0113les pamatus, piedal\u0101s da\u017e\u0101da l\u012bme\u0146a sacens\u012bb\u0101s.<\/p>\n<p>Uz\u0146em dal\u012bbniekus no&nbsp;<strong>8 l\u012bdz 25 gadiem.<\/strong><\/p>\n<p><span style=\"color: #ff0000;\">Nepiecie\u0161ama medic\u012bnisk\u0101 izzi\u0146a, ka dr\u012bkst nodarboties ar paaugstin\u0101tu fizisko slodzi.<\/span><\/p>\n<p><strong>RJTC sporta z\u0101le un sporta laukums<\/strong><\/p>\n","protected":false},"excerpt":{"rendered":"<p>Skolot\u0101js: Krista Br\u012bdi\u0146a Lakross ir Kan\u0101das nacion\u0101lais sporta veids, kur\u0101 apvienots sp\u0113ks, \u0101trums un azarts. Pulci\u0146\u0101 audz\u0113k\u0146i apg\u016bst lakrosa un interkrosa sp\u0113les pamatus, piedal\u0101s da\u017e\u0101da l\u012bme\u0146a sacens\u012bb\u0101s. Uz\u0146em dal\u012bbniekus no&nbsp;8 l\u012bdz 25 gadiem. Nepiecie\u0161ama medic\u012bnisk\u0101 izzi\u0146a, ka dr\u012bkst nodarboties ar paaugstin\u0101tu fizisko slodzi. RJTC sporta z\u0101le un sporta laukums<\/p>\n","protected":false},"author":4,"featured_media":0,"parent":22,"menu_order":0,"comment_status":"closed","ping_status":"closed","template":"","meta":{"ngg_post_thumbnail":0,"footnotes":""},"class_list":["post-363","page","type-page","status-publish","hentry"],"_links":{"self":[{"href":"https:\/\/www.rjtc.lv\/index.php?rest_route=\/wp\/v2\/pages\/363","targetHints":{"allow":["GET"]}}],"collection":[{"href":"https:\/\/www.rjtc.lv\/index.php?rest_route=\/wp\/v2\/pages"}],"about":[{"href":"https:\/\/www.rjtc.lv\/index.php?rest_route=\/wp\/v2\/types\/page"}],"author":[{"embeddable":true,"href":"https:\/\/www.rjtc.lv\/index.php?rest_route=\/wp\/v2\/users\/4"}],"replies":[{"embeddable":true,"href":"https:\/\/www.rjtc.lv\/index.php?rest_route=%2Fwp%2Fv2%2Fcomments&post=363"}],"version-history":[{"count":0,"href":"https:\/\/www.rjtc.lv\/index.php?rest_route=\/wp\/v2\/pages\/363\/revisions"}],"up":[{"embeddable":true,"href":"https:\/\/www.rjtc.lv\/index.php?rest_route=\/wp\/v2\/pages\/22"}],"wp:attachment":[{"href":"https:\/\/www.rjtc.lv\/index.php?rest_route=%2Fwp%2Fv2%2Fmedia&parent=363"}],"curies":[{"name":"wp","href":"https:\/\/api.w.org\/{rel}","templated":true}]}}