{"id":349,"date":"2013-12-10T11:58:56","date_gmt":"2013-12-10T11:58:56","guid":{"rendered":"http:\/\/www.rjtc.lv\/?page_id=349"},"modified":"2025-09-09T10:20:02","modified_gmt":"2025-09-09T10:20:02","slug":"trases-automodelisms","status":"publish","type":"page","link":"https:\/\/www.rjtc.lv\/?page_id=349","title":{"rendered":"Trases automodelisms"},"content":{"rendered":"<p>Skolot\u0101js: <strong>Agris Kir\u0161teins<\/strong><\/p>\n<p>Pulci\u0146\u0101 apg\u016bst met\u0101lapstr\u0101des pamatus, iema\u0146as darboties ar elektroinstrumentiem, lod\u0113\u0161anas pamatus.<\/p>\n<p>Izgatavo auto mode\u013cus ar iemont\u0113tiem elektromotoriem.<\/p>\n<p>Piedal\u0101s sacens\u012bb\u0101s.<\/p>\n<p><iframe loading=\"lazy\" title=\"RJTC atkl\u0101t\u0101s sacens\u012bbas trases automodelism\u0101\" width=\"838\" height=\"471\" src=\"https:\/\/www.youtube.com\/embed\/5len6TNfXxI?feature=oembed\" frameborder=\"0\" allow=\"accelerometer; autoplay; clipboard-write; encrypted-media; gyroscope; picture-in-picture; web-share\" referrerpolicy=\"strict-origin-when-cross-origin\" allowfullscreen><\/iframe><\/p>\n<p>Uz\u0146em dal\u012bbniekus no <strong>7 &#8211; 25 gadiem<\/strong><\/p>\n<p>Nodarb\u012bbas notiek<strong> Bauskas iel\u0101 88, 311.kabinet\u0101<\/strong><\/p>\n\n\n<figure class=\"wp-block-image size-large\"><a href=\"https:\/\/www.rjtc.lv\/wp-content\/uploads\/2023\/01\/DSC_3698-scaled.jpg\"><img loading=\"lazy\" decoding=\"async\" width=\"1024\" height=\"684\" src=\"https:\/\/www.rjtc.lv\/wp-content\/uploads\/2023\/01\/DSC_3698-1024x684.jpg\" alt=\"\" class=\"wp-image-6932\" srcset=\"https:\/\/www.rjtc.lv\/wp-content\/uploads\/2023\/01\/DSC_3698-1024x684.jpg 1024w, https:\/\/www.rjtc.lv\/wp-content\/uploads\/2023\/01\/DSC_3698-300x200.jpg 300w, https:\/\/www.rjtc.lv\/wp-content\/uploads\/2023\/01\/DSC_3698-768x513.jpg 768w, https:\/\/www.rjtc.lv\/wp-content\/uploads\/2023\/01\/DSC_3698-1536x1025.jpg 1536w, https:\/\/www.rjtc.lv\/wp-content\/uploads\/2023\/01\/DSC_3698-2048x1367.jpg 2048w, https:\/\/www.rjtc.lv\/wp-content\/uploads\/2023\/01\/DSC_3698-321x214.jpg 321w, https:\/\/www.rjtc.lv\/wp-content\/uploads\/2023\/01\/DSC_3698-140x94.jpg 140w\" sizes=\"auto, (max-width: 1024px) 100vw, 1024px\" \/><\/a><\/figure>\n","protected":false},"excerpt":{"rendered":"<p>Skolot\u0101js: Agris Kir\u0161teins Pulci\u0146\u0101 apg\u016bst met\u0101lapstr\u0101des pamatus, iema\u0146as darboties ar elektroinstrumentiem, lod\u0113\u0161anas pamatus. Izgatavo auto mode\u013cus ar iemont\u0113tiem elektromotoriem. Piedal\u0101s sacens\u012bb\u0101s. Uz\u0146em dal\u012bbniekus no 7 &#8211; 25 gadiem Nodarb\u012bbas notiek Bauskas iel\u0101 88, 311.kabinet\u0101<\/p>\n","protected":false},"author":4,"featured_media":350,"parent":282,"menu_order":0,"comment_status":"closed","ping_status":"closed","template":"","meta":{"ngg_post_thumbnail":0,"footnotes":""},"class_list":["post-349","page","type-page","status-publish","has-post-thumbnail","hentry"],"_links":{"self":[{"href":"https:\/\/www.rjtc.lv\/index.php?rest_route=\/wp\/v2\/pages\/349","targetHints":{"allow":["GET"]}}],"collection":[{"href":"https:\/\/www.rjtc.lv\/index.php?rest_route=\/wp\/v2\/pages"}],"about":[{"href":"https:\/\/www.rjtc.lv\/index.php?rest_route=\/wp\/v2\/types\/page"}],"author":[{"embeddable":true,"href":"https:\/\/www.rjtc.lv\/index.php?rest_route=\/wp\/v2\/users\/4"}],"replies":[{"embeddable":true,"href":"https:\/\/www.rjtc.lv\/index.php?rest_route=%2Fwp%2Fv2%2Fcomments&post=349"}],"version-history":[{"count":0,"href":"https:\/\/www.rjtc.lv\/index.php?rest_route=\/wp\/v2\/pages\/349\/revisions"}],"up":[{"embeddable":true,"href":"https:\/\/www.rjtc.lv\/index.php?rest_route=\/wp\/v2\/pages\/282"}],"wp:featuredmedia":[{"embeddable":true,"href":"https:\/\/www.rjtc.lv\/index.php?rest_route=\/wp\/v2\/media\/350"}],"wp:attachment":[{"href":"https:\/\/www.rjtc.lv\/index.php?rest_route=%2Fwp%2Fv2%2Fmedia&parent=349"}],"curies":[{"name":"wp","href":"https:\/\/api.w.org\/{rel}","templated":true}]}}