{"id":345,"date":"2013-12-10T11:55:16","date_gmt":"2013-12-10T11:55:16","guid":{"rendered":"http:\/\/www.rjtc.lv\/?page_id=345"},"modified":"2024-08-13T14:19:13","modified_gmt":"2024-08-13T14:19:13","slug":"345-2","status":"publish","type":"page","link":"https:\/\/www.rjtc.lv\/?page_id=345","title":{"rendered":"Tehnisk\u0101 model\u0113\u0161ana"},"content":{"rendered":"<p>Skolot\u0101js:&nbsp;<strong>J\u0101nis Rage-Ra\u0123is<\/strong><\/p>\n<p>Tehnisk\u0101s model\u0113\u0161anas pulci\u0146\u0101 audz\u0113k\u0146i m\u0101c\u0101s skic\u0113t, griezt, l\u012bm\u0113t, z\u0101\u0123\u0113t, izgatavot da\u017e\u0101da veida auto, ku\u0123u, celt\u0146u u.c. telpiskus mode\u013cus. Audz\u0113k\u0146i apg\u016bst konstru\u0113\u0161anas pamatus, realiz\u0113 savas idejas.<\/p>\n<p>Darb\u0101 tiek izmantots koks, pap\u012brs, kartons, putuplasts, saimniec\u012bb\u0101 pieejami materi\u0101li.<\/p>\n<p>Uz\u0146em dal\u012bbniekus no&nbsp;<strong>7 &#8211; 14 gadiem<\/strong><\/p>\n<p>Nodarb\u012bbas notiek<strong> Bauskas iel\u0101 88, 002.kabinet\u0101<\/strong><\/p>\n","protected":false},"excerpt":{"rendered":"<p>Skolot\u0101js:&nbsp;J\u0101nis Rage-Ra\u0123is Tehnisk\u0101s model\u0113\u0161anas pulci\u0146\u0101 audz\u0113k\u0146i m\u0101c\u0101s skic\u0113t, griezt, l\u012bm\u0113t, z\u0101\u0123\u0113t, izgatavot da\u017e\u0101da veida auto, ku\u0123u, celt\u0146u u.c. telpiskus mode\u013cus. Audz\u0113k\u0146i apg\u016bst konstru\u0113\u0161anas pamatus, realiz\u0113 savas idejas. Darb\u0101 tiek izmantots koks, pap\u012brs, kartons, putuplasts, saimniec\u012bb\u0101 pieejami materi\u0101li. Uz\u0146em dal\u012bbniekus no&nbsp;7 &#8211; 14 gadiem Nodarb\u012bbas notiek Bauskas iel\u0101 88, 002.kabinet\u0101<\/p>\n","protected":false},"author":4,"featured_media":0,"parent":282,"menu_order":0,"comment_status":"closed","ping_status":"closed","template":"","meta":{"ngg_post_thumbnail":0,"footnotes":""},"class_list":["post-345","page","type-page","status-publish","hentry"],"_links":{"self":[{"href":"https:\/\/www.rjtc.lv\/index.php?rest_route=\/wp\/v2\/pages\/345","targetHints":{"allow":["GET"]}}],"collection":[{"href":"https:\/\/www.rjtc.lv\/index.php?rest_route=\/wp\/v2\/pages"}],"about":[{"href":"https:\/\/www.rjtc.lv\/index.php?rest_route=\/wp\/v2\/types\/page"}],"author":[{"embeddable":true,"href":"https:\/\/www.rjtc.lv\/index.php?rest_route=\/wp\/v2\/users\/4"}],"replies":[{"embeddable":true,"href":"https:\/\/www.rjtc.lv\/index.php?rest_route=%2Fwp%2Fv2%2Fcomments&post=345"}],"version-history":[{"count":0,"href":"https:\/\/www.rjtc.lv\/index.php?rest_route=\/wp\/v2\/pages\/345\/revisions"}],"up":[{"embeddable":true,"href":"https:\/\/www.rjtc.lv\/index.php?rest_route=\/wp\/v2\/pages\/282"}],"wp:attachment":[{"href":"https:\/\/www.rjtc.lv\/index.php?rest_route=%2Fwp%2Fv2%2Fmedia&parent=345"}],"curies":[{"name":"wp","href":"https:\/\/api.w.org\/{rel}","templated":true}]}}