{"id":34,"date":"2013-09-26T16:16:57","date_gmt":"2013-09-26T16:16:57","guid":{"rendered":"http:\/\/www.rjtc.lv\/?page_id=34"},"modified":"2025-09-22T12:07:55","modified_gmt":"2025-09-22T12:07:55","slug":"lego","status":"publish","type":"page","link":"https:\/\/www.rjtc.lv\/?page_id=34","title":{"rendered":"LEGO"},"content":{"rendered":"<p>Skolot\u0101ja: <strong>Vizma Virse, Dina Maksimenko<\/strong><\/p>\n<p>Nodarb\u012bb\u0101s audz\u0113k\u0146i darbojas ar LEGO konstruktoriem. Katr\u0101 nodarb\u012bb\u0101 iepaz\u012bst pasauli (dz\u012bv\u0101 daba, tehnika, fant\u0101zijas t\u0113li, arhitekt\u016bra), kur\u0101 dz\u012bvojam un ataino to no LEGO kluc\u012b\u0161iem. Apg\u016bst prasmes veidot plaknes un telpiskus objektus. Pilnveido prasmes realiz\u0113t savas idejas un darboties &#8220;soli pa solim&#8221; p\u0113c instrukcijas.&nbsp;Darbojoties&nbsp;ar LEGO kluc\u012b\u0161iem, b\u0113rni att\u012bsta roku un pirkstu veikl\u012bbu un fant\u0101ziju,&nbsp;prasmi izteikt savas domas,&nbsp; komunic\u0113t ar vienaud\u017eiem.&nbsp;Pulci\u0146a audz\u0113k\u0146i&nbsp;piedal\u0101s R\u012bgas pils\u0113tas LEGO konstruktoru sacens\u012bb\u0101s un izst\u0101d\u0113s.<\/p>\n<p>Uz\u0146em dal\u012bbniekus no <strong>3 &#8211; 12 gadiem<\/strong><\/p>\n<p>Nodarb\u012bbas notiek<strong> Bauskas iel\u0101 88, 404. <\/strong>un<strong> 209.kabinet\u0101<\/strong><\/p>\n<p>Pieteik\u0161an\u0101s nodarb\u012bb\u0101m &#8211; <strong>vvirse@edu.riga.lv, dinauu@inbox.lv<\/strong><\/p>\n\n\n<figure class=\"wp-block-image size-large\"><a href=\"https:\/\/www.rjtc.lv\/wp-content\/uploads\/2025\/09\/bilde-1-scaled.jpg\"><img loading=\"lazy\" decoding=\"async\" width=\"1024\" height=\"724\" src=\"https:\/\/www.rjtc.lv\/wp-content\/uploads\/2025\/09\/bilde-1-1024x724.jpg\" alt=\"\" class=\"wp-image-10860\" srcset=\"https:\/\/www.rjtc.lv\/wp-content\/uploads\/2025\/09\/bilde-1-1024x724.jpg 1024w, https:\/\/www.rjtc.lv\/wp-content\/uploads\/2025\/09\/bilde-1-300x212.jpg 300w, https:\/\/www.rjtc.lv\/wp-content\/uploads\/2025\/09\/bilde-1-768x543.jpg 768w, https:\/\/www.rjtc.lv\/wp-content\/uploads\/2025\/09\/bilde-1-1536x1086.jpg 1536w, https:\/\/www.rjtc.lv\/wp-content\/uploads\/2025\/09\/bilde-1-2048x1448.jpg 2048w\" sizes=\"auto, (max-width: 1024px) 100vw, 1024px\" \/><\/a><\/figure>\n","protected":false},"excerpt":{"rendered":"<p>Skolot\u0101ja: Vizma Virse, Dina Maksimenko Nodarb\u012bb\u0101s audz\u0113k\u0146i darbojas ar LEGO konstruktoriem. Katr\u0101 nodarb\u012bb\u0101 iepaz\u012bst pasauli (dz\u012bv\u0101 daba, tehnika, fant\u0101zijas t\u0113li, arhitekt\u016bra), kur\u0101 dz\u012bvojam un ataino to no LEGO kluc\u012b\u0161iem. Apg\u016bst prasmes veidot plaknes un telpiskus objektus. Pilnveido prasmes realiz\u0113t savas idejas un darboties &#8220;soli pa solim&#8221; p\u0113c instrukcijas.&nbsp;Darbojoties&nbsp;ar LEGO kluc\u012b\u0161iem, b\u0113rni att\u012bsta roku un pirkstu [&hellip;]<\/p>\n","protected":false},"author":4,"featured_media":10860,"parent":282,"menu_order":0,"comment_status":"closed","ping_status":"closed","template":"","meta":{"ngg_post_thumbnail":0,"footnotes":""},"class_list":["post-34","page","type-page","status-publish","has-post-thumbnail","hentry"],"_links":{"self":[{"href":"https:\/\/www.rjtc.lv\/index.php?rest_route=\/wp\/v2\/pages\/34","targetHints":{"allow":["GET"]}}],"collection":[{"href":"https:\/\/www.rjtc.lv\/index.php?rest_route=\/wp\/v2\/pages"}],"about":[{"href":"https:\/\/www.rjtc.lv\/index.php?rest_route=\/wp\/v2\/types\/page"}],"author":[{"embeddable":true,"href":"https:\/\/www.rjtc.lv\/index.php?rest_route=\/wp\/v2\/users\/4"}],"replies":[{"embeddable":true,"href":"https:\/\/www.rjtc.lv\/index.php?rest_route=%2Fwp%2Fv2%2Fcomments&post=34"}],"version-history":[{"count":0,"href":"https:\/\/www.rjtc.lv\/index.php?rest_route=\/wp\/v2\/pages\/34\/revisions"}],"up":[{"embeddable":true,"href":"https:\/\/www.rjtc.lv\/index.php?rest_route=\/wp\/v2\/pages\/282"}],"wp:featuredmedia":[{"embeddable":true,"href":"https:\/\/www.rjtc.lv\/index.php?rest_route=\/wp\/v2\/media\/10860"}],"wp:attachment":[{"href":"https:\/\/www.rjtc.lv\/index.php?rest_route=%2Fwp%2Fv2%2Fmedia&parent=34"}],"curies":[{"name":"wp","href":"https:\/\/api.w.org\/{rel}","templated":true}]}}