{"id":338,"date":"2013-12-10T11:27:16","date_gmt":"2013-12-10T11:27:16","guid":{"rendered":"http:\/\/www.rjtc.lv\/?page_id=338"},"modified":"2024-08-13T14:15:12","modified_gmt":"2024-08-13T14:15:12","slug":"338-2","status":"publish","type":"page","link":"https:\/\/www.rjtc.lv\/?page_id=338","title":{"rendered":"Ra\u0137e\u0161u modelisms"},"content":{"rendered":"<p>Skolot\u0101js: <strong>Viktors Ro\u0161onoks<\/strong><\/p>\n<p>Apg\u016bst intereses un sp\u0113jas tehniskaj\u0101 model\u0113\u0161an\u0101, konstrukt\u012bvu dom\u0101\u0161anu un &nbsp;tehnisk\u0101s jaunrades pieredzi. Apg\u016bst darba prasmes, str\u0101d\u0101jot ar da\u017e\u0101diem materi\u0101liem, lietojot sadz\u012bv\u0113 izmantojamus instrumentus, darbar\u012bkus un tehniku. Katrs audz\u0113\u0137nis izgatavo atbilsto\u0161i sav\u0101m sp\u0113j\u0101m da\u017e\u0101dus ra\u0137e\u0161u mode\u013cus.<\/p>\n<p>Uz\u0146em audz\u0113k\u0146us no<strong> 7 &#8211; 25&nbsp;gadiem<\/strong>.<\/p>\n<p>Nodarb\u012bbas notiek<strong> Bauskas iel\u0101 88, 117.kabinet\u0101<\/strong><\/p>\n<p><a href=\"http:\/\/www.rjtc.lv\/wp-content\/uploads\/2013\/12\/RAKETES.jpg\"><img loading=\"lazy\" decoding=\"async\" class=\"alignnone size-large wp-image-339\" src=\"http:\/\/www.rjtc.lv\/wp-content\/uploads\/2013\/12\/RAKETES-1024x724.jpg\" alt=\"RAKETES\" width=\"838\" height=\"592\" srcset=\"https:\/\/www.rjtc.lv\/wp-content\/uploads\/2013\/12\/RAKETES-1024x724.jpg 1024w, https:\/\/www.rjtc.lv\/wp-content\/uploads\/2013\/12\/RAKETES-300x212.jpg 300w\" sizes=\"auto, (max-width: 838px) 100vw, 838px\" \/><\/a><\/p>\n","protected":false},"excerpt":{"rendered":"<p>Skolot\u0101js: Viktors Ro\u0161onoks Apg\u016bst intereses un sp\u0113jas tehniskaj\u0101 model\u0113\u0161an\u0101, konstrukt\u012bvu dom\u0101\u0161anu un &nbsp;tehnisk\u0101s jaunrades pieredzi. Apg\u016bst darba prasmes, str\u0101d\u0101jot ar da\u017e\u0101diem materi\u0101liem, lietojot sadz\u012bv\u0113 izmantojamus instrumentus, darbar\u012bkus un tehniku. Katrs audz\u0113\u0137nis izgatavo atbilsto\u0161i sav\u0101m sp\u0113j\u0101m da\u017e\u0101dus ra\u0137e\u0161u mode\u013cus. Uz\u0146em audz\u0113k\u0146us no 7 &#8211; 25&nbsp;gadiem. Nodarb\u012bbas notiek Bauskas iel\u0101 88, 117.kabinet\u0101<\/p>\n","protected":false},"author":4,"featured_media":339,"parent":282,"menu_order":0,"comment_status":"closed","ping_status":"closed","template":"","meta":{"ngg_post_thumbnail":0,"footnotes":""},"class_list":["post-338","page","type-page","status-publish","has-post-thumbnail","hentry"],"_links":{"self":[{"href":"https:\/\/www.rjtc.lv\/index.php?rest_route=\/wp\/v2\/pages\/338","targetHints":{"allow":["GET"]}}],"collection":[{"href":"https:\/\/www.rjtc.lv\/index.php?rest_route=\/wp\/v2\/pages"}],"about":[{"href":"https:\/\/www.rjtc.lv\/index.php?rest_route=\/wp\/v2\/types\/page"}],"author":[{"embeddable":true,"href":"https:\/\/www.rjtc.lv\/index.php?rest_route=\/wp\/v2\/users\/4"}],"replies":[{"embeddable":true,"href":"https:\/\/www.rjtc.lv\/index.php?rest_route=%2Fwp%2Fv2%2Fcomments&post=338"}],"version-history":[{"count":0,"href":"https:\/\/www.rjtc.lv\/index.php?rest_route=\/wp\/v2\/pages\/338\/revisions"}],"up":[{"embeddable":true,"href":"https:\/\/www.rjtc.lv\/index.php?rest_route=\/wp\/v2\/pages\/282"}],"wp:featuredmedia":[{"embeddable":true,"href":"https:\/\/www.rjtc.lv\/index.php?rest_route=\/wp\/v2\/media\/339"}],"wp:attachment":[{"href":"https:\/\/www.rjtc.lv\/index.php?rest_route=%2Fwp%2Fv2%2Fmedia&parent=338"}],"curies":[{"name":"wp","href":"https:\/\/api.w.org\/{rel}","templated":true}]}}