{"id":333,"date":"2013-12-10T11:24:27","date_gmt":"2013-12-10T11:24:27","guid":{"rendered":"http:\/\/www.rjtc.lv\/?page_id=333"},"modified":"2025-01-14T09:23:28","modified_gmt":"2025-01-14T09:23:28","slug":"digitalas-prasmes-macibu-platforma-minecraft-education","status":"publish","type":"page","link":"https:\/\/www.rjtc.lv\/?page_id=333","title":{"rendered":"Digit\u0101l\u0101s prasmes m\u0101c\u012bbu platform\u0101 Minecraft Education"},"content":{"rendered":"<p>Skolot\u0101ja: <strong>Audrjus Dargis<\/strong><\/p>\n<p>Digit\u0101l\u0101s prasmes m\u0101c\u012bbu platform\u0101 Minecraft Education pulci\u0146\u0161 :<\/p>\n<ul>\n<li>att\u012bsta datordom\u0101\u0161anas uztveri un anal\u012bzi;<\/li>\n<li>sekm\u0113 individu\u0101lo digit\u0101lo prasmju un inteli\u0123en\u010du att\u012bst\u012bbu;<\/li>\n<li>nostiprina kolekt\u012bv\u0101s komunic\u0113\u0161anas un sadarb\u012bbas sp\u0113jas tie\u0161saistes r\u012bkos;<\/li>\n<li>pilnveido izgl\u012btojam\u0101 datorprasmes da\u017e\u0101du tehnisku uzdevumu pl\u0101no\u0161an\u0101, risin\u0101\u0161an\u0101, k\u0101 ar\u012b sagatavo\u0161an\u0101;<\/li>\n<li>veicina digit\u0101l\u0101 satura pielieto\u0161anas jaunradi un izv\u0113les br\u012bv\u012bbu;<\/li>\n<li>sniedz iesp\u0113ju apg\u016bt s\u0101kotn\u0113j\u0101s iema\u0146as digit\u0101l\u0101 satura un vides programm\u0113\u0161an\u0101 un piel\u0101go\u0161an\u0101 atbilsto\u0161i da\u017e\u0101diem uzdevuma nosac\u012bjumiem.<\/li>\n<\/ul>\n<p>Uz\u0146em dal\u012bbniekus no <strong>10 &#8211; 25 gadiem<\/strong><\/p>\n<p>Nodarb\u012bbas notiek<strong> Bauskas iel\u0101 88, 410.kabinet\u0101<\/strong><\/p>\n<p>Pieteik\u0161an\u0101s nodarb\u012bb\u0101m &#8211; <strong>rjtc@riga.lv<\/strong><\/p>\n<p>&nbsp;<\/p>\n\n\n<p><\/p>\n","protected":false},"excerpt":{"rendered":"<p>Skolot\u0101ja: Audrjus Dargis Digit\u0101l\u0101s prasmes m\u0101c\u012bbu platform\u0101 Minecraft Education pulci\u0146\u0161 : att\u012bsta datordom\u0101\u0161anas uztveri un anal\u012bzi; sekm\u0113 individu\u0101lo digit\u0101lo prasmju un inteli\u0123en\u010du att\u012bst\u012bbu; nostiprina kolekt\u012bv\u0101s komunic\u0113\u0161anas un sadarb\u012bbas sp\u0113jas tie\u0161saistes r\u012bkos; pilnveido izgl\u012btojam\u0101 datorprasmes da\u017e\u0101du tehnisku uzdevumu pl\u0101no\u0161an\u0101, risin\u0101\u0161an\u0101, k\u0101 ar\u012b sagatavo\u0161an\u0101; veicina digit\u0101l\u0101 satura pielieto\u0161anas jaunradi un izv\u0113les br\u012bv\u012bbu; sniedz iesp\u0113ju apg\u016bt s\u0101kotn\u0113j\u0101s iema\u0146as [&hellip;]<\/p>\n","protected":false},"author":4,"featured_media":0,"parent":282,"menu_order":0,"comment_status":"closed","ping_status":"closed","template":"","meta":{"ngg_post_thumbnail":0,"footnotes":""},"class_list":["post-333","page","type-page","status-publish","hentry"],"_links":{"self":[{"href":"https:\/\/www.rjtc.lv\/index.php?rest_route=\/wp\/v2\/pages\/333","targetHints":{"allow":["GET"]}}],"collection":[{"href":"https:\/\/www.rjtc.lv\/index.php?rest_route=\/wp\/v2\/pages"}],"about":[{"href":"https:\/\/www.rjtc.lv\/index.php?rest_route=\/wp\/v2\/types\/page"}],"author":[{"embeddable":true,"href":"https:\/\/www.rjtc.lv\/index.php?rest_route=\/wp\/v2\/users\/4"}],"replies":[{"embeddable":true,"href":"https:\/\/www.rjtc.lv\/index.php?rest_route=%2Fwp%2Fv2%2Fcomments&post=333"}],"version-history":[{"count":0,"href":"https:\/\/www.rjtc.lv\/index.php?rest_route=\/wp\/v2\/pages\/333\/revisions"}],"up":[{"embeddable":true,"href":"https:\/\/www.rjtc.lv\/index.php?rest_route=\/wp\/v2\/pages\/282"}],"wp:attachment":[{"href":"https:\/\/www.rjtc.lv\/index.php?rest_route=%2Fwp%2Fv2%2Fmedia&parent=333"}],"curies":[{"name":"wp","href":"https:\/\/api.w.org\/{rel}","templated":true}]}}