{"id":330,"date":"2013-12-10T11:22:30","date_gmt":"2013-12-10T11:22:30","guid":{"rendered":"http:\/\/www.rjtc.lv\/?page_id=330"},"modified":"2024-08-13T13:14:34","modified_gmt":"2024-08-13T13:14:34","slug":"puku-modelisms","status":"publish","type":"page","link":"https:\/\/www.rjtc.lv\/?page_id=330","title":{"rendered":"Arduino"},"content":{"rendered":"<p align=\"left\">Skolot\u0101ja: <strong>Krist\u012bne Mi\u010dule<\/strong><\/p>\n<p class=\"x_MsoNormal\">M\u016bsdien\u0101s roboti un robotiz\u0113ti priek\u0161meti k\u013c\u016bst ar vien vair\u0101k par ierastu lietu un vairs nav p\u0101rsteigums, t\u0101p\u0113c kop\u0101 m\u0101c\u012bsimies tos veidot un programm\u0113t.<\/p>\n<p class=\"x_MsoNormal\">Nodarb\u012bb\u0101s veidosim izpratni par algoritmiem un to pielieto\u0161anu, lai pan\u0101ktu sev v\u0113lamo rezult\u0101tu.<\/p>\n<p class=\"x_MsoNormal\">Pulci\u0146a ietvaros m\u0101c\u012bsimies programm\u0113t Arduino mikrokontroliera plati, t\u0101 lai ier\u012bces veic mums nepiecie\u0161am\u0101s darb\u012bbas vai nolasa datus no pievienotiem sensoriem un att\u0113lo tos.<\/p>\n<p class=\"x_MsoNormal\">Ieprogramm\u0113t da\u017e\u0101du veidu luksoforus, ma\u0161\u012bnas sensorus un brauco\u0161as iek\u0101rtas b\u016bs element\u0101ri jau p\u0113c da\u017eiem apm\u0101c\u012bbas m\u0113ne\u0161iem.<\/p>\n<p class=\"x_MsoNormal\">Vajadz\u012bg\u0101s priek\u0161zin\u0101\u0161anas \u2013 pamata prasmes datora lieto\u0161an\u0101 (iesl\u0113gt\/izsl\u0113gt , atv\u0113rt programmas, rakst\u012bt tekstus ), &nbsp;izprast un veikt matem\u0101tisk\u0101s funkcijas &#8211; reizin\u0101\u0161ana\/dal\u012b\u0161ana.<\/p>\n<p>Pulci\u0146\u0101 uz\u0146em dal\u012bbniekus no <strong>10 &#8211; 25 gadiem<\/strong><\/p>\n<p>Nodarb\u012bbas notiek<strong> Bauskas iel\u0101 88, 405. un 408. kabinet\u0101<\/strong><\/p>\n<p>Pieteik\u0161an\u0101s nodarb\u012bb\u0101m &#8211; <strong>kmicule2@edu.riga.lv<\/strong><\/p>\n\n\n<figure class=\"wp-block-image size-large\"><a href=\"https:\/\/www.rjtc.lv\/wp-content\/uploads\/2023\/10\/Arduino.jpg\"><img loading=\"lazy\" decoding=\"async\" width=\"724\" height=\"1024\" src=\"https:\/\/www.rjtc.lv\/wp-content\/uploads\/2023\/10\/Arduino-724x1024.jpg\" alt=\"\" class=\"wp-image-7656\" srcset=\"https:\/\/www.rjtc.lv\/wp-content\/uploads\/2023\/10\/Arduino-724x1024.jpg 724w, https:\/\/www.rjtc.lv\/wp-content\/uploads\/2023\/10\/Arduino-212x300.jpg 212w, https:\/\/www.rjtc.lv\/wp-content\/uploads\/2023\/10\/Arduino-768x1086.jpg 768w, https:\/\/www.rjtc.lv\/wp-content\/uploads\/2023\/10\/Arduino-1086x1536.jpg 1086w, https:\/\/www.rjtc.lv\/wp-content\/uploads\/2023\/10\/Arduino.jpg 1414w\" sizes=\"auto, (max-width: 724px) 100vw, 724px\" \/><\/a><\/figure>\n","protected":false},"excerpt":{"rendered":"<p>Skolot\u0101ja: Krist\u012bne Mi\u010dule M\u016bsdien\u0101s roboti un robotiz\u0113ti priek\u0161meti k\u013c\u016bst ar vien vair\u0101k par ierastu lietu un vairs nav p\u0101rsteigums, t\u0101p\u0113c kop\u0101 m\u0101c\u012bsimies tos veidot un programm\u0113t. Nodarb\u012bb\u0101s veidosim izpratni par algoritmiem un to pielieto\u0161anu, lai pan\u0101ktu sev v\u0113lamo rezult\u0101tu. Pulci\u0146a ietvaros m\u0101c\u012bsimies programm\u0113t Arduino mikrokontroliera plati, t\u0101 lai ier\u012bces veic mums nepiecie\u0161am\u0101s darb\u012bbas vai nolasa [&hellip;]<\/p>\n","protected":false},"author":4,"featured_media":7656,"parent":282,"menu_order":0,"comment_status":"closed","ping_status":"closed","template":"","meta":{"ngg_post_thumbnail":0,"footnotes":""},"class_list":["post-330","page","type-page","status-publish","has-post-thumbnail","hentry"],"_links":{"self":[{"href":"https:\/\/www.rjtc.lv\/index.php?rest_route=\/wp\/v2\/pages\/330","targetHints":{"allow":["GET"]}}],"collection":[{"href":"https:\/\/www.rjtc.lv\/index.php?rest_route=\/wp\/v2\/pages"}],"about":[{"href":"https:\/\/www.rjtc.lv\/index.php?rest_route=\/wp\/v2\/types\/page"}],"author":[{"embeddable":true,"href":"https:\/\/www.rjtc.lv\/index.php?rest_route=\/wp\/v2\/users\/4"}],"replies":[{"embeddable":true,"href":"https:\/\/www.rjtc.lv\/index.php?rest_route=%2Fwp%2Fv2%2Fcomments&post=330"}],"version-history":[{"count":0,"href":"https:\/\/www.rjtc.lv\/index.php?rest_route=\/wp\/v2\/pages\/330\/revisions"}],"up":[{"embeddable":true,"href":"https:\/\/www.rjtc.lv\/index.php?rest_route=\/wp\/v2\/pages\/282"}],"wp:featuredmedia":[{"embeddable":true,"href":"https:\/\/www.rjtc.lv\/index.php?rest_route=\/wp\/v2\/media\/7656"}],"wp:attachment":[{"href":"https:\/\/www.rjtc.lv\/index.php?rest_route=%2Fwp%2Fv2%2Fmedia&parent=330"}],"curies":[{"name":"wp","href":"https:\/\/api.w.org\/{rel}","templated":true}]}}