{"id":32,"date":"2013-09-26T16:16:08","date_gmt":"2013-09-26T16:16:08","guid":{"rendered":"http:\/\/www.rjtc.lv\/?page_id=32"},"modified":"2024-08-13T13:39:38","modified_gmt":"2024-08-13T13:39:38","slug":"kugu-modelisms","status":"publish","type":"page","link":"https:\/\/www.rjtc.lv\/?page_id=32","title":{"rendered":"Ku\u0123u modelisms"},"content":{"rendered":"<div align=\"left\">\n<p>Skolot\u0101js: <strong>Zigurds Millers<\/strong><\/p>\n<p>Ku\u0123u modelisma pulci\u0146\u0101 b\u0113rni un jaunie\u0161i apg\u016bst sp\u0113jas un iema\u0146as patst\u0101v\u012bgi izgatavot un vad\u012bt da\u017e\u0101du mode\u013cu, veidu un izm\u0113ru ku\u0123u, jahtu un \u0101trumlaivu mode\u013cus. Mode\u013ci tiek izgatavoti no da\u017e\u0101diem m\u016bsdien\u012bgiem materi\u0101liem un tiek darbin\u0101ti ar gumijas, iek\u0161dedzes, tvaika un elektriskajiem dzin\u0113jiem, vai stumti uz priek\u0161u ar v\u0113ja sp\u0113ku. Pulci\u0146a audz\u0113k\u0146i piedal\u0101s valsts un viet\u0113j\u0101 m\u0113roga sacens\u012bb\u0101s un pas\u0101kumos.<\/p>\n<p>Uz\u0146em dal\u012bbniekus no <strong>7&nbsp;\u2013 25 gadiem<\/strong><\/p>\n<p>Nodarb\u012bbas notiek<strong> Bauskas iel\u0101 88, 302.kabinet\u0101<\/strong><\/p>\n<p>Pieteik\u0161an\u0101s nodarb\u012bb\u0101m \u2013 <strong>zmillers@edu.riga.lv<\/strong><\/p>\n<\/div>\n<div align=\"left\">&nbsp;<\/div>\n<div align=\"left\"><a href=\"http:\/\/www.rjtc.lv\/wp-content\/uploads\/2013\/09\/kugi.jpg\"><img loading=\"lazy\" decoding=\"async\" class=\"alignnone size-full wp-image-141\" src=\"http:\/\/www.rjtc.lv\/wp-content\/uploads\/2013\/09\/kugi.jpg\" alt=\"kugi\" width=\"743\" height=\"525\"><\/a><\/div>\n","protected":false},"excerpt":{"rendered":"<p>Skolot\u0101js: Zigurds Millers Ku\u0123u modelisma pulci\u0146\u0101 b\u0113rni un jaunie\u0161i apg\u016bst sp\u0113jas un iema\u0146as patst\u0101v\u012bgi izgatavot un vad\u012bt da\u017e\u0101du mode\u013cu, veidu un izm\u0113ru ku\u0123u, jahtu un \u0101trumlaivu mode\u013cus. Mode\u013ci tiek izgatavoti no da\u017e\u0101diem m\u016bsdien\u012bgiem materi\u0101liem un tiek darbin\u0101ti ar gumijas, iek\u0161dedzes, tvaika un elektriskajiem dzin\u0113jiem, vai stumti uz priek\u0161u ar v\u0113ja sp\u0113ku. Pulci\u0146a audz\u0113k\u0146i piedal\u0101s valsts [&hellip;]<\/p>\n","protected":false},"author":4,"featured_media":0,"parent":282,"menu_order":0,"comment_status":"closed","ping_status":"closed","template":"","meta":{"ngg_post_thumbnail":0,"footnotes":""},"class_list":["post-32","page","type-page","status-publish","hentry"],"_links":{"self":[{"href":"https:\/\/www.rjtc.lv\/index.php?rest_route=\/wp\/v2\/pages\/32","targetHints":{"allow":["GET"]}}],"collection":[{"href":"https:\/\/www.rjtc.lv\/index.php?rest_route=\/wp\/v2\/pages"}],"about":[{"href":"https:\/\/www.rjtc.lv\/index.php?rest_route=\/wp\/v2\/types\/page"}],"author":[{"embeddable":true,"href":"https:\/\/www.rjtc.lv\/index.php?rest_route=\/wp\/v2\/users\/4"}],"replies":[{"embeddable":true,"href":"https:\/\/www.rjtc.lv\/index.php?rest_route=%2Fwp%2Fv2%2Fcomments&post=32"}],"version-history":[{"count":0,"href":"https:\/\/www.rjtc.lv\/index.php?rest_route=\/wp\/v2\/pages\/32\/revisions"}],"up":[{"embeddable":true,"href":"https:\/\/www.rjtc.lv\/index.php?rest_route=\/wp\/v2\/pages\/282"}],"wp:attachment":[{"href":"https:\/\/www.rjtc.lv\/index.php?rest_route=%2Fwp%2Fv2%2Fmedia&parent=32"}],"curies":[{"name":"wp","href":"https:\/\/api.w.org\/{rel}","templated":true}]}}