{"id":311,"date":"2013-12-10T10:40:23","date_gmt":"2013-12-10T10:40:23","guid":{"rendered":"http:\/\/www.rjtc.lv\/?page_id=311"},"modified":"2013-12-10T10:41:44","modified_gmt":"2013-12-10T10:41:44","slug":"rjtc-ieksejas-kartibas-noteuikumi","status":"publish","type":"page","link":"https:\/\/www.rjtc.lv\/?page_id=311","title":{"rendered":"RJTC iek\u0161\u0113j\u0101s kart\u012bbas noteikumi"},"content":{"rendered":"<h2>RJTC pulci\u0146u dal\u012bbnieku pien\u0101kumi:<\/h2>\n<ol>\n<li>\u00a0godpr\u0101t\u012bgi pild\u012bt skolot\u0101ja nor\u0101d\u012bjumus,<\/li>\n<li>\u00a0iev\u0113rot t\u012br\u012bbu, k\u0101rt\u012bbu un ugunsdro\u0161\u012bbu,<\/li>\n<li>\u00a0saudz\u012bgi iztur\u0113ties pret jebkuru centra invent\u0101ru, par\u00a0t\u012b\u0161i izdar\u012btiem boj\u0101jumiem zaud\u0113jumus sedz\u00a0izgl\u012btojamais vai vi\u0146a vec\u0101ki,<\/li>\n<li>\u00a0iev\u0113rot person\u012bg\u0101s higi\u0113nas pras\u012bbas,<\/li>\n<li>\u00a0p\u0101rst\u0101v\u0113t RJTC da\u017e\u0101d\u0101s skat\u0113s, sacens\u012bb\u0101s, konkursos,\u00a0izst\u0101d\u0113s u.c.<\/li>\n<li>\u00a0Zi\u0146ot de\u017e\u016br\u0113jo\u0161am administratoram par iero\u010du, narkotisko vielu, tabakas izstr\u0101d\u0101jumu, pirotehnikas iene\u0161anu skol\u0101 un ar\u012b par nepiedero\u0161u personu atra\u0161anos skol\u0101.<\/li>\n<\/ol>\n<h2>Centra teritorij\u0101 aizliegts:<\/h2>\n<ol>\n<li>\u00a0sm\u0113\u0137\u0113t,<\/li>\n<li>\u00a0lietot apreibino\u0161as vielas,<\/li>\n<li>\u00a0veikt darb\u012bbas, kas kait\u0113 citu dal\u012bbnieku vesel\u012bbai,\u00a0dro\u0161\u012bbai, gar\u012bgumam,<\/li>\n<li>\u00a0centra teritorij\u0101 ienest vesel\u012bbu un dz\u012bv\u012bbu\u00a0apdraudo\u0161as vielas un lietas.<\/li>\n<\/ol>\n<h2>RJTC pulci\u0146u dal\u012bbnieku ties\u012bbas:<\/h2>\n<ol>\n<li>\u00a0izmantot centra pied\u0101v\u0101t\u0101s iesp\u0113jas,<\/li>\n<li>\u00a0\u00a0izteikt savas domas un uzskatus,<\/li>\n<li>\u00a0sa\u0146emt pedagogu konsult\u0101cijas.<\/li>\n<\/ol>\n<h2><em>Par iek\u0161\u0113j\u0101s k\u0101rt\u012bbas noteikumu neiev\u0113ro\u0161anu dal\u012bbniekam liegts apmekl\u0113t RJTC.\u00a0<\/em><\/h2>\n<p>&nbsp;<\/p>\n<p><a href=\"http:\/\/www.rjtc.lv\/wp-content\/uploads\/2013\/12\/rjtc_k_rt_bas_noteikumi1.doc\">rjtc_kartibas_noteikumi<\/a><\/p>\n","protected":false},"excerpt":{"rendered":"<p>RJTC pulci\u0146u dal\u012bbnieku pien\u0101kumi: \u00a0godpr\u0101t\u012bgi pild\u012bt skolot\u0101ja nor\u0101d\u012bjumus, \u00a0iev\u0113rot t\u012br\u012bbu, k\u0101rt\u012bbu un ugunsdro\u0161\u012bbu, \u00a0saudz\u012bgi iztur\u0113ties pret jebkuru centra invent\u0101ru, par\u00a0t\u012b\u0161i izdar\u012btiem boj\u0101jumiem zaud\u0113jumus sedz\u00a0izgl\u012btojamais vai vi\u0146a vec\u0101ki, \u00a0iev\u0113rot person\u012bg\u0101s higi\u0113nas pras\u012bbas, \u00a0p\u0101rst\u0101v\u0113t RJTC da\u017e\u0101d\u0101s skat\u0113s, sacens\u012bb\u0101s, konkursos,\u00a0izst\u0101d\u0113s u.c. \u00a0Zi\u0146ot de\u017e\u016br\u0113jo\u0161am administratoram par iero\u010du, narkotisko vielu, tabakas izstr\u0101d\u0101jumu, pirotehnikas iene\u0161anu skol\u0101 un ar\u012b par nepiedero\u0161u personu [&hellip;]<\/p>\n","protected":false},"author":4,"featured_media":0,"parent":293,"menu_order":0,"comment_status":"closed","ping_status":"open","template":"","meta":{"ngg_post_thumbnail":0,"footnotes":""},"class_list":["post-311","page","type-page","status-publish","hentry"],"_links":{"self":[{"href":"https:\/\/www.rjtc.lv\/index.php?rest_route=\/wp\/v2\/pages\/311","targetHints":{"allow":["GET"]}}],"collection":[{"href":"https:\/\/www.rjtc.lv\/index.php?rest_route=\/wp\/v2\/pages"}],"about":[{"href":"https:\/\/www.rjtc.lv\/index.php?rest_route=\/wp\/v2\/types\/page"}],"author":[{"embeddable":true,"href":"https:\/\/www.rjtc.lv\/index.php?rest_route=\/wp\/v2\/users\/4"}],"replies":[{"embeddable":true,"href":"https:\/\/www.rjtc.lv\/index.php?rest_route=%2Fwp%2Fv2%2Fcomments&post=311"}],"version-history":[{"count":0,"href":"https:\/\/www.rjtc.lv\/index.php?rest_route=\/wp\/v2\/pages\/311\/revisions"}],"up":[{"embeddable":true,"href":"https:\/\/www.rjtc.lv\/index.php?rest_route=\/wp\/v2\/pages\/293"}],"wp:attachment":[{"href":"https:\/\/www.rjtc.lv\/index.php?rest_route=%2Fwp%2Fv2%2Fmedia&parent=311"}],"curies":[{"name":"wp","href":"https:\/\/api.w.org\/{rel}","templated":true}]}}