{"id":301,"date":"2013-12-10T10:36:44","date_gmt":"2013-12-10T10:36:44","guid":{"rendered":"http:\/\/www.rjtc.lv\/?page_id=301"},"modified":"2026-01-12T10:03:45","modified_gmt":"2026-01-12T10:03:45","slug":"dalibas-maksa-pulcinos","status":"publish","type":"page","link":"https:\/\/www.rjtc.lv\/?page_id=301","title":{"rendered":"Dal\u012bbas maksa pulci\u0146os"},"content":{"rendered":"<p>&nbsp;<\/p>\n<div class=\"x_elementToProof\"><b>S\u012bk\u0101ku inform\u0101ciju par maks\u0101jumu veik\u0161anu jaut\u0101t, sazinoties ar galveno specialisti finan\u0161u jaut\u0101jumos Margaritu&nbsp;Malc\u0101ni-Bodrovu.<\/b><\/div>\n<div class=\"x_elementToProof\"><b>e-pasts: mmalcane@edu.riga.lv<\/b><\/div>\n<div>&nbsp;<\/div>\n<div class=\"x_elementToProof\">L\u012bdzdal\u012bbas maks\u0101jums j\u0101apmaks\u0101 saska\u0146\u0101 ar nosl\u0113gto l\u012bgumu starp audz\u0113k\u0146a likumisko p\u0101rst\u0101vi un R\u012bgas Jauno tehni\u0137u centru.<\/div>\n<div class=\"x_elementToProof\">L\u012bdzdal\u012bbas maks\u0101jums j\u0101iemaks\u0101 R\u012bgas valstspils\u0113tas pa\u0161vald\u012bba&nbsp;kont\u0101, prec\u012bzi nor\u0101dot izrakst\u012bt\u0101 r\u0113\u0137ina numuru.<\/div>\n<ul>\n<li>\n<div class=\"x_elementToProof\">Ja maks\u0101jum\u0101 nav nor\u0101d\u012bts prec\u012bzs maks\u0101juma m\u0113r\u0137is,&nbsp;maks\u0101jums non\u0101k kop\u0113j\u0101 R\u012bgas valstspils\u0113tas pa\u0161vald\u012bbas&nbsp;bud\u017eet\u0101, bet audz\u0113k\u0146a likumiskajam p\u0101rst\u0101vim maks\u0101jumu uzskaites sist\u0113m\u0101&nbsp;veidojas par\u0101ds&nbsp;(maks\u0101jums nenon\u0101k&nbsp;R\u012bgas Jauno tehni\u0137u centra bud\u017eet\u0101),&nbsp;kas ir pamats l\u012bguma lau\u0161anai ar audz\u0113k\u0146a likumisko p\u0101rst\u0101vi.<\/div>\n<\/li>\n<li>\n<div class=\"x_elementToProof\">Ja audz\u0113k\u0146a likumiskais p\u0101rst\u0101vis l\u012bgum\u0101 noteiktaj\u0101 k\u0101rt\u012bb\u0101 un termi\u0146\u0101 vair\u0101k nek\u0101 tr\u012bs m\u0113ne\u0161us nav veicis m\u0101c\u012bbu maksas maks\u0101jumus, R\u012bgas Jauno tehni\u0137u centram ir ties\u012bbas izbeigt l\u012bgumu un atskait\u012bt audz\u0113kni no iest\u0101des. R\u012bgas valstspils\u0113tas pa\u0161vald\u012bbas kop\u0113j\u0101 maks\u0101jumu uzskait\u0113&nbsp;fiks\u0113tie par\u0101di var b\u016bt par pamatu atteikumam turpm\u0101k sniegt jebkurus pakalpojumus audz\u0113knim un\/vai vi\u0146a likumiskajam p\u0101rst\u0101vim R\u012bgas Jauno tehni\u0137u centr\u0101.&nbsp;<\/div>\n<\/li>\n<\/ul>\n<div>\n<p><span style=\"text-decoration: underline;\"><strong>Maksas pulci\u0146i:<\/strong><\/span><\/p>\n<p>1. Maz\u0101 P\u016bces skola &#8211; 10 eiro m\u0113nes\u012b<\/p>\n<p>2.&nbsp;Taekvondo &#8211; 5 eiro m\u0113nes\u012b<\/p>\n<p>3. We Do robotika &#8211; 5 eiro m\u0113nes\u012b<\/p>\n<p>&nbsp;<\/p>\n<p>&nbsp;<\/p>\n<p>&nbsp;<\/p>\n<\/div>\n","protected":false},"excerpt":{"rendered":"<p>&nbsp; S\u012bk\u0101ku inform\u0101ciju par maks\u0101jumu veik\u0161anu jaut\u0101t, sazinoties ar galveno specialisti finan\u0161u jaut\u0101jumos Margaritu&nbsp;Malc\u0101ni-Bodrovu. e-pasts: mmalcane@edu.riga.lv &nbsp; L\u012bdzdal\u012bbas maks\u0101jums j\u0101apmaks\u0101 saska\u0146\u0101 ar nosl\u0113gto l\u012bgumu starp audz\u0113k\u0146a likumisko p\u0101rst\u0101vi un R\u012bgas Jauno tehni\u0137u centru. L\u012bdzdal\u012bbas maks\u0101jums j\u0101iemaks\u0101 R\u012bgas valstspils\u0113tas pa\u0161vald\u012bba&nbsp;kont\u0101, prec\u012bzi nor\u0101dot izrakst\u012bt\u0101 r\u0113\u0137ina numuru. Ja maks\u0101jum\u0101 nav nor\u0101d\u012bts prec\u012bzs maks\u0101juma m\u0113r\u0137is,&nbsp;maks\u0101jums non\u0101k kop\u0113j\u0101 R\u012bgas valstspils\u0113tas [&hellip;]<\/p>\n","protected":false},"author":4,"featured_media":0,"parent":293,"menu_order":0,"comment_status":"closed","ping_status":"closed","template":"","meta":{"ngg_post_thumbnail":0,"footnotes":""},"class_list":["post-301","page","type-page","status-publish","hentry"],"_links":{"self":[{"href":"https:\/\/www.rjtc.lv\/index.php?rest_route=\/wp\/v2\/pages\/301","targetHints":{"allow":["GET"]}}],"collection":[{"href":"https:\/\/www.rjtc.lv\/index.php?rest_route=\/wp\/v2\/pages"}],"about":[{"href":"https:\/\/www.rjtc.lv\/index.php?rest_route=\/wp\/v2\/types\/page"}],"author":[{"embeddable":true,"href":"https:\/\/www.rjtc.lv\/index.php?rest_route=\/wp\/v2\/users\/4"}],"replies":[{"embeddable":true,"href":"https:\/\/www.rjtc.lv\/index.php?rest_route=%2Fwp%2Fv2%2Fcomments&post=301"}],"version-history":[{"count":0,"href":"https:\/\/www.rjtc.lv\/index.php?rest_route=\/wp\/v2\/pages\/301\/revisions"}],"up":[{"embeddable":true,"href":"https:\/\/www.rjtc.lv\/index.php?rest_route=\/wp\/v2\/pages\/293"}],"wp:attachment":[{"href":"https:\/\/www.rjtc.lv\/index.php?rest_route=%2Fwp%2Fv2%2Fmedia&parent=301"}],"curies":[{"name":"wp","href":"https:\/\/api.w.org\/{rel}","templated":true}]}}