{"id":30,"date":"2013-09-26T16:15:26","date_gmt":"2013-09-26T16:15:26","guid":{"rendered":"http:\/\/www.rjtc.lv\/?page_id=30"},"modified":"2026-03-17T12:50:13","modified_gmt":"2026-03-17T12:50:13","slug":"we-do-robotika","status":"publish","type":"page","link":"https:\/\/www.rjtc.lv\/?page_id=30","title":{"rendered":"WE DO Robotika"},"content":{"rendered":"<p><span style=\"font-size: medium;\">Skolot\u0101ja: <strong>Viktorija Pavlova<\/strong><\/span><\/p>\n<p style=\"text-align: justify;\">LEGO WeDo robotikas nodarb\u012bb\u0101s m\u0113s b\u016bv\u0113jam da\u017e\u0101dus robotus (sac\u012bk\u0161u ma\u0161\u012bnas, spiegus, sumo c\u012bksto\u0146us, karuse\u013cus, zemestr\u012bces, dz\u012bvniekus u.c.) no lego kluc\u012b\u0161iem un veidojam tiem programmas uz datoriem, lai m\u016bsu roboti var braukt, iet, l\u0113kt, griezties un ar\u012b piedal\u012bties sacens\u012bb\u0101s un c\u012b\u0146\u0101s.<\/p>\n<p>Uz\u0146em dal\u012bbniekus no <strong>6 &#8211; 12 gadiem<\/strong><\/p>\n<p>Nodarb\u012bbas notiek<strong> Bauskas iel\u0101 88, 405.kabinet\u0101<\/strong><\/p>\n<p style=\"text-align: justify;\">Maksa <strong>&#8211; 5 eiro m\u0113nes\u012b<\/strong><\/p>\n<p><a href=\"http:\/\/www.rjtc.lv\/?attachment_id=4348\" rel=\"attachment wp-att-4348\"><img loading=\"lazy\" decoding=\"async\" class=\"alignleft size-large wp-image-4348\" src=\"http:\/\/www.rjtc.lv\/wp-content\/uploads\/2019\/10\/20180528_104846-1024x576.jpg\" alt=\"\" width=\"838\" height=\"471\" srcset=\"https:\/\/www.rjtc.lv\/wp-content\/uploads\/2019\/10\/20180528_104846-1024x576.jpg 1024w, https:\/\/www.rjtc.lv\/wp-content\/uploads\/2019\/10\/20180528_104846-300x169.jpg 300w, https:\/\/www.rjtc.lv\/wp-content\/uploads\/2019\/10\/20180528_104846-768x432.jpg 768w\" sizes=\"auto, (max-width: 838px) 100vw, 838px\" \/><\/a> <a href=\"http:\/\/www.rjtc.lv\/?attachment_id=4349\" rel=\"attachment wp-att-4349\"><img loading=\"lazy\" decoding=\"async\" class=\"alignleft size-large wp-image-4349\" src=\"http:\/\/www.rjtc.lv\/wp-content\/uploads\/2019\/10\/20181018_162759-1024x576.jpg\" alt=\"\" width=\"838\" height=\"471\" srcset=\"https:\/\/www.rjtc.lv\/wp-content\/uploads\/2019\/10\/20181018_162759-1024x576.jpg 1024w, https:\/\/www.rjtc.lv\/wp-content\/uploads\/2019\/10\/20181018_162759-300x169.jpg 300w, https:\/\/www.rjtc.lv\/wp-content\/uploads\/2019\/10\/20181018_162759-768x432.jpg 768w\" sizes=\"auto, (max-width: 838px) 100vw, 838px\" \/><\/a><\/p>\n<p>&nbsp;<\/p>\n<p>&nbsp;<\/p>\n","protected":false},"excerpt":{"rendered":"<p>Skolot\u0101ja: Viktorija Pavlova LEGO WeDo robotikas nodarb\u012bb\u0101s m\u0113s b\u016bv\u0113jam da\u017e\u0101dus robotus (sac\u012bk\u0161u ma\u0161\u012bnas, spiegus, sumo c\u012bksto\u0146us, karuse\u013cus, zemestr\u012bces, dz\u012bvniekus u.c.) no lego kluc\u012b\u0161iem un veidojam tiem programmas uz datoriem, lai m\u016bsu roboti var braukt, iet, l\u0113kt, griezties un ar\u012b piedal\u012bties sacens\u012bb\u0101s un c\u012b\u0146\u0101s. Uz\u0146em dal\u012bbniekus no 6 &#8211; 12 gadiem Nodarb\u012bbas notiek Bauskas iel\u0101 88, [&hellip;]<\/p>\n","protected":false},"author":4,"featured_media":4349,"parent":282,"menu_order":0,"comment_status":"closed","ping_status":"closed","template":"","meta":{"ngg_post_thumbnail":0,"footnotes":""},"class_list":["post-30","page","type-page","status-publish","has-post-thumbnail","hentry"],"_links":{"self":[{"href":"https:\/\/www.rjtc.lv\/index.php?rest_route=\/wp\/v2\/pages\/30","targetHints":{"allow":["GET"]}}],"collection":[{"href":"https:\/\/www.rjtc.lv\/index.php?rest_route=\/wp\/v2\/pages"}],"about":[{"href":"https:\/\/www.rjtc.lv\/index.php?rest_route=\/wp\/v2\/types\/page"}],"author":[{"embeddable":true,"href":"https:\/\/www.rjtc.lv\/index.php?rest_route=\/wp\/v2\/users\/4"}],"replies":[{"embeddable":true,"href":"https:\/\/www.rjtc.lv\/index.php?rest_route=%2Fwp%2Fv2%2Fcomments&post=30"}],"version-history":[{"count":1,"href":"https:\/\/www.rjtc.lv\/index.php?rest_route=\/wp\/v2\/pages\/30\/revisions"}],"predecessor-version":[{"id":11762,"href":"https:\/\/www.rjtc.lv\/index.php?rest_route=\/wp\/v2\/pages\/30\/revisions\/11762"}],"up":[{"embeddable":true,"href":"https:\/\/www.rjtc.lv\/index.php?rest_route=\/wp\/v2\/pages\/282"}],"wp:featuredmedia":[{"embeddable":true,"href":"https:\/\/www.rjtc.lv\/index.php?rest_route=\/wp\/v2\/media\/4349"}],"wp:attachment":[{"href":"https:\/\/www.rjtc.lv\/index.php?rest_route=%2Fwp%2Fv2%2Fmedia&parent=30"}],"curies":[{"name":"wp","href":"https:\/\/api.w.org\/{rel}","templated":true}]}}