{"id":285,"date":"2013-12-10T10:07:43","date_gmt":"2013-12-10T10:07:43","guid":{"rendered":"http:\/\/www.rjtc.lv\/?page_id=285"},"modified":"2026-01-29T10:48:58","modified_gmt":"2026-01-29T10:48:58","slug":"kontakti","status":"publish","type":"page","link":"https:\/\/www.rjtc.lv\/?page_id=285","title":{"rendered":"Kontakti"},"content":{"rendered":"<h3 style=\"text-align: left;\" align=\"center\"><strong>R\u012bgas Jauno tehni\u0137u centrs ir R\u012bgas valstspils\u0113tas pa\u0161vald\u012bbas Izgl\u012bt\u012bbas, kult\u016bras un sporta departamenta padot\u012bbas iest\u0101de<\/strong><\/h3>\n<h1 style=\"text-align: left;\" align=\"center\"><strong>R\u012bgas Jauno tehni\u0137u centrs<\/strong><\/h1>\n<p style=\"text-align: left;\" align=\"center\">Bauskas iel\u0101 88, R\u012bga, LV-1004<\/p>\n<p style=\"text-align: left;\" align=\"center\">t\u0101lrunis (vietnieki) 67474599<\/p>\n<p style=\"text-align: left;\" align=\"center\">t\u0101lrunis (metodi\u0137i) 67474602<\/p>\n<p style=\"text-align: left;\" align=\"center\">t\u0101lrunis (sekret\u0101re, lietvede) 67474218<\/p>\n<p style=\"text-align: left;\" align=\"center\">mob. talr. (vietnieki) 29141263<\/p>\n<p style=\"text-align: left;\" align=\"center\">e-pasts: rjtc@riga.lv<\/p>\n<div>\n<p style=\"text-align: left;\" align=\"center\">Pie mums var atbraukt ar 10. tramvaju vai 23. un 26. autobusu.<\/p>\n<p style=\"text-align: left;\" align=\"center\">Pieturas nosaukums St\u0113rstu iela \/CSDD.<\/p>\n<p style=\"text-align: left;\" align=\"center\">60. autobuss&nbsp;(Ziepniekkalns-\u0136engarags) &#8211; pieturas nosaukums \u0136ekavas iela.<\/p>\n<p style=\"text-align: left;\" align=\"center\">&nbsp;<a href=\"http:\/\/www.rjtc.lv\/wp-content\/uploads\/2013\/12\/karte.jpg\"><img loading=\"lazy\" decoding=\"async\" class=\"alignnone size-medium wp-image-570\" src=\"http:\/\/www.rjtc.lv\/wp-content\/uploads\/2013\/12\/karte-300x300.jpg\" alt=\"karte\" width=\"300\" height=\"300\" srcset=\"https:\/\/www.rjtc.lv\/wp-content\/uploads\/2013\/12\/karte-300x300.jpg 300w, https:\/\/www.rjtc.lv\/wp-content\/uploads\/2013\/12\/karte-150x150.jpg 150w, https:\/\/www.rjtc.lv\/wp-content\/uploads\/2013\/12\/karte-160x160.jpg 160w, https:\/\/www.rjtc.lv\/wp-content\/uploads\/2013\/12\/karte-240x240.jpg 240w, https:\/\/www.rjtc.lv\/wp-content\/uploads\/2013\/12\/karte-60x60.jpg 60w, https:\/\/www.rjtc.lv\/wp-content\/uploads\/2013\/12\/karte-184x184.jpg 184w, https:\/\/www.rjtc.lv\/wp-content\/uploads\/2013\/12\/karte.jpg 480w\" sizes=\"auto, (max-width: 300px) 100vw, 300px\" \/><\/a><\/p>\n<h1 style=\"text-align: left;\" align=\"center\"><strong>Strukt\u016brvien\u012bba &#8220;R\u012bgas Dabaszin\u012bbu skola&#8221;&nbsp;<\/strong><\/h1>\n<p>Ernest\u012bnes iela 8 A, R\u012bga, LV-1083<\/p>\n<p>t\u0101lrunis (administr\u0101cija) 67474601<\/p>\n<\/div>\n<div>\n<p>t\u0101lrunis (de\u017eurants): 26586814<\/p>\n<p>Pie mums var atbraukt ar 1., 5. un 14.tramvaju (pietura &#8211; Nomet\u0146u iela)<\/p>\n<p>4., 21. un 38. autobusu (pietura &#8211; Vi\u013ca Pl\u016bdo\u0146a iela)<\/p>\n<p><a href=\"http:\/\/www.rjtc.lv\/?attachment_id=4106\" rel=\"attachment wp-att-4106\"><img loading=\"lazy\" decoding=\"async\" class=\"alignleft size-full wp-image-4106\" src=\"http:\/\/www.rjtc.lv\/wp-content\/uploads\/2019\/09\/dabasZ.png\" alt=\"\" width=\"497\" height=\"333\" srcset=\"https:\/\/www.rjtc.lv\/wp-content\/uploads\/2019\/09\/dabasZ.png 497w, https:\/\/www.rjtc.lv\/wp-content\/uploads\/2019\/09\/dabasZ-300x201.png 300w, https:\/\/www.rjtc.lv\/wp-content\/uploads\/2019\/09\/dabasZ-321x214.png 321w, https:\/\/www.rjtc.lv\/wp-content\/uploads\/2019\/09\/dabasZ-140x94.png 140w\" sizes=\"auto, (max-width: 497px) 100vw, 497px\" \/><\/a><\/p>\n<\/div>\n","protected":false},"excerpt":{"rendered":"<p>R\u012bgas Jauno tehni\u0137u centrs ir R\u012bgas valstspils\u0113tas pa\u0161vald\u012bbas Izgl\u012bt\u012bbas, kult\u016bras un sporta departamenta padot\u012bbas iest\u0101de R\u012bgas Jauno tehni\u0137u centrs Bauskas iel\u0101 88, R\u012bga, LV-1004 t\u0101lrunis (vietnieki) 67474599 t\u0101lrunis (metodi\u0137i) 67474602 t\u0101lrunis (sekret\u0101re, lietvede) 67474218 mob. talr. (vietnieki) 29141263 e-pasts: rjtc@riga.lv Pie mums var atbraukt ar 10. tramvaju vai 23. un 26. autobusu. Pieturas nosaukums St\u0113rstu [&hellip;]<\/p>\n","protected":false},"author":4,"featured_media":0,"parent":0,"menu_order":8,"comment_status":"closed","ping_status":"closed","template":"","meta":{"ngg_post_thumbnail":0,"footnotes":""},"class_list":["post-285","page","type-page","status-publish","hentry"],"_links":{"self":[{"href":"https:\/\/www.rjtc.lv\/index.php?rest_route=\/wp\/v2\/pages\/285","targetHints":{"allow":["GET"]}}],"collection":[{"href":"https:\/\/www.rjtc.lv\/index.php?rest_route=\/wp\/v2\/pages"}],"about":[{"href":"https:\/\/www.rjtc.lv\/index.php?rest_route=\/wp\/v2\/types\/page"}],"author":[{"embeddable":true,"href":"https:\/\/www.rjtc.lv\/index.php?rest_route=\/wp\/v2\/users\/4"}],"replies":[{"embeddable":true,"href":"https:\/\/www.rjtc.lv\/index.php?rest_route=%2Fwp%2Fv2%2Fcomments&post=285"}],"version-history":[{"count":0,"href":"https:\/\/www.rjtc.lv\/index.php?rest_route=\/wp\/v2\/pages\/285\/revisions"}],"wp:attachment":[{"href":"https:\/\/www.rjtc.lv\/index.php?rest_route=%2Fwp%2Fv2%2Fmedia&parent=285"}],"curies":[{"name":"wp","href":"https:\/\/api.w.org\/{rel}","templated":true}]}}