{"id":282,"date":"2013-12-10T09:58:17","date_gmt":"2013-12-10T09:58:17","guid":{"rendered":"http:\/\/www.rjtc.lv\/?page_id=282"},"modified":"2025-09-05T11:35:09","modified_gmt":"2025-09-05T11:35:09","slug":"tehniskie-pulcini","status":"publish","type":"page","link":"https:\/\/www.rjtc.lv\/?page_id=282","title":{"rendered":"STEM"},"content":{"rendered":"<p>STEM &#8211; zin\u0101tne, tehnolo\u0123ija, in\u017eenierija, matem\u0101tika<\/p>\n<ul>\n<li><a title=\"Trases automodelisms\" href=\"http:\/\/www.rjtc.lv\/?page_id=349\" target=\"_blank\" rel=\"noopener noreferrer\">Trases automodelisms<\/a><\/li>\n<li><a href=\"https:\/\/www.rjtc.lv\/?page_id=7800\">Radio vad\u0101mo auto modelisms<\/a><\/li>\n<li><a href=\"https:\/\/www.rjtc.lv\/?page_id=10606\">Koka inerces auto modelisms<\/a><\/li>\n<li><a title=\"Kartings\" href=\"http:\/\/www.rjtc.lv\/?page_id=20\" target=\"_blank\" rel=\"noopener noreferrer\">Mikro automobi\u013cu un kartingu konstru\u0113\u0161ana<\/a><\/li>\n<li><a title=\"Tehnisk\u0101 model\u0113\u0161ana\" href=\"http:\/\/www.rjtc.lv\/?page_id=345\" target=\"_blank\" rel=\"noopener noreferrer\">Tehnisk\u0101 model\u0113\u0161ana un konstru\u0113\u0161ana<\/a><\/li>\n<li><a href=\"https:\/\/www.rjtc.lv\/?page_id=37\">Lidmodelisms (radio vad\u0101mo lidma\u0161\u012bnu un planieru modelisms)<\/a><\/li>\n<li><a href=\"https:\/\/www.rjtc.lv\/?page_id=39\">Lidmodelisms (br\u012bvlidojo\u0161ie)<\/a><\/li>\n<li><a title=\"Ra\u0137e\u0161u modelisms\" href=\"http:\/\/www.rjtc.lv\/?page_id=338\" target=\"_blank\" rel=\"noopener noreferrer\">Ra\u0137e\u0161u modelisms<\/a><\/li>\n<li><a title=\"Robotika\" href=\"http:\/\/www.rjtc.lv\/?page_id=342\" target=\"_blank\" rel=\"noopener noreferrer\">Robotika<\/a><\/li>\n<li><a title=\"Minik\u0101ri\" href=\"http:\/\/www.rjtc.lv\/?page_id=45\" target=\"_blank\" rel=\"noopener noreferrer\">Minik\u0101ru konstru\u0113\u0161ana<\/a><\/li>\n<li><a title=\"LEGO\" href=\"http:\/\/www.rjtc.lv\/?page_id=34\" target=\"_blank\" rel=\"noopener noreferrer\">LEGO konstru\u0113\u0161ana<\/a><\/li>\n<li><a href=\"https:\/\/www.rjtc.lv\/?page_id=32\">Radio vad\u0101mo ku\u0123u un jahtu modelisms<\/a><\/li>\n<li><a href=\"https:\/\/www.rjtc.lv\/?page_id=330\">Arduino<\/a><\/li>\n<li><a href=\"http:\/\/www.rjtc.lv\/?page_id=47\">Moto<\/a><\/li>\n<li><a href=\"https:\/\/www.rjtc.lv\/?page_id=41\">Droni<\/a><\/li>\n<li><a href=\"https:\/\/www.rjtc.lv\/?page_id=30\">WeDO Robotika<\/a><\/li>\n<li><a href=\"https:\/\/www.rjtc.lv\/?page_id=7679\">In\u017eenierzin\u012bbu, konstru\u0113\u0161anas, projekt\u0113\u0161anas darbn\u012bca<\/a><\/li>\n<li><a href=\"https:\/\/www.rjtc.lv\/?page_id=333\">Digit\u0101l\u0101s prasmes m\u0101c\u012bbu platform\u0101 Minecraft Education<\/a><\/li>\n<li><a href=\"https:\/\/www.rjtc.lv\/?page_id=7672\">Lieti\u0161\u0137\u0101 datorika &#8211; S\u0101c programm\u0113t<\/a><\/li>\n<li><a href=\"https:\/\/www.rjtc.lv\/?page_id=6979\">Stikla studija<\/a><\/li>\n<li><a href=\"https:\/\/www.rjtc.lv\/?page_id=181\">Konstru\u0113\u0161anas dizaina darbn\u012bca &#8211; rota\u013clietas<\/a><\/li>\n<li><a href=\"https:\/\/www.rjtc.lv\/?page_id=191\">Pap\u012bra plastikas dizains<\/a><\/li>\n<li><a href=\"https:\/\/www.rjtc.lv\/?page_id=7810\">Mazo in\u017eenieru skola<\/a><\/li>\n<li><a href=\"https:\/\/www.rjtc.lv\/?page_id=9124\">Prototip\u0113\u0161ana<\/a><\/li>\n<li><a href=\"https:\/\/www.rjtc.lv\/?page_id=9381\">Maz\u0101 matem\u0101tikas universit\u0101te<\/a><\/li>\n<li><a href=\"https:\/\/www.rjtc.lv\/?page_id=9389\">Anim\u0101cija<\/a><\/li>\n<li><a href=\"https:\/\/www.rjtc.lv\/?page_id=10619\">N\u0100KOTNES PILS\u0112TA (Maker&#8217;s Red Box)<\/a><\/li>\n<li><a href=\"https:\/\/www.rjtc.lv\/?page_id=9957\">Roblox un citas lietas<\/a><\/li>\n<li><a href=\"https:\/\/www.rjtc.lv\/?page_id=10613\">Sp\u0113\u013cu grafiskais dizains (Blender)<\/a><\/li>\n<li><a href=\"https:\/\/www.rjtc.lv\/?page_id=9400\">STEM pasaules izzin\u0101t\u0101ji<\/a><\/li>\n<li><a href=\"https:\/\/www.rjtc.lv\/?page_id=9400\">Mazie arhitekti<\/a><\/li>\n<\/ul>\n","protected":false},"excerpt":{"rendered":"<p>STEM &#8211; zin\u0101tne, tehnolo\u0123ija, in\u017eenierija, matem\u0101tika Trases automodelisms Radio vad\u0101mo auto modelisms Koka inerces auto modelisms Mikro automobi\u013cu un kartingu konstru\u0113\u0161ana Tehnisk\u0101 model\u0113\u0161ana un konstru\u0113\u0161ana Lidmodelisms (radio vad\u0101mo lidma\u0161\u012bnu un planieru modelisms) Lidmodelisms (br\u012bvlidojo\u0161ie) Ra\u0137e\u0161u modelisms Robotika Minik\u0101ru konstru\u0113\u0161ana LEGO konstru\u0113\u0161ana Radio vad\u0101mo ku\u0123u un jahtu modelisms Arduino Moto Droni WeDO Robotika In\u017eenierzin\u012bbu, konstru\u0113\u0161anas, projekt\u0113\u0161anas [&hellip;]<\/p>\n","protected":false},"author":4,"featured_media":0,"parent":0,"menu_order":0,"comment_status":"closed","ping_status":"closed","template":"","meta":{"ngg_post_thumbnail":0,"footnotes":""},"class_list":["post-282","page","type-page","status-publish","hentry"],"_links":{"self":[{"href":"https:\/\/www.rjtc.lv\/index.php?rest_route=\/wp\/v2\/pages\/282","targetHints":{"allow":["GET"]}}],"collection":[{"href":"https:\/\/www.rjtc.lv\/index.php?rest_route=\/wp\/v2\/pages"}],"about":[{"href":"https:\/\/www.rjtc.lv\/index.php?rest_route=\/wp\/v2\/types\/page"}],"author":[{"embeddable":true,"href":"https:\/\/www.rjtc.lv\/index.php?rest_route=\/wp\/v2\/users\/4"}],"replies":[{"embeddable":true,"href":"https:\/\/www.rjtc.lv\/index.php?rest_route=%2Fwp%2Fv2%2Fcomments&post=282"}],"version-history":[{"count":0,"href":"https:\/\/www.rjtc.lv\/index.php?rest_route=\/wp\/v2\/pages\/282\/revisions"}],"wp:attachment":[{"href":"https:\/\/www.rjtc.lv\/index.php?rest_route=%2Fwp%2Fv2%2Fmedia&parent=282"}],"curies":[{"name":"wp","href":"https:\/\/api.w.org\/{rel}","templated":true}]}}