{"id":2727,"date":"2016-03-18T14:03:08","date_gmt":"2016-03-18T14:03:08","guid":{"rendered":"http:\/\/www.rjtc.lv\/?page_id=2727"},"modified":"2026-01-20T15:11:19","modified_gmt":"2026-01-20T15:11:19","slug":"dokumenti","status":"publish","type":"page","link":"https:\/\/www.rjtc.lv\/?page_id=2727","title":{"rendered":"Dokumenti"},"content":{"rendered":"<p>&nbsp;<\/p>\n<p><a href=\"https:\/\/www.rjtc.lv\/wp-content\/uploads\/2025\/08\/Iesnieguma_veidlapa_2025_2026.pdf\">Iesnieguma veidlapa 2025.\/2026.<\/a><\/p>\n<p><a href=\"https:\/\/www.rjtc.lv\/wp-content\/uploads\/2025\/08\/Ligums_2025_2026.pdf\">L\u012bgums 2025.\/2026.<\/a><\/p>\n<p><a href=\"https:\/\/www.rjtc.lv\/wp-content\/uploads\/2024\/09\/RD_nolikums.pdf\">RJTC nolikums<\/a><\/p>\n<p><a href=\"https:\/\/www.rjtc.lv\/wp-content\/uploads\/2025\/09\/Lidzfinansejuma_samaksas_kartibu_Rigas_Jauno_tehniku_centra.pdf\">Nolikums par l\u012bdzfinans\u0113juma samaksas k\u0101rt\u012bbu RJTC<\/a><\/p>\n<p><a href=\"https:\/\/www.rjtc.lv\/wp-content\/uploads\/2025\/09\/RD_lemums_2025.pdf\">R\u012bgas Domes l\u0113mums par l\u012bdzfinans\u0113jumu<\/a><\/p>\n<p><a href=\"https:\/\/www.rjtc.lv\/wp-content\/uploads\/2025\/09\/Pielikums_RD_lemumam.pdf\">RD l\u012bdzfinans\u0113juma l\u0113muma pielikums<\/a><\/p>\n<p><a href=\"https:\/\/www.rjtc.lv\/wp-content\/uploads\/2025\/09\/Nolikums_atbrivosana_no_lidzfinansejuma.pdf\">RJTC krit\u0113riju nolikums audz\u0113k\u0146u atbr\u012bvo\u0161anai no l\u012bdzmaks\u0101jumiem<\/a><\/p>\n<p><a href=\"https:\/\/www.rjtc.lv\/wp-content\/uploads\/2024\/09\/SV_IEKSEJIE_NOTEIKUMI-personu-datu-apstradi.pdf\">K\u0101rt\u012bba par personas datu apstr\u0101di R\u012bgas Jauno tehni\u0137u centr\u0101<\/a><\/p>\n<p><a href=\"https:\/\/www.rjtc.lv\/wp-content\/uploads\/2026\/01\/Rigas-Jauno-tehniku-centra-ieksejas-kartibas-noteikumi-saisinatie.pdf\">R\u012bgas Jauno tehni\u0137u centra iek\u0161\u0113j\u0101s k\u0101rt\u012bbas noteikumi (sa\u012bsin\u0101tie)<\/a><\/p>\n<p><a href=\"https:\/\/www.rjtc.lv\/wp-content\/uploads\/2026\/01\/Rigas_Jauno_tehniku_centra_ieksejas_kartibas_noteikumi_audzekniem.pdf\">R\u012bgas Jauno tehni\u0137u centra iek\u0161\u0113j\u0101s k\u0101rt\u012bbas noteikumi audz\u0113k\u0146iem<\/a><\/p>\n<p><a href=\"https:\/\/www.rjtc.lv\/wp-content\/uploads\/2026\/01\/Kartiba-kada-RJTC-uzturas-audzeknu-vecaki-un-citas-personas.pdf\">K\u0101rt\u012bba, k\u0101d\u0101&nbsp;RJTC uzturas audz\u0113k\u0146u vec\u0101ki un viesi<\/a><\/p>\n<p><a href=\"https:\/\/www.rjtc.lv\/wp-content\/uploads\/2026\/01\/Drosibas_noteikumi_par_citiem_Centra_darbibai_butiskiem_jautajumiem.pdf\">Dro\u0161\u012bbas noteikumi par citiem Centra darb\u012bbai b\u016btiskiem jaut\u0101jumiem<\/a><\/p>\n<p><a href=\"https:\/\/www.rjtc.lv\/wp-content\/uploads\/2026\/01\/Higienas-un-darba-higienas-noteikumi-Rigas-Jauno-tehniku-centra.pdf\">Higi\u0113nas un darba higi\u0113nas noteikumi R\u012bgas Jauno tehni\u0137u centr\u0101<\/a><\/p>\n<p><a href=\"https:\/\/www.rjtc.lv\/wp-content\/uploads\/2025\/09\/BJCJTC-25-3-nts_Komunikacijas-oorganizesana.pdf\">Komunik\u0101cijas, inform\u0101cijas aprites un atgriezenisk\u0101s saites organiz\u0113\u0161ana<\/a><\/p>\n<p><a href=\"https:\/\/www.rjtc.lv\/wp-content\/uploads\/2025\/09\/BJCJTC-25-3-nts_Komunikacijas-oorganizesana_pielikums.pdf\">R\u012bgas Jauno tehni\u0137u centra komunik\u0101cijas r\u012bc\u012bbas sh\u0113ma 2025. gadam<\/a><\/p>\n<p><a href=\"https:\/\/www.rjtc.lv\/wp-content\/uploads\/2025\/12\/RJTC_PASNOVERTEJUMA_ZINOJUMS-2024.-2025.mg_.pdf\">RJTC pa\u0161nov\u0113rt\u0113juma zi\u0146ojums 2024.\/2025.m.g.<\/a><\/p>\n<p>&nbsp;<\/p>\n<p>&nbsp;<\/p>\n","protected":false},"excerpt":{"rendered":"<p>&nbsp; Iesnieguma veidlapa 2025.\/2026. L\u012bgums 2025.\/2026. RJTC nolikums Nolikums par l\u012bdzfinans\u0113juma samaksas k\u0101rt\u012bbu RJTC R\u012bgas Domes l\u0113mums par l\u012bdzfinans\u0113jumu RD l\u012bdzfinans\u0113juma l\u0113muma pielikums RJTC krit\u0113riju nolikums audz\u0113k\u0146u atbr\u012bvo\u0161anai no l\u012bdzmaks\u0101jumiem K\u0101rt\u012bba par personas datu apstr\u0101di R\u012bgas Jauno tehni\u0137u centr\u0101 R\u012bgas Jauno tehni\u0137u centra iek\u0161\u0113j\u0101s k\u0101rt\u012bbas noteikumi (sa\u012bsin\u0101tie) R\u012bgas Jauno tehni\u0137u centra iek\u0161\u0113j\u0101s k\u0101rt\u012bbas noteikumi audz\u0113k\u0146iem [&hellip;]<\/p>\n","protected":false},"author":4,"featured_media":0,"parent":0,"menu_order":0,"comment_status":"closed","ping_status":"closed","template":"","meta":{"ngg_post_thumbnail":0,"footnotes":""},"class_list":["post-2727","page","type-page","status-publish","hentry"],"_links":{"self":[{"href":"https:\/\/www.rjtc.lv\/index.php?rest_route=\/wp\/v2\/pages\/2727","targetHints":{"allow":["GET"]}}],"collection":[{"href":"https:\/\/www.rjtc.lv\/index.php?rest_route=\/wp\/v2\/pages"}],"about":[{"href":"https:\/\/www.rjtc.lv\/index.php?rest_route=\/wp\/v2\/types\/page"}],"author":[{"embeddable":true,"href":"https:\/\/www.rjtc.lv\/index.php?rest_route=\/wp\/v2\/users\/4"}],"replies":[{"embeddable":true,"href":"https:\/\/www.rjtc.lv\/index.php?rest_route=%2Fwp%2Fv2%2Fcomments&post=2727"}],"version-history":[{"count":0,"href":"https:\/\/www.rjtc.lv\/index.php?rest_route=\/wp\/v2\/pages\/2727\/revisions"}],"wp:attachment":[{"href":"https:\/\/www.rjtc.lv\/index.php?rest_route=%2Fwp%2Fv2%2Fmedia&parent=2727"}],"curies":[{"name":"wp","href":"https:\/\/api.w.org\/{rel}","templated":true}]}}