{"id":271,"date":"2013-12-09T17:45:59","date_gmt":"2013-12-09T17:45:59","guid":{"rendered":"http:\/\/www.rjtc.lv\/?page_id=271"},"modified":"2025-09-05T12:14:14","modified_gmt":"2025-09-05T12:14:14","slug":"atbalsta-personals","status":"publish","type":"page","link":"https:\/\/www.rjtc.lv\/?page_id=271","title":{"rendered":"Atbalsta person\u0101ls"},"content":{"rendered":"<blockquote>\n<div align=\"left\">\n<div><strong style=\"font-family: verdana, geneva; font-size: medium; color: #23282d; white-space: pre-wrap;\">Medic\u012bnas m\u0101sa <\/strong><\/div>\n<\/div>\n<\/blockquote>\n<blockquote>\n<pre><span style=\"font-family: verdana, geneva; font-size: medium;\">Pie\u0146em\u0161anas laiks: <\/span><\/pre>\n<p><span style=\"font-family: verdana, geneva; font-size: medium;\">P. 15.00- 19.00<\/span><\/p>\n<p><span style=\"font-family: verdana, geneva; font-size: medium;\">O. 14.00-19.00<\/span><\/p>\n<p><span style=\"font-family: verdana, geneva; font-size: medium;\">T. 14.00- 19.00<\/span><\/p>\n<p><span style=\"font-family: verdana, geneva; font-size: medium;\">C. 15.00- 19.00<\/span><\/p><\/blockquote>\n","protected":false},"excerpt":{"rendered":"<p>Medic\u012bnas m\u0101sa Pie\u0146em\u0161anas laiks: P. 15.00- 19.00 O. 14.00-19.00 T. 14.00- 19.00 C. 15.00- 19.00<\/p>\n","protected":false},"author":4,"featured_media":0,"parent":265,"menu_order":0,"comment_status":"closed","ping_status":"closed","template":"","meta":{"ngg_post_thumbnail":0,"footnotes":""},"class_list":["post-271","page","type-page","status-publish","hentry"],"_links":{"self":[{"href":"https:\/\/www.rjtc.lv\/index.php?rest_route=\/wp\/v2\/pages\/271","targetHints":{"allow":["GET"]}}],"collection":[{"href":"https:\/\/www.rjtc.lv\/index.php?rest_route=\/wp\/v2\/pages"}],"about":[{"href":"https:\/\/www.rjtc.lv\/index.php?rest_route=\/wp\/v2\/types\/page"}],"author":[{"embeddable":true,"href":"https:\/\/www.rjtc.lv\/index.php?rest_route=\/wp\/v2\/users\/4"}],"replies":[{"embeddable":true,"href":"https:\/\/www.rjtc.lv\/index.php?rest_route=%2Fwp%2Fv2%2Fcomments&post=271"}],"version-history":[{"count":0,"href":"https:\/\/www.rjtc.lv\/index.php?rest_route=\/wp\/v2\/pages\/271\/revisions"}],"up":[{"embeddable":true,"href":"https:\/\/www.rjtc.lv\/index.php?rest_route=\/wp\/v2\/pages\/265"}],"wp:attachment":[{"href":"https:\/\/www.rjtc.lv\/index.php?rest_route=%2Fwp%2Fv2%2Fmedia&parent=271"}],"curies":[{"name":"wp","href":"https:\/\/api.w.org\/{rel}","templated":true}]}}