{"id":265,"date":"2013-12-09T17:43:26","date_gmt":"2013-12-09T17:43:26","guid":{"rendered":"http:\/\/www.rjtc.lv\/?page_id=265"},"modified":"2013-12-10T10:13:38","modified_gmt":"2013-12-10T10:13:38","slug":"par-mums","status":"publish","type":"page","link":"https:\/\/www.rjtc.lv\/?page_id=265","title":{"rendered":"Par mums"},"content":{"rendered":"<p><a href=\"http:\/\/www.rjtc.lv\/wp-content\/uploads\/2013\/09\/rjtc_logo1.jpg\"><img loading=\"lazy\" decoding=\"async\" class=\"alignnone size-large wp-image-61\" alt=\"rjtc_logo\" src=\"http:\/\/www.rjtc.lv\/wp-content\/uploads\/2013\/09\/rjtc_logo1-1024x724.jpg\" width=\"838\" height=\"592\" srcset=\"https:\/\/www.rjtc.lv\/wp-content\/uploads\/2013\/09\/rjtc_logo1-1024x724.jpg 1024w, https:\/\/www.rjtc.lv\/wp-content\/uploads\/2013\/09\/rjtc_logo1-300x212.jpg 300w\" sizes=\"auto, (max-width: 838px) 100vw, 838px\" \/><\/a><\/p>\n<p>R\u012bgas Jauno tehni\u0137u centrs dibin\u0101ts 1951.gada 1.janv\u0101r\u012b, s\u0101kotn\u0113ji k\u0101 R\u012bgas Jauno tehni\u0137u stacija.<br \/>\n2011.gada 1.janv\u0101r\u012b iest\u0101de svin 60 gadu jubileju.<br \/>\n1951. gad\u0101 RJTC darb\u012bbu s\u0101ka ar 4 pulci\u0146iem, tagad darbojas 33 pulci\u0146i, kurus vada 27 profesion\u0101li, rado\u0161i, sirsn\u012bgi un bilingv\u0101li str\u0101d\u0101jo\u0161i pedagogi.<\/p>\n<p>R\u012bgas Jauno tehni\u0137u centra m\u0113r\u0137is ir iesaist\u012bt b\u0113rnus, skol\u0113nus un jaunie\u0161us tehnisk\u0101s jaunrades, sporta, dejas, m\u016bzikas un vizu\u0101li lieti\u0161\u0137\u0101s m\u0101kslas intere\u0161u pulci\u0146os, pal\u012bdz\u0113t b\u0113rniem, skol\u0113niem un jaunie\u0161iem lietder\u012bgi izmantot savu br\u012bvo laiku, veicin\u0101t rado\u0161as darba pieredzes veido\u0161anu, profesion\u0101l\u0101s orient\u0101cijas jaut\u0101jumu risin\u0101\u0161anu.<\/p>\n<p>Galvenais uzdevums ir atbilsto\u0161i katra audz\u0113k\u0146a vecumam un vajadz\u012bb\u0101m nodro\u0161in\u0101t iesp\u0113jas att\u012bst\u012bt savu gar\u012bgo un fizisko potenci\u0101lu, lai veidotu patst\u0101v\u012bgu un vispus\u012bgu person\u012bbu, nostiprin\u0101tu b\u0113rnu, skol\u0113nu un jaunie\u0161u pozit\u012bvu attieksmi pret pamatv\u0113rt\u012bb\u0101m, ar\u012b pret sevi, iem\u0101c\u012btu vi\u0146iem integr\u0113ties m\u016bsdienu daudzsl\u0101\u0146ainaj\u0101 sabiedr\u012bb\u0101.<\/p>\n<p>Intere\u0161u izgl\u012bt\u012bbas darbs sekm\u0113 b\u0113rnu, skol\u0113nu un jaunie\u0161u prasmju un da\u017e\u0101du talantu att\u012bst\u012bbu un samazina sabiedr\u012bbas degrad\u0101cijas virz\u012bbu &#8211; skol\u0113nu un jaunie\u0161u alkoholismu, narkom\u0101niju, hulig\u0101nismu.<\/p>\n<p>Skolot\u0101ju rado\u0161ais kolekt\u012bvs neaprobe\u017eojas tikai ar darbu pulci\u0146\u0101. Tiek atbalst\u012bti talant\u012bg\u0101kie audz\u0113k\u0146i dal\u012bbai pils\u0113tas, valsts un starptautiskajos pas\u0101kumos: sacens\u012bb\u0101s, konkursos, izst\u0101d\u0113s.<br \/>\nSkol\u0113nu br\u012bvdien\u0101s tiek r\u012bkotas rado\u0161\u0101s un atp\u016btas nometnes.<br \/>\nKatram pulci\u0146am ir sava darba specifika un ikviens skolot\u0101js cen\u0161as str\u0101d\u0101t p\u0113c iesp\u0113jas rado\u0161\u0101k, kvalitat\u012bv\u0101k un profesion\u0101li.<\/p>\n","protected":false},"excerpt":{"rendered":"<p>R\u012bgas Jauno tehni\u0137u centrs dibin\u0101ts 1951.gada 1.janv\u0101r\u012b, s\u0101kotn\u0113ji k\u0101 R\u012bgas Jauno tehni\u0137u stacija. 2011.gada 1.janv\u0101r\u012b iest\u0101de svin 60 gadu jubileju. 1951. gad\u0101 RJTC darb\u012bbu s\u0101ka ar 4 pulci\u0146iem, tagad darbojas 33 pulci\u0146i, kurus vada 27 profesion\u0101li, rado\u0161i, sirsn\u012bgi un bilingv\u0101li str\u0101d\u0101jo\u0161i pedagogi. R\u012bgas Jauno tehni\u0137u centra m\u0113r\u0137is ir iesaist\u012bt b\u0113rnus, skol\u0113nus un jaunie\u0161us tehnisk\u0101s jaunrades, [&hellip;]<\/p>\n","protected":false},"author":4,"featured_media":0,"parent":0,"menu_order":4,"comment_status":"closed","ping_status":"open","template":"","meta":{"ngg_post_thumbnail":0,"footnotes":""},"class_list":["post-265","page","type-page","status-publish","hentry"],"_links":{"self":[{"href":"https:\/\/www.rjtc.lv\/index.php?rest_route=\/wp\/v2\/pages\/265","targetHints":{"allow":["GET"]}}],"collection":[{"href":"https:\/\/www.rjtc.lv\/index.php?rest_route=\/wp\/v2\/pages"}],"about":[{"href":"https:\/\/www.rjtc.lv\/index.php?rest_route=\/wp\/v2\/types\/page"}],"author":[{"embeddable":true,"href":"https:\/\/www.rjtc.lv\/index.php?rest_route=\/wp\/v2\/users\/4"}],"replies":[{"embeddable":true,"href":"https:\/\/www.rjtc.lv\/index.php?rest_route=%2Fwp%2Fv2%2Fcomments&post=265"}],"version-history":[{"count":0,"href":"https:\/\/www.rjtc.lv\/index.php?rest_route=\/wp\/v2\/pages\/265\/revisions"}],"wp:attachment":[{"href":"https:\/\/www.rjtc.lv\/index.php?rest_route=%2Fwp%2Fv2%2Fmedia&parent=265"}],"curies":[{"name":"wp","href":"https:\/\/api.w.org\/{rel}","templated":true}]}}